{"id":42181,"date":"2025-06-04T10:35:09","date_gmt":"2025-06-04T08:35:09","guid":{"rendered":"https:\/\/arena-ticket.com\/?p=42181&#038;post_type=product&#038;preview_id=42181"},"modified":"2025-09-18T13:37:04","modified_gmt":"2025-09-18T11:37:04","slug":"10-jahre-kitsch-und-krempel-die-jubilaeumsausgabe-leipzig-kupfersaal-18-10-2025-2000-uhr","status":"publish","type":"product","link":"https:\/\/arena-ticket.com\/en\/product\/10-jahre-kitsch-und-krempel-die-jubilaeumsausgabe-leipzig-kupfersaal-18-10-2025-2000-uhr\/","title":{"rendered":"10 Jahre Kitsch und Krempel  - Die Jubil\u00e4umsausgabe"},"content":{"rendered":"<p>Das Original von und mit Brian V\u00f6lkner und G\u00e4sten feiert 10 Jahre Jubil\u00e4um im Kupfersaal. Entstanden vor einiger Zeit am Schauspiel Leipzig pr\u00e4sentieren Brian V\u00f6lkner und seine Band in einem improvisierten Abend Chansons, Theatermusiken und ausgew\u00e4hlte Schlager, von Georg Kreisler bis Roland Kaiser, von bekannten Pop-Hits bis zu skurrilen Entdeckungen.<\/p>\n<p>Auf der B\u00fchne begegnen sich K\u00fcnstler:innen, die normalerweise so nie gemeinsam auf der B\u00fchne stehen w\u00fcrden und gestalten einen gemeinsamen \u00fcberraschenden Abend.<\/p>\n<p>G\u00e4ste:<\/p>\n<p>tba<\/p>\n<p>sowie Sven Sebastian Hubel<\/p>\n<p>und der Leipziger Kneipenchor (TheaterPack)<\/p>\n<p>und als Band:<\/p>\n<p>Thekla Kr\u00f6mer (Posaune)<\/p>\n<p>Tabea Papritz (Violine),<\/p>\n<p>Heribert Weitz (Gitarre),<\/p>\n<p>Rolf Arnold (Bass),<\/p>\n<p>Mike Schneider (Drums)<\/p>\n<p>Pressestimmen:<br \/>\n\"Kitsch und Krempel\" verbindet musikalisches Niveau mit der Ausgelassenheit einer Abi-Fete. Die Spielfreude auf der B\u00fchne ist echt und schwappt in den Saal.\" (LVZ, Dimo Rie\u00df, 29.03.2022)<\/p>\n<p>\"Brian V\u00f6lkner sitzt am Fl\u00fcgel und hebt mit seiner gro\u00dfartigen Band [...] ab in die \"Nachtvorstellung der Verr\u00fcckten\". [...] Ein extrem unterhaltsamer Kessel Buntes.\" (LVZ, J\u00fcrgen Kleindienst, 08.05.23)<\/p>\n<p>\"Zum Niederknien.\" (LVZ, Janina Fleischer, 16.12.2024)<\/p>\n","protected":false},"excerpt":{"rendered":"<p>Don&#039;t miss it!<\/p>","protected":false},"featured_media":49315,"template":"","meta":{"_acf_changed":false,"inline_featured_image":false},"product_brand":[],"product_cat":[6725,31,95,922,430,86,35,6772,21,58],"product_tag":[5743,954,5744,941,942,951,968,943,944,958,947,948],"class_list":{"0":"post-42181","1":"product","2":"type-product","3":"status-publish","4":"has-post-thumbnail","6":"product_cat-comedy","7":"product_cat-events","8":"product_cat-humor","9":"product_cat-kultur","10":"product_cat-kupfersaal","11":"product_cat-leipzig","12":"product_cat-orte","13":"product_cat-sonstiges_kultur","14":"product_cat-ticket","15":"product_cat-veranstaltung","16":"product_tag-10-jahre-kitsch-und-krempel","17":"product_tag-comedy","18":"product_tag-die-jubilaeumsausgabe","19":"product_tag-events","20":"product_tag-konzert","21":"product_tag-kultur","22":"product_tag-kupfersaal","23":"product_tag-leipzig","24":"product_tag-orte","25":"product_tag-show","26":"product_tag-ticket","27":"product_tag-veranstaltung","28":"product_shipping_class-nur_paketversand","29":"pa_discount-ermaessigt","30":"pa_discount-normalpreis","31":"pa_preiskategorie-freie-platzwahl","33":"first","34":"instock","35":"taxable","36":"shipping-taxable","37":"purchasable","38":"product-type-variable"},"group_of_quantity":0,"min_quantity":0,"max_quantity":"","exclude_order_quantity_value_rules":"no","exclude_category_quantity_rules":"no","combine_variations":"no","acf":[],"_links":{"self":[{"href":"https:\/\/arena-ticket.com\/en\/wp-json\/wp\/v2\/product\/42181","targetHints":{"allow":["GET"]}}],"collection":[{"href":"https:\/\/arena-ticket.com\/en\/wp-json\/wp\/v2\/product"}],"about":[{"href":"https:\/\/arena-ticket.com\/en\/wp-json\/wp\/v2\/types\/product"}],"wp:featuredmedia":[{"embeddable":true,"href":"https:\/\/arena-ticket.com\/en\/wp-json\/wp\/v2\/media\/49315"}],"wp:attachment":[{"href":"https:\/\/arena-ticket.com\/en\/wp-json\/wp\/v2\/media?parent=42181"}],"wp:term":[{"taxonomy":"product_brand","embeddable":true,"href":"https:\/\/arena-ticket.com\/en\/wp-json\/wp\/v2\/product_brand?post=42181"},{"taxonomy":"product_cat","embeddable":true,"href":"https:\/\/arena-ticket.com\/en\/wp-json\/wp\/v2\/product_cat?post=42181"},{"taxonomy":"product_tag","embeddable":true,"href":"https:\/\/arena-ticket.com\/en\/wp-json\/wp\/v2\/product_tag?post=42181"}],"curies":[{"name":"wp","href":"https:\/\/api.w.org\/{rel}","templated":true}]}}