{"id":42190,"date":"2025-06-04T10:54:10","date_gmt":"2025-06-04T08:54:10","guid":{"rendered":"https:\/\/arena-ticket.com\/?p=42190&#038;post_type=product&#038;preview_id=42190"},"modified":"2025-06-04T11:19:19","modified_gmt":"2025-06-04T09:19:19","slug":"faisal-kawusi-reinkanaktion-leipzig-kupfersaal-05-09-2025-2000-uhr","status":"publish","type":"product","link":"https:\/\/arena-ticket.com\/en\/product\/faisal-kawusi-reinkanaktion-leipzig-kupfersaal-05-09-2025-2000-uhr\/","title":{"rendered":"Faisal Kawusi  - Reinkanaktion"},"content":{"rendered":"<p>Er wurde verbrannt, ist auferstanden und kehrt st\u00e4rker zur\u00fcck denn je:<br \/>\nComedy-Ph\u00e4nomen Faisal Kawusi geht auf Live Tour \u2013 und nichts wird mehr so sein wie zuvor. Seine \u201eReinkanaktion\u201c verspricht nicht nur Lacher, sondern eine Revolution der deutschen Stand-up-Szene. Erleben Sie G\u00e4nsehautmomente, wenn Faisal seine pers\u00f6nlichsten Geschichten teilt und wie Ihnen gleichzeitig vor Lachen die Tr\u00e4nen kommen.<\/p>\n<p>Die Phoenix-Story der deutschen Comedy.<br \/>\nVon ganz unten auf die gr\u00f6\u00dften B\u00fchnen Deutschlands \u2013 Faisals Weg ist eine Achterbahnfahrt der Emotionen, die Sie live miterleben werden. Nach H\u00f6henfl\u00fcgen und Tiefschl\u00e4gen ist Faisal zur\u00fcck \u2013 st\u00e4rker, weiser und mit einem Humor, der unter die Haut geht. Sein Weg ist der eines Phoenix, der aus der Asche auferstanden ist.<\/p>\n<p>Was sie erwartet, sind authentische Geschichten aus dem Leben eines exzentrischen Deutschen mit afghanischem Migrationshintergrund. Faisal teilt seine pers\u00f6nlichen Erfahrungen und Gedanken - ehrlich, ungesch\u00f6nt und mit einer gro\u00dfen Portion Selbstironie. Erleben Sie, wie Faisal seine afghanischen Wurzeln mit seinem Leben in Deutschland verbindet und dabei die kulturellen Unterschiede humorvoll beleuchtet.<\/p>","protected":false},"excerpt":{"rendered":"<p>Erleben Sie, wie Faisal seine afghanischen Wurzeln mit seinem Leben in Deutschland verbindet und dabei die kulturellen Unterschiede humorvoll beleuchtet.<\/p>","protected":false},"featured_media":42195,"template":"","meta":{"_acf_changed":false,"inline_featured_image":false},"product_brand":[],"product_cat":[6725,31,95,69,430,86,35,6749,21,58],"product_tag":[954,941,5746,942,951,968,943,944,5747,958,947,948],"class_list":{"0":"post-42190","1":"product","2":"type-product","3":"status-publish","4":"has-post-thumbnail","6":"product_cat-comedy","7":"product_cat-events","8":"product_cat-humor","9":"product_cat-konzert","10":"product_cat-kupfersaal","11":"product_cat-leipzig","12":"product_cat-orte","13":"product_cat-sonstiges_konzert","14":"product_cat-ticket","15":"product_cat-veranstaltung","16":"product_tag-comedy","17":"product_tag-events","18":"product_tag-faisal-kawusi","19":"product_tag-konzert","20":"product_tag-kultur","21":"product_tag-kupfersaal","22":"product_tag-leipzig","23":"product_tag-orte","24":"product_tag-reinkanaktion","25":"product_tag-show","26":"product_tag-ticket","27":"product_tag-veranstaltung","28":"product_shipping_class-nur_paketversand","29":"pa_discount-ermaessigt","30":"pa_discount-normalpreis","31":"pa_preiskategorie-freie-platzwahl","33":"first","34":"instock","35":"taxable","36":"shipping-taxable","37":"purchasable","38":"product-type-variable"},"group_of_quantity":0,"min_quantity":0,"max_quantity":"","exclude_order_quantity_value_rules":"no","exclude_category_quantity_rules":"no","combine_variations":"no","acf":[],"_links":{"self":[{"href":"https:\/\/arena-ticket.com\/en\/wp-json\/wp\/v2\/product\/42190","targetHints":{"allow":["GET"]}}],"collection":[{"href":"https:\/\/arena-ticket.com\/en\/wp-json\/wp\/v2\/product"}],"about":[{"href":"https:\/\/arena-ticket.com\/en\/wp-json\/wp\/v2\/types\/product"}],"wp:featuredmedia":[{"embeddable":true,"href":"https:\/\/arena-ticket.com\/en\/wp-json\/wp\/v2\/media\/42195"}],"wp:attachment":[{"href":"https:\/\/arena-ticket.com\/en\/wp-json\/wp\/v2\/media?parent=42190"}],"wp:term":[{"taxonomy":"product_brand","embeddable":true,"href":"https:\/\/arena-ticket.com\/en\/wp-json\/wp\/v2\/product_brand?post=42190"},{"taxonomy":"product_cat","embeddable":true,"href":"https:\/\/arena-ticket.com\/en\/wp-json\/wp\/v2\/product_cat?post=42190"},{"taxonomy":"product_tag","embeddable":true,"href":"https:\/\/arena-ticket.com\/en\/wp-json\/wp\/v2\/product_tag?post=42190"}],"curies":[{"name":"wp","href":"https:\/\/api.w.org\/{rel}","templated":true}]}}