{"id":42196,"date":"2025-06-04T11:01:00","date_gmt":"2025-06-04T09:01:00","guid":{"rendered":"https:\/\/arena-ticket.com\/?p=42196&#038;post_type=product&#038;preview_id=42196"},"modified":"2026-01-13T15:15:37","modified_gmt":"2026-01-13T14:15:37","slug":"vokalrausch-choir-edition-leipzig-kupfersaal-21-09-2025-2000-uhr","status":"publish","type":"product","link":"https:\/\/arena-ticket.com\/en\/product\/vokalrausch-choir-edition-leipzig-kupfersaal-21-09-2025-2000-uhr\/","title":{"rendered":"Vokalrausch - Choir Edition"},"content":{"rendered":"<p>Leipzig ist wieder im Vokalrausch! Bereits zum 6. Mal veranstaltet Chorleiter und A Cappella Urgestein Daniel Barke sein euphorisierendes Festival der modernen Vokalkunst. W\u00e4hrend bislang stets A Cappella Bands im Fokus standen, ist die sechste Auflage der Festivalnacht diesmal ausschlie\u00dflich Ch\u00f6ren gewidmet und bewegt sich inhaltlich traditionell zwischen Jazz, Pop und Contemporary Music.<\/p>\n<p>LYPE Der erst zu Jahresbeginn neu gegr\u00fcndete Contemporary Choir LYPE vereint als innovative Fusion aus LEIPZIG und HYPE erfahrene S\u00e4ngerInnen zwischen 20 und 50 Jahren und widmet sich komplexer zeitgen\u00f6ssischer Pop Musik, teilweise auch aus der Feder von Chorleiter Daniel Barke.<\/p>\n<p>WESTKLANG Der bereits 2016 von Karin Grabein gegr\u00fcndete Pop-Chor Westklang liegt bereits l\u00e4nger in den k\u00fcnstlerisch kreativen H\u00e4nden von Chorleiterin Diana Labrenz (und vertretungsweise auch immer wieder in denen von Beatboxer Elmar K\u00fchn). .<\/p>\n<p>CHORNFELD Nicht mehr wegzudenken aus der Leipziger Chorszene ist l\u00e4ngst der Jazzchor Chornfeld unter Leitung von Virginie Ongyerth.<\/p>\n<p>YOUNG VOICES BRANDENBURG Zwar sind sie als Auswahlensemble des Landes Brandenburg eine Best-Of-Besetzung der talentiertesten Jugendstimmen des Landes Brandenburg, jedoch zelebrieren sie auf der B\u00fchne vor allem eines: Geschlossenheit und Freundschaft.<\/p>\n<p>&nbsp;<\/p>","protected":false},"excerpt":{"rendered":"<p>Don&#039;t miss it!<\/p>","protected":false},"featured_media":63280,"template":"","meta":{"_acf_changed":false,"inline_featured_image":false},"product_brand":[],"product_cat":[31,69,430,86,35,6749,21,58],"product_tag":[5749,954,941,5643,942,951,968,943,944,958,6779,947,948,5748],"class_list":{"0":"post-42196","1":"product","2":"type-product","3":"status-publish","4":"has-post-thumbnail","6":"product_cat-events","7":"product_cat-konzert","8":"product_cat-kupfersaal","9":"product_cat-leipzig","10":"product_cat-orte","11":"product_cat-sonstiges_konzert","12":"product_cat-ticket","13":"product_cat-veranstaltung","14":"product_tag-choir-edition","15":"product_tag-comedy","16":"product_tag-events","17":"product_tag-festival","18":"product_tag-konzert","19":"product_tag-kultur","20":"product_tag-kupfersaal","21":"product_tag-leipzig","22":"product_tag-orte","23":"product_tag-show","24":"product_tag-sonstiges","25":"product_tag-ticket","26":"product_tag-veranstaltung","27":"product_tag-vokalrausch","28":"product_shipping_class-nur_paketversand","29":"pa_discount-ermaessigt","30":"pa_discount-normalpreis","31":"pa_preiskategorie-freie-platzwahl","33":"first","34":"instock","35":"taxable","36":"shipping-taxable","37":"purchasable","38":"product-type-variable"},"group_of_quantity":0,"min_quantity":0,"max_quantity":"","exclude_order_quantity_value_rules":"no","exclude_category_quantity_rules":"no","combine_variations":"no","acf":[],"_links":{"self":[{"href":"https:\/\/arena-ticket.com\/en\/wp-json\/wp\/v2\/product\/42196","targetHints":{"allow":["GET"]}}],"collection":[{"href":"https:\/\/arena-ticket.com\/en\/wp-json\/wp\/v2\/product"}],"about":[{"href":"https:\/\/arena-ticket.com\/en\/wp-json\/wp\/v2\/types\/product"}],"wp:featuredmedia":[{"embeddable":true,"href":"https:\/\/arena-ticket.com\/en\/wp-json\/wp\/v2\/media\/63280"}],"wp:attachment":[{"href":"https:\/\/arena-ticket.com\/en\/wp-json\/wp\/v2\/media?parent=42196"}],"wp:term":[{"taxonomy":"product_brand","embeddable":true,"href":"https:\/\/arena-ticket.com\/en\/wp-json\/wp\/v2\/product_brand?post=42196"},{"taxonomy":"product_cat","embeddable":true,"href":"https:\/\/arena-ticket.com\/en\/wp-json\/wp\/v2\/product_cat?post=42196"},{"taxonomy":"product_tag","embeddable":true,"href":"https:\/\/arena-ticket.com\/en\/wp-json\/wp\/v2\/product_tag?post=42196"}],"curies":[{"name":"wp","href":"https:\/\/api.w.org\/{rel}","templated":true}]}}