{"id":42200,"date":"2025-06-04T11:05:10","date_gmt":"2025-06-04T09:05:10","guid":{"rendered":"https:\/\/arena-ticket.com\/?p=42200&#038;post_type=product&#038;preview_id=42200"},"modified":"2025-06-06T18:35:56","modified_gmt":"2025-06-06T16:35:56","slug":"filmnaechte-leipzig-september-5-kinotag-montag-2000-uhr-einlass-leipzig-scheibenholz-sommerkino-21-07-2025-21-30-uhr","status":"publish","type":"product","link":"https:\/\/arena-ticket.com\/en\/product\/filmnaechte-leipzig-september-5-kinotag-montag-2000-uhr-einlass-leipzig-scheibenholz-sommerkino-21-07-2025-21-30-uhr\/","title":{"rendered":"September 5 - Scheibenholz Sommerkino"},"content":{"rendered":"<p>M\u00fcnchen, 5. September 1972, zehnter Wettkampftag der Olympischen Sommerspiele. Erstmals seit 1936 wieder in Deutschland, sollten es die \u201eheiteren Spiele\u201c werden und der Welt das Bild eines neuen, liberalen Deutschlands vermitteln. Doch um 4.40 Uhr h\u00f6rt die Fr\u00fchschicht des amerikanischen Senders ABC Sch\u00fcsse aus dem nahe gelegenen Olympischen Dorf. Eine Gruppe pal\u00e4stinensischer Terroristen hat elf Mitglieder der israelischen Mannschaft als Geiseln genommen. Gegen den Widerstand der eigenen Nachrichtenabteilung berichtet das ABC-Sports-Team Live \u00fcber die 21-st\u00fcndige Geiselnahme.<\/p>\n<p>Erz\u00e4hlt wird die Geschichte von Geoff (John Magaro), einem jungen, ehrgeizigen Producer, der sich bei seinem Chef, dem legend\u00e4ren Roone Arledge (Peter Sarsgaard), beweisen will. Mit Hilfe der deutschen Dolmetscherin Marianne (Leonie Benesch) \u00fcbernimmt Geoff unerwartet die Leitung der Live-Sendung. W\u00e4hrend die Zeit dr\u00e4ngt, widerspr\u00fcchliche Ger\u00fcchte die Runde machen und das Leben der Geiseln auf dem Spiel steht, muss Geoff schwierige Entscheidungen treffen und sich mit seinem eigenen moralischen Kompass auseinandersetzen. Wie soll man \u00fcber eine solche Situation berichten, wenn die T\u00e4ter die mediale Aufmerksamkeit f\u00fcr ihre Zwecke nutzen?<\/p>\n<p>In den Hauptrollen spielen Peter Sarsgaard (MEMORY, \u201eAus Mangel an Beweisen\u201c), John Magaro (THE BIG SHORT, PAST LIVES), Ben Chaplin (MORD NACH PLAN, \u201eThe Nevers\u201c) sowie Leonie Benesch (DAS LEHRERZIMMER, \u201eBabylon Berlin\u201c).In weiteren Rollen zu sehen sind unter anderem die Darsteller*innen Zinedine Soualem, Georgina Rich, Corey Johnson, Marcus Rutherford, Daniel Adeosun sowie Benjamin Walker.<\/p>","protected":false},"excerpt":{"rendered":"<p>September 5 - FSK 12  | 21:30 Uhr Beginn | 20:00 Uhr Einlass         <\/p>","protected":false},"featured_media":42206,"template":"","meta":{"_acf_changed":false,"inline_featured_image":false},"product_brand":[],"product_cat":[31,400,406,6768,922,86,35,21,58],"product_tag":[941,3236,3347,951,943,944,3235,5750,947,948],"class_list":{"0":"post-42200","1":"product","2":"type-product","3":"status-publish","4":"has-post-thumbnail","6":"product_cat-events","7":"product_cat-filmnaechte-scheibenholz","8":"product_cat-galopprennbahn-scheibenholz","9":"product_cat-kino","10":"product_cat-kultur","11":"product_cat-leipzig","12":"product_cat-orte","13":"product_cat-ticket","14":"product_cat-veranstaltung","15":"product_tag-events","16":"product_tag-filmnaechte-scheibenholz","17":"product_tag-galopprennbahn-scheibenholz","18":"product_tag-kultur","19":"product_tag-leipzig","20":"product_tag-orte","21":"product_tag-scheibenholz-sommerkino","22":"product_tag-september-5","23":"product_tag-ticket","24":"product_tag-veranstaltung","25":"product_shipping_class-nur_paketversand","26":"pa_discount-kind","27":"pa_discount-normalpreis","28":"pa_preiskategorie-freie-platzwahl","30":"first","31":"instock","32":"taxable","33":"shipping-taxable","34":"purchasable","35":"product-type-variable","36":"has-default-attributes"},"group_of_quantity":0,"min_quantity":0,"max_quantity":"","exclude_order_quantity_value_rules":"no","exclude_category_quantity_rules":"no","combine_variations":"no","acf":[],"_links":{"self":[{"href":"https:\/\/arena-ticket.com\/en\/wp-json\/wp\/v2\/product\/42200","targetHints":{"allow":["GET"]}}],"collection":[{"href":"https:\/\/arena-ticket.com\/en\/wp-json\/wp\/v2\/product"}],"about":[{"href":"https:\/\/arena-ticket.com\/en\/wp-json\/wp\/v2\/types\/product"}],"wp:featuredmedia":[{"embeddable":true,"href":"https:\/\/arena-ticket.com\/en\/wp-json\/wp\/v2\/media\/42206"}],"wp:attachment":[{"href":"https:\/\/arena-ticket.com\/en\/wp-json\/wp\/v2\/media?parent=42200"}],"wp:term":[{"taxonomy":"product_brand","embeddable":true,"href":"https:\/\/arena-ticket.com\/en\/wp-json\/wp\/v2\/product_brand?post=42200"},{"taxonomy":"product_cat","embeddable":true,"href":"https:\/\/arena-ticket.com\/en\/wp-json\/wp\/v2\/product_cat?post=42200"},{"taxonomy":"product_tag","embeddable":true,"href":"https:\/\/arena-ticket.com\/en\/wp-json\/wp\/v2\/product_tag?post=42200"}],"curies":[{"name":"wp","href":"https:\/\/api.w.org\/{rel}","templated":true}]}}