{"id":42203,"date":"2025-06-04T11:08:27","date_gmt":"2025-06-04T09:08:27","guid":{"rendered":"https:\/\/arena-ticket.com\/?p=42203&#038;post_type=product&#038;preview_id=42203"},"modified":"2025-06-04T11:14:49","modified_gmt":"2025-06-04T09:14:49","slug":"quadro-nuevo-happy-deluxe-leipzig-kupfersaal-26-09-2025-2000-uhr","status":"publish","type":"product","link":"https:\/\/arena-ticket.com\/en\/product\/quadro-nuevo-happy-deluxe-leipzig-kupfersaal-26-09-2025-2000-uhr\/","title":{"rendered":"Quadro Nuevo  - Happy Deluxe"},"content":{"rendered":"<p>Die Jugendfreunde Mulo Francel und Didi Lowka gr\u00fcndeten 1996 das Ensemble Quadro Nuevo. Unz\u00e4hlige Orte von Helsinki bis Hong Kong, vom Kaukasus bis in die New Yorker Carnegie Hall haben die abenteuerlustigen K\u00fcnstler seither bereist.<br \/>\nDurch ihre verwegene Musizierweise holten sie sich zweimal den ECHO, eine Goldene Schallplatte, den Preis der Deutschen Schallplattenkritik und mehrere Jazz Awards.<\/p>\n<p>Mit dem extravagant-spielwitzigen Akkordeonisten Andreas Hinterseher und dem durch verschwenderischen Ideenreichtum gl\u00e4nzenden Pianisten Chris Gall leben sie ihre Musik im Hier und Jetzt. Dies erinnert an vier Burschen, die fr\u00f6hlich musizierend \u00fcber die s\u00fcdlichen Stadtpl\u00e4tze und Jahrm\u00e4rkte zogen. So geschehen in den Anf\u00e4ngen von Quadro Nuevo.<\/p>\n<p>Sp\u00e4ter verbrachte man Zeiten in Buenos Aires und Rio de Janeiro, probte tagelang in der flirrenden Mittagshitze, schw\u00e4rmte abends aus, st\u00fcrzte sich kopf\u00fcber in die Szene, begleitete T\u00e4nzer, berauschte sich an schwerem Wein, Caipirinha und frischer Brazilian Music direkt von der Quelle.<\/p>\n<p>Heraus kam das neue Album HAPPY Deluxe.<\/p>","protected":false},"excerpt":{"rendered":"<p>Don&#039;t miss it!<\/p>","protected":false},"featured_media":42207,"template":"","meta":{"_acf_changed":false,"inline_featured_image":false},"product_brand":[],"product_cat":[6725,31,95,6740,69,430,86,35,21,58],"product_tag":[941,5752,942,951,968,943,944,5751,958,947,948],"class_list":{"0":"post-42203","1":"product","2":"type-product","3":"status-publish","4":"has-post-thumbnail","6":"product_cat-comedy","7":"product_cat-events","8":"product_cat-humor","9":"product_cat-jazz-blues","10":"product_cat-konzert","11":"product_cat-kupfersaal","12":"product_cat-leipzig","13":"product_cat-orte","14":"product_cat-ticket","15":"product_cat-veranstaltung","16":"product_tag-events","17":"product_tag-happy-deluxe","18":"product_tag-konzert","19":"product_tag-kultur","20":"product_tag-kupfersaal","21":"product_tag-leipzig","22":"product_tag-orte","23":"product_tag-quadro-nuevo","24":"product_tag-show","25":"product_tag-ticket","26":"product_tag-veranstaltung","27":"product_shipping_class-nur_paketversand","28":"pa_discount-ermaessigt","29":"pa_discount-normalpreis","30":"pa_preiskategorie-freie-platzwahl","32":"first","33":"instock","34":"taxable","35":"shipping-taxable","36":"purchasable","37":"product-type-variable"},"group_of_quantity":0,"min_quantity":0,"max_quantity":"","exclude_order_quantity_value_rules":"no","exclude_category_quantity_rules":"no","combine_variations":"no","acf":[],"_links":{"self":[{"href":"https:\/\/arena-ticket.com\/en\/wp-json\/wp\/v2\/product\/42203","targetHints":{"allow":["GET"]}}],"collection":[{"href":"https:\/\/arena-ticket.com\/en\/wp-json\/wp\/v2\/product"}],"about":[{"href":"https:\/\/arena-ticket.com\/en\/wp-json\/wp\/v2\/types\/product"}],"wp:featuredmedia":[{"embeddable":true,"href":"https:\/\/arena-ticket.com\/en\/wp-json\/wp\/v2\/media\/42207"}],"wp:attachment":[{"href":"https:\/\/arena-ticket.com\/en\/wp-json\/wp\/v2\/media?parent=42203"}],"wp:term":[{"taxonomy":"product_brand","embeddable":true,"href":"https:\/\/arena-ticket.com\/en\/wp-json\/wp\/v2\/product_brand?post=42203"},{"taxonomy":"product_cat","embeddable":true,"href":"https:\/\/arena-ticket.com\/en\/wp-json\/wp\/v2\/product_cat?post=42203"},{"taxonomy":"product_tag","embeddable":true,"href":"https:\/\/arena-ticket.com\/en\/wp-json\/wp\/v2\/product_tag?post=42203"}],"curies":[{"name":"wp","href":"https:\/\/api.w.org\/{rel}","templated":true}]}}