{"id":42208,"date":"2025-06-04T11:18:06","date_gmt":"2025-06-04T09:18:06","guid":{"rendered":"https:\/\/arena-ticket.com\/?p=42208&#038;post_type=product&#038;preview_id=42208"},"modified":"2025-11-05T14:06:37","modified_gmt":"2025-11-05T13:06:37","slug":"jazzrausch-bigband-bangers-only-leipzig-kupfersaal-07-11-2025-2000-uhr","status":"publish","type":"product","link":"https:\/\/arena-ticket.com\/en\/product\/jazzrausch-bigband-bangers-only-leipzig-kupfersaal-07-11-2025-2000-uhr\/","title":{"rendered":"Jazzrausch Big Band - Bangers Only!"},"content":{"rendered":"<p>With an average of 80 concerts a year, the Jazzrausch Bigband is one of the most successful big bands in the world. At its concerts in Europe, America, Asia and Africa, it brings jazz fans and dance enthusiasts together with &quot;powerful sound, groove and enormous stage presence&quot; (FAZ) like no other comparable ensemble currently - groove with brains, electronic music with blowers, jazz in a frenzy.<br \/>\nJazzrausch ist heute mehr denn je die Schublade f\u00fcr das, was sonst in keine Schublade passt. Und alle, die Musiker wie das Publikum, haben Spa\u00df am lustvollen Einrei\u00dfen von Grenzen. Die Musik der Jazzrausch Bigband, so scheint es, erf\u00fcllt in diesem Zusammenhang mehrerlei Hinsicht Sehns\u00fcchte: Die der Clubg\u00e4nger nach mehr Echtem, Handgemachtem, Frischem und Originellem. Und die der Jazz- und Klassik-H\u00f6rer nach mehr Wumms, Entertainment, nach gro\u00dfem Sound und fettem Groove.<\/p>","protected":false},"excerpt":{"rendered":"<p>Don&#039;t miss it!<\/p>","protected":false},"featured_media":52933,"template":"","meta":{"_acf_changed":false,"inline_featured_image":false},"product_brand":[],"product_cat":[31,6740,69,430,86,35,21,58],"product_tag":[3626,941,3625,942,951,968,943,944,958,947,948],"class_list":{"0":"post-42208","1":"product","2":"type-product","3":"status-publish","4":"has-post-thumbnail","6":"product_cat-events","7":"product_cat-jazz-blues","8":"product_cat-konzert","9":"product_cat-kupfersaal","10":"product_cat-leipzig","11":"product_cat-orte","12":"product_cat-ticket","13":"product_cat-veranstaltung","14":"product_tag-bangers-only","15":"product_tag-events","16":"product_tag-jazzrausch-bigband","17":"product_tag-konzert","18":"product_tag-kultur","19":"product_tag-kupfersaal","20":"product_tag-leipzig","21":"product_tag-orte","22":"product_tag-show","23":"product_tag-ticket","24":"product_tag-veranstaltung","25":"product_shipping_class-nur_paketversand","26":"pa_discount-ermaessigt","27":"pa_discount-normalpreis","28":"pa_preiskategorie-freie-platzwahl","30":"first","31":"outofstock","32":"taxable","33":"shipping-taxable","34":"purchasable","35":"product-type-variable"},"group_of_quantity":0,"min_quantity":0,"max_quantity":"","exclude_order_quantity_value_rules":"no","exclude_category_quantity_rules":"no","combine_variations":"no","acf":[],"_links":{"self":[{"href":"https:\/\/arena-ticket.com\/en\/wp-json\/wp\/v2\/product\/42208","targetHints":{"allow":["GET"]}}],"collection":[{"href":"https:\/\/arena-ticket.com\/en\/wp-json\/wp\/v2\/product"}],"about":[{"href":"https:\/\/arena-ticket.com\/en\/wp-json\/wp\/v2\/types\/product"}],"wp:featuredmedia":[{"embeddable":true,"href":"https:\/\/arena-ticket.com\/en\/wp-json\/wp\/v2\/media\/52933"}],"wp:attachment":[{"href":"https:\/\/arena-ticket.com\/en\/wp-json\/wp\/v2\/media?parent=42208"}],"wp:term":[{"taxonomy":"product_brand","embeddable":true,"href":"https:\/\/arena-ticket.com\/en\/wp-json\/wp\/v2\/product_brand?post=42208"},{"taxonomy":"product_cat","embeddable":true,"href":"https:\/\/arena-ticket.com\/en\/wp-json\/wp\/v2\/product_cat?post=42208"},{"taxonomy":"product_tag","embeddable":true,"href":"https:\/\/arena-ticket.com\/en\/wp-json\/wp\/v2\/product_tag?post=42208"}],"curies":[{"name":"wp","href":"https:\/\/api.w.org\/{rel}","templated":true}]}}