{"id":42211,"date":"2025-06-04T11:18:10","date_gmt":"2025-06-04T09:18:10","guid":{"rendered":"https:\/\/arena-ticket.com\/?p=42211&#038;post_type=product&#038;preview_id=42211"},"modified":"2025-11-05T14:05:22","modified_gmt":"2025-11-05T13:05:22","slug":"maxi-gstettenbauer-stabil-leipzig-kupfersaal-06-11-2025-2000-uhr","status":"publish","type":"product","link":"https:\/\/arena-ticket.com\/en\/product\/maxi-gstettenbauer-stabil-leipzig-kupfersaal-06-11-2025-2000-uhr\/","title":{"rendered":"Maxi Gstettenbauer  - Stabil"},"content":{"rendered":"<p>Der Mann mit dem rollenden R und individueller Schneidezahn Konstellation ist aus der deutschen Comedy nicht mehr wegzudenken. Seit nun 15 Jahren geht der geb\u00fcrtige Niederbayer einer geregelten Arbeit aus dem Weg und unterh\u00e4lt dabei tausende Zuschauer. Maximilian Ronald Alfons Gstettenbauer (so sein voller Name) ist der sympathische Familienvater der sowohl an der Welt als auch an den eigenen Anspr\u00fcchen verzweifelt. Er tut das leider oftmals auf lautstarker Art, was schlecht f\u00fcr seinen Blutdruck, aber hervorragend f\u00fcr unser Zwerchfell ist! Der Proto-Millennial ist einer der wenigen Vertreter seiner Zunft, die sowohl die bumskomische Alltagscomedy als auch die filigrane Gesellschaftskritik beherrschen. Die Zukunft r\u00fcttelt an den Z\u00e4unen unserer Gegenwart. Niemand will sich bewegen, damit alles so bleibt wie es nie war. Dabei sind die stabilsten Geb\u00e4ude der Welt so gebaut, dass sie bei einem Erdbeben mitschwingen. Denn nichts bricht schneller als ein Balken, der sich nicht biegen kann. Dieser Balanceakt zwischen verl\u00e4sslicher Pointenlieferung und \u00fcberforderten Weltschmerz ist die k\u00fcnstlerische Ursuppe von Maxi Gstettenbauer.<\/p>\n<p>Um STABIL zu bleiben, muss man sich bewegen. Am besten in ein Theater in ihrer N\u00e4he!<\/p>","protected":false},"excerpt":{"rendered":"<p>Um STABIL zu bleiben, muss man sich bewegen. Am besten im Leipziger Kupfersaal - jetzt Tickets sichern!<\/p>","protected":false},"featured_media":52931,"template":"","meta":{"_acf_changed":false,"inline_featured_image":false},"product_brand":[],"product_cat":[6725,31,95,430,86,35,21,58],"product_tag":[954,941,968,943,5753,944,5754,947,948],"class_list":{"0":"post-42211","1":"product","2":"type-product","3":"status-publish","4":"has-post-thumbnail","6":"product_cat-comedy","7":"product_cat-events","8":"product_cat-humor","9":"product_cat-kupfersaal","10":"product_cat-leipzig","11":"product_cat-orte","12":"product_cat-ticket","13":"product_cat-veranstaltung","14":"product_tag-comedy","15":"product_tag-events","16":"product_tag-kupfersaal","17":"product_tag-leipzig","18":"product_tag-maxi-gstettenbauer","19":"product_tag-orte","20":"product_tag-stabil","21":"product_tag-ticket","22":"product_tag-veranstaltung","23":"product_shipping_class-nur_paketversand","24":"pa_discount-ermaessigt","25":"pa_discount-normalpreis","26":"pa_preiskategorie-freie-platzwahl","28":"first","29":"outofstock","30":"taxable","31":"shipping-taxable","32":"purchasable","33":"product-type-variable"},"group_of_quantity":0,"min_quantity":0,"max_quantity":"","exclude_order_quantity_value_rules":"no","exclude_category_quantity_rules":"no","combine_variations":"no","acf":[],"_links":{"self":[{"href":"https:\/\/arena-ticket.com\/en\/wp-json\/wp\/v2\/product\/42211","targetHints":{"allow":["GET"]}}],"collection":[{"href":"https:\/\/arena-ticket.com\/en\/wp-json\/wp\/v2\/product"}],"about":[{"href":"https:\/\/arena-ticket.com\/en\/wp-json\/wp\/v2\/types\/product"}],"wp:featuredmedia":[{"embeddable":true,"href":"https:\/\/arena-ticket.com\/en\/wp-json\/wp\/v2\/media\/52931"}],"wp:attachment":[{"href":"https:\/\/arena-ticket.com\/en\/wp-json\/wp\/v2\/media?parent=42211"}],"wp:term":[{"taxonomy":"product_brand","embeddable":true,"href":"https:\/\/arena-ticket.com\/en\/wp-json\/wp\/v2\/product_brand?post=42211"},{"taxonomy":"product_cat","embeddable":true,"href":"https:\/\/arena-ticket.com\/en\/wp-json\/wp\/v2\/product_cat?post=42211"},{"taxonomy":"product_tag","embeddable":true,"href":"https:\/\/arena-ticket.com\/en\/wp-json\/wp\/v2\/product_tag?post=42211"}],"curies":[{"name":"wp","href":"https:\/\/api.w.org\/{rel}","templated":true}]}}