{"id":42213,"date":"2025-06-04T11:18:32","date_gmt":"2025-06-04T09:18:32","guid":{"rendered":"https:\/\/arena-ticket.com\/?p=42213&#038;post_type=product&#038;preview_id=42213"},"modified":"2025-06-06T18:35:55","modified_gmt":"2025-06-06T16:35:55","slug":"filmnaechte-leipzig-monsieur-aznavour-kinotag-montag-2000-uhr-einlass-leipzig-scheibenholz-sommerkino-28-07-2025-21-30-uhr","status":"publish","type":"product","link":"https:\/\/arena-ticket.com\/en\/product\/filmnaechte-leipzig-monsieur-aznavour-kinotag-montag-2000-uhr-einlass-leipzig-scheibenholz-sommerkino-28-07-2025-21-30-uhr\/","title":{"rendered":"Monsieur Aznavour - Scheibenholz Sommerkino"},"content":{"rendered":"<p>Paris in den 1930er Jahren. Als der kleine Charles f\u00fcr ein paar M\u00fcnzen an einem Theaterst\u00fcck mitwirkt, entdeckt er sein Talent f\u00fcr die B\u00fchne und beschlie\u00dft S\u00e4nger zu werden. Die Bedingungen daf\u00fcr sind denkbar schlecht: Ohne Geld, als Sohn armenischer Einwanderer und mit einer ungew\u00f6hnlichen Stimme glaubt niemand an seinen Erfolg. Von unb\u00e4ndigem Ehrgeiz getrieben, scheut Charles weder M\u00fche noch Risiko und als die Chanson-Ikone Edith Piaf auf ihn aufmerksam wird, scheint der Ruhm zum Greifen nahe. Doch ist er f\u00fcr seinen Traum bereit, die Menschen zur\u00fcckzulassen, die er liebt?<\/p>\n<p>Mit weit mehr als 1000 Liedern, die in unz\u00e4hligen Sprachen interpretiert wurden, hat Charles Aznavour Generationen begeistert. Tahar Rahim (DER MAURETANIER) verk\u00f6rpert den legend\u00e4ren Chansonnier in diesem beeindruckenden Biopic intensiv und authentisch mit all seinen Facetten.<\/p>","protected":false},"excerpt":{"rendered":"<p>Monsieur Aznavour - FSK 0  | 21:30 Uhr Beginn | 20:00 Uhr Einlass         <\/p>","protected":false},"featured_media":42217,"template":"","meta":{"_acf_changed":false,"inline_featured_image":false},"product_brand":[],"product_cat":[31,400,406,6768,922,86,35,21,58],"product_tag":[941,3236,3347,951,943,5755,944,3235,947,948],"class_list":{"0":"post-42213","1":"product","2":"type-product","3":"status-publish","4":"has-post-thumbnail","6":"product_cat-events","7":"product_cat-filmnaechte-scheibenholz","8":"product_cat-galopprennbahn-scheibenholz","9":"product_cat-kino","10":"product_cat-kultur","11":"product_cat-leipzig","12":"product_cat-orte","13":"product_cat-ticket","14":"product_cat-veranstaltung","15":"product_tag-events","16":"product_tag-filmnaechte-scheibenholz","17":"product_tag-galopprennbahn-scheibenholz","18":"product_tag-kultur","19":"product_tag-leipzig","20":"product_tag-monsieur-aznavour","21":"product_tag-orte","22":"product_tag-scheibenholz-sommerkino","23":"product_tag-ticket","24":"product_tag-veranstaltung","25":"product_shipping_class-nur_paketversand","26":"pa_discount-kind","27":"pa_discount-normalpreis","28":"pa_preiskategorie-freie-platzwahl","30":"first","31":"instock","32":"taxable","33":"shipping-taxable","34":"purchasable","35":"product-type-variable","36":"has-default-attributes"},"group_of_quantity":0,"min_quantity":0,"max_quantity":"","exclude_order_quantity_value_rules":"no","exclude_category_quantity_rules":"no","combine_variations":"no","acf":[],"_links":{"self":[{"href":"https:\/\/arena-ticket.com\/en\/wp-json\/wp\/v2\/product\/42213","targetHints":{"allow":["GET"]}}],"collection":[{"href":"https:\/\/arena-ticket.com\/en\/wp-json\/wp\/v2\/product"}],"about":[{"href":"https:\/\/arena-ticket.com\/en\/wp-json\/wp\/v2\/types\/product"}],"wp:featuredmedia":[{"embeddable":true,"href":"https:\/\/arena-ticket.com\/en\/wp-json\/wp\/v2\/media\/42217"}],"wp:attachment":[{"href":"https:\/\/arena-ticket.com\/en\/wp-json\/wp\/v2\/media?parent=42213"}],"wp:term":[{"taxonomy":"product_brand","embeddable":true,"href":"https:\/\/arena-ticket.com\/en\/wp-json\/wp\/v2\/product_brand?post=42213"},{"taxonomy":"product_cat","embeddable":true,"href":"https:\/\/arena-ticket.com\/en\/wp-json\/wp\/v2\/product_cat?post=42213"},{"taxonomy":"product_tag","embeddable":true,"href":"https:\/\/arena-ticket.com\/en\/wp-json\/wp\/v2\/product_tag?post=42213"}],"curies":[{"name":"wp","href":"https:\/\/api.w.org\/{rel}","templated":true}]}}