{"id":42218,"date":"2025-06-04T11:29:02","date_gmt":"2025-06-04T09:29:02","guid":{"rendered":"https:\/\/arena-ticket.com\/?p=42218&#038;post_type=product&#038;preview_id=42218"},"modified":"2025-06-06T18:35:54","modified_gmt":"2025-06-06T16:35:54","slug":"filmnaechte-leipzig-koeln-75-kinotag-montag-2000-uhr-einlass-leipzig-scheibenholz-sommerkino-04-08-2025-21-00-uhr","status":"publish","type":"product","link":"https:\/\/arena-ticket.com\/en\/product\/filmnaechte-leipzig-koeln-75-kinotag-montag-2000-uhr-einlass-leipzig-scheibenholz-sommerkino-04-08-2025-21-00-uhr\/","title":{"rendered":"K\u00f6ln 75 - Scheibenholz Sommerkino"},"content":{"rendered":"<p>Die junge Vera Brandes (Mala Emde) ist fest entschlossen, ihren Platz in der Musikwelt der 1970er-Jahre zu erobern. Als Konzertveranstalterin bringt sie internationale Gr\u00f6\u00dfen nach Deutschland, trotz des Widerstands ihrer Eltern und der Herausforderungen, denen sie als Frau in einer von M\u00e4nnern dominierten Branche gegen\u00fcbersteht. Ihre Leidenschaft f\u00fcr die Musik treibt sie an, alles f\u00fcr ihren Traum zu riskieren. Der H\u00f6hepunkt ihrer Bem\u00fchungen: Das Konzert des ber\u00fchmten Jazz-Pianisten Keith Jarrett (John Magaro), das am 24. Januar 1975 in der K\u00f6lner Oper stattfinden soll. Doch kurz vor Beginn des Abends droht alles zu scheitern, und Vera steht vor der Herausforderung, das Konzert zu retten, das sp\u00e4ter als legend\u00e4r in die Geschichte eingehen wird.<\/p>","protected":false},"excerpt":{"rendered":"<p>K\u00f6ln 75 - FSK 12 | 21:00 Uhr Beginn | 19:30 Uhr Einlass         <\/p>","protected":false},"featured_media":42224,"template":"","meta":{"_acf_changed":false,"inline_featured_image":false},"product_brand":[],"product_cat":[31,400,406,6768,922,86,35,21,58],"product_tag":[941,3236,3347,5756,951,943,944,3235,947,948],"class_list":{"0":"post-42218","1":"product","2":"type-product","3":"status-publish","4":"has-post-thumbnail","6":"product_cat-events","7":"product_cat-filmnaechte-scheibenholz","8":"product_cat-galopprennbahn-scheibenholz","9":"product_cat-kino","10":"product_cat-kultur","11":"product_cat-leipzig","12":"product_cat-orte","13":"product_cat-ticket","14":"product_cat-veranstaltung","15":"product_tag-events","16":"product_tag-filmnaechte-scheibenholz","17":"product_tag-galopprennbahn-scheibenholz","18":"product_tag-koeln-75","19":"product_tag-kultur","20":"product_tag-leipzig","21":"product_tag-orte","22":"product_tag-scheibenholz-sommerkino","23":"product_tag-ticket","24":"product_tag-veranstaltung","25":"product_shipping_class-nur_paketversand","26":"pa_discount-kind","27":"pa_discount-normalpreis","28":"pa_preiskategorie-freie-platzwahl","30":"first","31":"instock","32":"taxable","33":"shipping-taxable","34":"purchasable","35":"product-type-variable","36":"has-default-attributes"},"group_of_quantity":0,"min_quantity":0,"max_quantity":"","exclude_order_quantity_value_rules":"no","exclude_category_quantity_rules":"no","combine_variations":"no","acf":[],"_links":{"self":[{"href":"https:\/\/arena-ticket.com\/en\/wp-json\/wp\/v2\/product\/42218","targetHints":{"allow":["GET"]}}],"collection":[{"href":"https:\/\/arena-ticket.com\/en\/wp-json\/wp\/v2\/product"}],"about":[{"href":"https:\/\/arena-ticket.com\/en\/wp-json\/wp\/v2\/types\/product"}],"wp:featuredmedia":[{"embeddable":true,"href":"https:\/\/arena-ticket.com\/en\/wp-json\/wp\/v2\/media\/42224"}],"wp:attachment":[{"href":"https:\/\/arena-ticket.com\/en\/wp-json\/wp\/v2\/media?parent=42218"}],"wp:term":[{"taxonomy":"product_brand","embeddable":true,"href":"https:\/\/arena-ticket.com\/en\/wp-json\/wp\/v2\/product_brand?post=42218"},{"taxonomy":"product_cat","embeddable":true,"href":"https:\/\/arena-ticket.com\/en\/wp-json\/wp\/v2\/product_cat?post=42218"},{"taxonomy":"product_tag","embeddable":true,"href":"https:\/\/arena-ticket.com\/en\/wp-json\/wp\/v2\/product_tag?post=42218"}],"curies":[{"name":"wp","href":"https:\/\/api.w.org\/{rel}","templated":true}]}}