{"id":42226,"date":"2025-06-04T11:43:53","date_gmt":"2025-06-04T09:43:53","guid":{"rendered":"https:\/\/arena-ticket.com\/?p=42226&#038;post_type=product&#038;preview_id=42226"},"modified":"2025-06-06T18:35:53","modified_gmt":"2025-06-06T16:35:53","slug":"filmnaechte-leipzig-maria-kinotag-montag-2000-uhr-einlass-leipzig-scheibenholz-sommerkino-11-08-2025-21-00-uhr","status":"publish","type":"product","link":"https:\/\/arena-ticket.com\/en\/product\/filmnaechte-leipzig-maria-kinotag-montag-2000-uhr-einlass-leipzig-scheibenholz-sommerkino-11-08-2025-21-00-uhr\/","title":{"rendered":"Maria - Scheibenholz Sommerkino"},"content":{"rendered":"<p>Maria Callas (Angelina Jolie) ist die wohl gr\u00f6\u00dfte Sopranistin aller Zeiten. Doch schon seit Jahren ist sie nicht mehr in der \u00d6ffentlichkeit gesehen worden. Trotz ihrer sich alle M\u00fche gebenden K\u00f6chin Bruna (Alba Rochwacher) und ihres sie bestm\u00f6glich umsorgenden Butlers Ferruccio (Pierfrancesco Favino) ern\u00e4hrt sich die Diva fast ausschlie\u00dflich von Tabletten. Diese Stimmungsaufheller sorgen daf\u00fcr, dass Maria Callas noch immer an ein unwahrscheinliches Comeback glaubt. Darin f\u00fchlt sich Callas zudem best\u00e4tigt, als der Fernsehreporter Mandrax (Kodi-Smit-McPhee) f\u00fcr ein Interview mit ihr aufschl\u00e4gt. Beim Schwelgen in Erinnerungen f\u00fchrt sie sich noch einmal eine Zeit vor Augen, die in ihren Augen noch nicht vor\u00fcber ist. Die B\u00fchne ruft sie noch. Doch die Realit\u00e4t ist eine andere, denn am 16. September 1977 wird die v\u00f6llig abgemagerte S\u00e4ngerin tot auf dem Boden des Wohnzimmers ihres riesigen Pariser Apartments aufgefunden werden...<\/p>","protected":false},"excerpt":{"rendered":"<p>Maria - FSK 6 | 21:00 Uhr Beginn | 19:30 Uhr Einlass         <\/p>","protected":false},"featured_media":42229,"template":"","meta":{"_acf_changed":false,"inline_featured_image":false},"product_brand":[],"product_cat":[31,400,406,6768,922,86,35,21,58],"product_tag":[941,3236,3347,951,943,5757,944,3235,947,948],"class_list":{"0":"post-42226","1":"product","2":"type-product","3":"status-publish","4":"has-post-thumbnail","6":"product_cat-events","7":"product_cat-filmnaechte-scheibenholz","8":"product_cat-galopprennbahn-scheibenholz","9":"product_cat-kino","10":"product_cat-kultur","11":"product_cat-leipzig","12":"product_cat-orte","13":"product_cat-ticket","14":"product_cat-veranstaltung","15":"product_tag-events","16":"product_tag-filmnaechte-scheibenholz","17":"product_tag-galopprennbahn-scheibenholz","18":"product_tag-kultur","19":"product_tag-leipzig","20":"product_tag-maria","21":"product_tag-orte","22":"product_tag-scheibenholz-sommerkino","23":"product_tag-ticket","24":"product_tag-veranstaltung","25":"product_shipping_class-nur_paketversand","26":"pa_discount-kind","27":"pa_discount-normalpreis","28":"pa_preiskategorie-freie-platzwahl","30":"first","31":"instock","32":"taxable","33":"shipping-taxable","34":"purchasable","35":"product-type-variable","36":"has-default-attributes"},"group_of_quantity":0,"min_quantity":0,"max_quantity":"","exclude_order_quantity_value_rules":"no","exclude_category_quantity_rules":"no","combine_variations":"no","acf":[],"_links":{"self":[{"href":"https:\/\/arena-ticket.com\/en\/wp-json\/wp\/v2\/product\/42226","targetHints":{"allow":["GET"]}}],"collection":[{"href":"https:\/\/arena-ticket.com\/en\/wp-json\/wp\/v2\/product"}],"about":[{"href":"https:\/\/arena-ticket.com\/en\/wp-json\/wp\/v2\/types\/product"}],"wp:featuredmedia":[{"embeddable":true,"href":"https:\/\/arena-ticket.com\/en\/wp-json\/wp\/v2\/media\/42229"}],"wp:attachment":[{"href":"https:\/\/arena-ticket.com\/en\/wp-json\/wp\/v2\/media?parent=42226"}],"wp:term":[{"taxonomy":"product_brand","embeddable":true,"href":"https:\/\/arena-ticket.com\/en\/wp-json\/wp\/v2\/product_brand?post=42226"},{"taxonomy":"product_cat","embeddable":true,"href":"https:\/\/arena-ticket.com\/en\/wp-json\/wp\/v2\/product_cat?post=42226"},{"taxonomy":"product_tag","embeddable":true,"href":"https:\/\/arena-ticket.com\/en\/wp-json\/wp\/v2\/product_tag?post=42226"}],"curies":[{"name":"wp","href":"https:\/\/api.w.org\/{rel}","templated":true}]}}