{"id":42230,"date":"2025-06-04T11:51:43","date_gmt":"2025-06-04T09:51:43","guid":{"rendered":"https:\/\/arena-ticket.com\/?p=42230&#038;post_type=product&#038;preview_id=42230"},"modified":"2025-06-06T18:35:52","modified_gmt":"2025-06-06T16:35:52","slug":"filmnaechte-leipzig-die-leisen-und-die-grossen-toene-2000-uhr-einlass-leipzig-scheibenholz-sommerkino-09-07-2025-21-30-uhr","status":"publish","type":"product","link":"https:\/\/arena-ticket.com\/en\/product\/filmnaechte-leipzig-die-leisen-und-die-grossen-toene-2000-uhr-einlass-leipzig-scheibenholz-sommerkino-09-07-2025-21-30-uhr\/","title":{"rendered":"Die leisen und die gro\u00dfen T\u00f6ne - Scheibenholz Sommerkino"},"content":{"rendered":"<p>Thibaut ist ein ber\u00fchmter Dirigent, der die Konzerts\u00e4le der ganzen Welt bereist. In der Mitte seines Lebens erf\u00e4hrt er, dass er adoptiert wurde und dass er auch einen j\u00fcngeren Bruder hat, Jimmy, der in einer Schulk\u00fcche arbeitet und Posaune in der Blaskapelle einer Arbeiterstadt spielt. Die beiden Br\u00fcder k\u00f6nnten unterschiedlicher nicht sein. Nur in einer Sache sind sie sich einig: ihrer Liebe zur Musik. Thibaut ist beeindruckt vom musikalischen Talent seines Bruders. Er will die Ungerechtigkeit ihres Schicksals begleichen, seinem Bruder die eine Chance geben, die er nie hatte: sein Talent zu entfalten, seinem Herzen zu folgen und mit dem kleinen Orchester einen nationalen Wettbewerb zu gewinnen. Jimmy beginnt, von einem ganz anderen Leben zu tr\u00e4umen...<\/p>\n<p>Ein Kino der Superlative hat Regisseur Emmanuel Courcol mit diesem Film geschaffen: eine Geschichte, die sowohl im Kleinen als auch im Gro\u00dfen, im Privaten wie im Politischen \u00fcberw\u00e4ltigt, ber\u00fchrt und vor allem unterh\u00e4lt. Benjamin Lavernhe (BIRNENKUCHEN MIT LAVENDEL) und Pierre Lottin (EIN TRIUMPH) sind brillant in dieser gro\u00dfen filmischen Erz\u00e4hlung von zwei M\u00e4nnern, die Br\u00fcder werden, und erst dadurch die Welt verstehen.<\/p>","protected":false},"excerpt":{"rendered":"<p>Die leisen und die gro\u00dfen T\u00f6ne - FSK 0   | 21:30 Uhr Beginn | 20:00 Uhr Einlass         <\/p>","protected":false},"featured_media":42233,"template":"","meta":{"_acf_changed":false,"inline_featured_image":false},"product_brand":[],"product_cat":[31,400,406,6768,922,86,35,21,58],"product_tag":[5758,941,3236,3347,951,943,944,3235,947,948],"class_list":{"0":"post-42230","1":"product","2":"type-product","3":"status-publish","4":"has-post-thumbnail","6":"product_cat-events","7":"product_cat-filmnaechte-scheibenholz","8":"product_cat-galopprennbahn-scheibenholz","9":"product_cat-kino","10":"product_cat-kultur","11":"product_cat-leipzig","12":"product_cat-orte","13":"product_cat-ticket","14":"product_cat-veranstaltung","15":"product_tag-die-leisen-und-die-grossen-toene","16":"product_tag-events","17":"product_tag-filmnaechte-scheibenholz","18":"product_tag-galopprennbahn-scheibenholz","19":"product_tag-kultur","20":"product_tag-leipzig","21":"product_tag-orte","22":"product_tag-scheibenholz-sommerkino","23":"product_tag-ticket","24":"product_tag-veranstaltung","25":"product_shipping_class-nur_paketversand","26":"pa_discount-kind","27":"pa_discount-normalpreis","28":"pa_preiskategorie-freie-platzwahl","30":"first","31":"instock","32":"taxable","33":"shipping-taxable","34":"purchasable","35":"product-type-variable","36":"has-default-attributes"},"group_of_quantity":0,"min_quantity":0,"max_quantity":"","exclude_order_quantity_value_rules":"no","exclude_category_quantity_rules":"no","combine_variations":"no","acf":[],"_links":{"self":[{"href":"https:\/\/arena-ticket.com\/en\/wp-json\/wp\/v2\/product\/42230","targetHints":{"allow":["GET"]}}],"collection":[{"href":"https:\/\/arena-ticket.com\/en\/wp-json\/wp\/v2\/product"}],"about":[{"href":"https:\/\/arena-ticket.com\/en\/wp-json\/wp\/v2\/types\/product"}],"wp:featuredmedia":[{"embeddable":true,"href":"https:\/\/arena-ticket.com\/en\/wp-json\/wp\/v2\/media\/42233"}],"wp:attachment":[{"href":"https:\/\/arena-ticket.com\/en\/wp-json\/wp\/v2\/media?parent=42230"}],"wp:term":[{"taxonomy":"product_brand","embeddable":true,"href":"https:\/\/arena-ticket.com\/en\/wp-json\/wp\/v2\/product_brand?post=42230"},{"taxonomy":"product_cat","embeddable":true,"href":"https:\/\/arena-ticket.com\/en\/wp-json\/wp\/v2\/product_cat?post=42230"},{"taxonomy":"product_tag","embeddable":true,"href":"https:\/\/arena-ticket.com\/en\/wp-json\/wp\/v2\/product_tag?post=42230"}],"curies":[{"name":"wp","href":"https:\/\/api.w.org\/{rel}","templated":true}]}}