{"id":42234,"date":"2025-06-04T12:00:34","date_gmt":"2025-06-04T10:00:34","guid":{"rendered":"https:\/\/arena-ticket.com\/?p=42234&#038;post_type=product&#038;preview_id=42234"},"modified":"2025-06-06T18:35:51","modified_gmt":"2025-06-06T16:35:51","slug":"filmnaechte-leipzig-emilia-perez-2000-uhr-einlass-leipzig-scheibenholz-sommerkino-10-07-2025-21-30-uhr","status":"publish","type":"product","link":"https:\/\/arena-ticket.com\/en\/product\/filmnaechte-leipzig-emilia-perez-2000-uhr-einlass-leipzig-scheibenholz-sommerkino-10-07-2025-21-30-uhr\/","title":{"rendered":"Emilia P\u00e9rez - Scheibenholz Sommerkino"},"content":{"rendered":"<p>Die Anw\u00e4ltin Rita (Zoe Salda\u00f1a) ist ein kleines Licht in einer gro\u00dfen Firma: \u00fcberqualifiziert, aber unterrepr\u00e4sentiert. Ihrer Intelligenz verdanken Drogendealer, M\u00f6rder und Kartellbosse die Freiheit. Im Blitzlichtgewitter sonnt sich hinterher ihr stets korrumpierbarer Chef. Eines Tages bietet sich ihr ein Ausweg: Kartellboss Manitas del Monte (Karla Sof\u00eda Gasc\u00f3n) will mit ihrer Hilfe aus der Mafia-Welt aussteigen. Rita soll den Schlussstrich unter sein zweifelhaftes Lebenswerk ziehen, ein neues Leben f\u00fcr seine Frau Jessi (Selena Gomez) und die Kinder organisieren und einen Plan umsetzen, den er seit Jahren im Verborgenen vorbereitet hat: sich voll und ganz in die Frau zu verwandeln, die er tief im Inneren schon immer war: EMILIA P\u00c9REZ. Doch Manitas' Vergangenheit ist eine Geschichte, die nur ihren eigenen Regeln gehorcht, die wiederkehrt und sich mit aller Gewalt r\u00e4chen wird.<\/p>\n<p>Nichts weniger als eine einzigartige Kino-Offenbarung ist dieses epochale Meisterwerk mit grandioser Starbesetzung, das in Cannes mit gleich zwei Preisen ausgezeichnet wurde. Der mehrfach preisgekr\u00f6nte Regisseur Jacques Audiard schreibt sich mit dieser formal revolution\u00e4ren Geschichte \u00fcber die absolute Freiheit der Selbsterfindung endg\u00fcltig in die Geschichte ein. Eine grandiose Show voller Vitalit\u00e4t und Energie, die alle Sinne fesselt, in ihren Bann zieht und die Macht des Kinos so leidenschaftlich zelebriert wie noch nie.<\/p>","protected":false},"excerpt":{"rendered":"<p>Emilia P\u00e9rez - FSK 12  | 21:30 Uhr Beginn | 20:00 Uhr Einlass         <\/p>","protected":false},"featured_media":42237,"template":"","meta":{"_acf_changed":false,"inline_featured_image":false},"product_brand":[],"product_cat":[31,400,406,6768,922,86,35,21,58],"product_tag":[5759,941,3236,3347,951,943,944,3235,947,948],"class_list":{"0":"post-42234","1":"product","2":"type-product","3":"status-publish","4":"has-post-thumbnail","6":"product_cat-events","7":"product_cat-filmnaechte-scheibenholz","8":"product_cat-galopprennbahn-scheibenholz","9":"product_cat-kino","10":"product_cat-kultur","11":"product_cat-leipzig","12":"product_cat-orte","13":"product_cat-ticket","14":"product_cat-veranstaltung","15":"product_tag-emilia-perez","16":"product_tag-events","17":"product_tag-filmnaechte-scheibenholz","18":"product_tag-galopprennbahn-scheibenholz","19":"product_tag-kultur","20":"product_tag-leipzig","21":"product_tag-orte","22":"product_tag-scheibenholz-sommerkino","23":"product_tag-ticket","24":"product_tag-veranstaltung","25":"product_shipping_class-nur_paketversand","26":"pa_discount-kind","27":"pa_discount-normalpreis","28":"pa_preiskategorie-freie-platzwahl","30":"first","31":"instock","32":"taxable","33":"shipping-taxable","34":"purchasable","35":"product-type-variable","36":"has-default-attributes"},"group_of_quantity":0,"min_quantity":0,"max_quantity":"","exclude_order_quantity_value_rules":"no","exclude_category_quantity_rules":"no","combine_variations":"no","acf":[],"_links":{"self":[{"href":"https:\/\/arena-ticket.com\/en\/wp-json\/wp\/v2\/product\/42234","targetHints":{"allow":["GET"]}}],"collection":[{"href":"https:\/\/arena-ticket.com\/en\/wp-json\/wp\/v2\/product"}],"about":[{"href":"https:\/\/arena-ticket.com\/en\/wp-json\/wp\/v2\/types\/product"}],"wp:featuredmedia":[{"embeddable":true,"href":"https:\/\/arena-ticket.com\/en\/wp-json\/wp\/v2\/media\/42237"}],"wp:attachment":[{"href":"https:\/\/arena-ticket.com\/en\/wp-json\/wp\/v2\/media?parent=42234"}],"wp:term":[{"taxonomy":"product_brand","embeddable":true,"href":"https:\/\/arena-ticket.com\/en\/wp-json\/wp\/v2\/product_brand?post=42234"},{"taxonomy":"product_cat","embeddable":true,"href":"https:\/\/arena-ticket.com\/en\/wp-json\/wp\/v2\/product_cat?post=42234"},{"taxonomy":"product_tag","embeddable":true,"href":"https:\/\/arena-ticket.com\/en\/wp-json\/wp\/v2\/product_tag?post=42234"}],"curies":[{"name":"wp","href":"https:\/\/api.w.org\/{rel}","templated":true}]}}