{"id":42238,"date":"2025-06-04T12:10:07","date_gmt":"2025-06-04T10:10:07","guid":{"rendered":"https:\/\/arena-ticket.com\/?p=42238&#038;post_type=product&#038;preview_id=42238"},"modified":"2025-06-06T18:35:50","modified_gmt":"2025-06-06T16:35:50","slug":"filmnaechte-leipzig-mission-impossible-the-final-reckoning-2000-uhr-einlass-leipzig-scheibenholz-sommerkino-11-07-2025-21-30-uhr","status":"publish","type":"product","link":"https:\/\/arena-ticket.com\/en\/product\/filmnaechte-leipzig-mission-impossible-the-final-reckoning-2000-uhr-einlass-leipzig-scheibenholz-sommerkino-11-07-2025-21-30-uhr\/","title":{"rendered":"Mission: Impossible \u2013 The Final Reckoning - Scheibenholz Sommerkino"},"content":{"rendered":"<p>Die Jagd ist noch nicht vorbei: Ethan Hunt (Tom Cruise) und sein Team von der legend\u00e4ren Impossible Mission Force (IMF) sehen sich weiterhin einer extrem m\u00e4chtigen und die Welt bedrohgenden k\u00fcnstlichen Intelligenz, die nur die \u201eEntit\u00e4t\" genannt wird, gegen\u00fcber. Daf\u00fcr m\u00fcssen sie das den Namen \u201eSewastopol\u201c tragende russische U-Boot finden, dem eine Schl\u00fcsselrolle in diesem brodelnden Konflikt zukommt. Doch mit diesem Ziel sind Hunt und sein Team nat\u00fcrlich nicht alleine: Auch Gabriel (Esai Morales), letztlich ein Handlanger der Entit\u00e4t, sucht fieberhaft nach der Sewastopol. Denn f\u00fcr ihn ist sie der Schl\u00fcssel, der sozusagen das Tor zur H\u00f6lle auf Erden \u00f6ffnet, mit dem die Welt ins Chaos gest\u00fcrzt werden kann. Gabriel scheint in diesem erbitterten Kampf eine Geheimwaffe in der Hinterhand zu haben, denn er und Hunt haben offenbar eine gemeinsame Vergangenheit, die den IMF-Agenten nun endg\u00fcltig einholt.<\/p>","protected":false},"excerpt":{"rendered":"<p>Mission: Impossible \u2013 The Final Reckoning - FSK 12  | 21:30 Uhr Beginn | 20:00 Uhr Einlass         <\/p>","protected":false},"featured_media":42241,"template":"","meta":{"_acf_changed":false,"inline_featured_image":false},"product_brand":[],"product_cat":[31,400,406,6768,922,86,35,21,58],"product_tag":[941,3236,3347,951,943,5760,944,3235,947,948],"class_list":{"0":"post-42238","1":"product","2":"type-product","3":"status-publish","4":"has-post-thumbnail","6":"product_cat-events","7":"product_cat-filmnaechte-scheibenholz","8":"product_cat-galopprennbahn-scheibenholz","9":"product_cat-kino","10":"product_cat-kultur","11":"product_cat-leipzig","12":"product_cat-orte","13":"product_cat-ticket","14":"product_cat-veranstaltung","15":"product_tag-events","16":"product_tag-filmnaechte-scheibenholz","17":"product_tag-galopprennbahn-scheibenholz","18":"product_tag-kultur","19":"product_tag-leipzig","20":"product_tag-mission-impossible-the-final-reckoning","21":"product_tag-orte","22":"product_tag-scheibenholz-sommerkino","23":"product_tag-ticket","24":"product_tag-veranstaltung","25":"product_shipping_class-nur_paketversand","26":"pa_discount-kind","27":"pa_discount-normalpreis","28":"pa_preiskategorie-freie-platzwahl","30":"first","31":"instock","32":"taxable","33":"shipping-taxable","34":"purchasable","35":"product-type-variable","36":"has-default-attributes"},"group_of_quantity":0,"min_quantity":0,"max_quantity":"","exclude_order_quantity_value_rules":"no","exclude_category_quantity_rules":"no","combine_variations":"no","acf":[],"_links":{"self":[{"href":"https:\/\/arena-ticket.com\/en\/wp-json\/wp\/v2\/product\/42238","targetHints":{"allow":["GET"]}}],"collection":[{"href":"https:\/\/arena-ticket.com\/en\/wp-json\/wp\/v2\/product"}],"about":[{"href":"https:\/\/arena-ticket.com\/en\/wp-json\/wp\/v2\/types\/product"}],"wp:featuredmedia":[{"embeddable":true,"href":"https:\/\/arena-ticket.com\/en\/wp-json\/wp\/v2\/media\/42241"}],"wp:attachment":[{"href":"https:\/\/arena-ticket.com\/en\/wp-json\/wp\/v2\/media?parent=42238"}],"wp:term":[{"taxonomy":"product_brand","embeddable":true,"href":"https:\/\/arena-ticket.com\/en\/wp-json\/wp\/v2\/product_brand?post=42238"},{"taxonomy":"product_cat","embeddable":true,"href":"https:\/\/arena-ticket.com\/en\/wp-json\/wp\/v2\/product_cat?post=42238"},{"taxonomy":"product_tag","embeddable":true,"href":"https:\/\/arena-ticket.com\/en\/wp-json\/wp\/v2\/product_tag?post=42238"}],"curies":[{"name":"wp","href":"https:\/\/api.w.org\/{rel}","templated":true}]}}