{"id":42242,"date":"2025-06-04T12:20:39","date_gmt":"2025-06-04T10:20:39","guid":{"rendered":"https:\/\/arena-ticket.com\/?p=42242&#038;post_type=product&#038;preview_id=42242"},"modified":"2025-06-06T18:35:48","modified_gmt":"2025-06-06T16:35:48","slug":"filmnaechte-leipzig-konklave-2000-uhr-einlass-leipzig-scheibenholz-sommerkino-12-07-2025-21-30-uhr","status":"publish","type":"product","link":"https:\/\/arena-ticket.com\/en\/product\/filmnaechte-leipzig-konklave-2000-uhr-einlass-leipzig-scheibenholz-sommerkino-12-07-2025-21-30-uhr\/","title":{"rendered":"Konklave - Scheibenholz Sommerkino"},"content":{"rendered":"<p>Der Papst ist unerwartet verstorben. Kardinal Lawrence ist mit der schwierigen Aufgabe betraut, die Wahl des neuen Papstes zu leiten. M\u00e4chtige Kardin\u00e4le aus aller Welt reisen f\u00fcr das Konklave nach Rom. Als sich die T\u00fcren zur Sixtinischen Kapelle schlie\u00dfen, entbrennt ein Spiel um Macht. Ein Spitzenreiter ist der erzkonservative Tedesco, der den Fortschritt der Kirche der letzten 60 Jahre r\u00fcckabwickeln will. F\u00fcr das liberale Lager steht Bellini, dessen Chancen aber schlechter sind. Und dann gibt es da noch einen Neuank\u00f6mmling. Einen Kardinal, der vom Papst im Geheimen ernannt wurde. Um ihn zu sch\u00fctzen, denn er diente Gott in Kabul. Kardinal Lawrence findet sich im Zentrum von Intrigen und Korruption wieder und kommt einem Geheimnis auf die Spur, das die Grundfeste seines Glaubens ersch\u00fcttern k\u00f6nnte. All das, w\u00e4hrend Millionen von Menschen darauf warten, dass wei\u00dfer Rauch dem Schornstein der Kapelle entsteigt.<\/p>","protected":false},"excerpt":{"rendered":"<p>Konklave - FSK 6  | 21:30 Uhr Beginn | 20:00 Uhr Einlass         <\/p>","protected":false},"featured_media":42248,"template":"","meta":{"_acf_changed":false,"inline_featured_image":false},"product_brand":[],"product_cat":[31,400,406,6768,922,86,35,21,58],"product_tag":[941,3236,3347,5761,951,943,944,3235,947,948],"class_list":{"0":"post-42242","1":"product","2":"type-product","3":"status-publish","4":"has-post-thumbnail","6":"product_cat-events","7":"product_cat-filmnaechte-scheibenholz","8":"product_cat-galopprennbahn-scheibenholz","9":"product_cat-kino","10":"product_cat-kultur","11":"product_cat-leipzig","12":"product_cat-orte","13":"product_cat-ticket","14":"product_cat-veranstaltung","15":"product_tag-events","16":"product_tag-filmnaechte-scheibenholz","17":"product_tag-galopprennbahn-scheibenholz","18":"product_tag-konklave","19":"product_tag-kultur","20":"product_tag-leipzig","21":"product_tag-orte","22":"product_tag-scheibenholz-sommerkino","23":"product_tag-ticket","24":"product_tag-veranstaltung","25":"product_shipping_class-nur_paketversand","26":"pa_discount-kind","27":"pa_discount-normalpreis","28":"pa_preiskategorie-freie-platzwahl","30":"first","31":"instock","32":"taxable","33":"shipping-taxable","34":"purchasable","35":"product-type-variable","36":"has-default-attributes"},"group_of_quantity":0,"min_quantity":0,"max_quantity":"","exclude_order_quantity_value_rules":"no","exclude_category_quantity_rules":"no","combine_variations":"no","acf":[],"_links":{"self":[{"href":"https:\/\/arena-ticket.com\/en\/wp-json\/wp\/v2\/product\/42242","targetHints":{"allow":["GET"]}}],"collection":[{"href":"https:\/\/arena-ticket.com\/en\/wp-json\/wp\/v2\/product"}],"about":[{"href":"https:\/\/arena-ticket.com\/en\/wp-json\/wp\/v2\/types\/product"}],"wp:featuredmedia":[{"embeddable":true,"href":"https:\/\/arena-ticket.com\/en\/wp-json\/wp\/v2\/media\/42248"}],"wp:attachment":[{"href":"https:\/\/arena-ticket.com\/en\/wp-json\/wp\/v2\/media?parent=42242"}],"wp:term":[{"taxonomy":"product_brand","embeddable":true,"href":"https:\/\/arena-ticket.com\/en\/wp-json\/wp\/v2\/product_brand?post=42242"},{"taxonomy":"product_cat","embeddable":true,"href":"https:\/\/arena-ticket.com\/en\/wp-json\/wp\/v2\/product_cat?post=42242"},{"taxonomy":"product_tag","embeddable":true,"href":"https:\/\/arena-ticket.com\/en\/wp-json\/wp\/v2\/product_tag?post=42242"}],"curies":[{"name":"wp","href":"https:\/\/api.w.org\/{rel}","templated":true}]}}