{"id":42245,"date":"2025-06-04T12:23:58","date_gmt":"2025-06-04T10:23:58","guid":{"rendered":"https:\/\/arena-ticket.com\/?p=42245&#038;post_type=product&#038;preview_id=42245"},"modified":"2025-10-27T12:21:46","modified_gmt":"2025-10-27T11:21:46","slug":"joe-di-nardo-comedy-al-dente-leipzig-kupfersaal-21-11-2025-2000-uhr","status":"publish","type":"product","link":"https:\/\/arena-ticket.com\/en\/product\/joe-di-nardo-comedy-al-dente-leipzig-kupfersaal-21-11-2025-2000-uhr\/","title":{"rendered":"Joe di Nardo  - Comedy al dente"},"content":{"rendered":"<p><strong>Tschonporno, \u00e4hm Buongiorno!<\/strong><\/p>\n<p>Es gr\u00fc\u00dft Joe Di Nardo \u2013 Italo-Schwabe, Comedian und Gesangstalent in einer Person!<\/p>\n<p>Joe Di Nardo \u2013 der Mann, der auf sozialen Medien mit seinen charmanten Italo-Kellner Sketches f\u00fcr Aufsehen sorgt, ist auch live ein Comedian al dente.<br \/>\nMit einem st\u00e4ndigen L\u00e4cheln im Gesicht und einem Arsenal an Witzen im \u00c4rmel liefert Joe Di Nardo Comedy, die prim\u00e4r die kulturellen Unterschiede zwischen Italienern und Deutschen auf die Schippe nimmt. Seine Sketche auf Social Media sind ein wahres Feuerwerk der Komik und bringen Menschen weltweit zum Lachen.<br \/>\nAber das ist noch nicht alles! Neben seiner Comedy-Karriere hat Joe eine geheime Waffe: seine Stimme. Dieser Mann war sogar bei Stefan Raabs Casting Show\u00a0<strong>SSDSDSSWEMUGABRTLAD<\/strong>\u00a0\u2013 ja, genau, dem musikalischen Wettbewerb, bei dem er bewies, dass seine Gesangsk\u00fcnste genauso beeindruckend sind wie seine Pointen.<br \/>\nUnd jetzt kommt das Beste: Joe Di Nardo geht demn\u00e4chst auf Tour! Die B\u00fchne wird sein Spielplatz, auf dem er sein Publikum mit einer explosiven Mischung aus Comedy und Gesang verzaubern wird. Von Sketchen bis hin zu italienischen Balladen ist in seiner Show alles dabei.<br \/>\n\"Ich m\u00f6chte das Publikum in eine Welt voller Amore, Dolce Vita und Bidets mitrei\u00dfen\", scherzte Joe Di Nardo.<br \/>\nBereiten Sie sich auf eine unvergessliche Show vor, wenn Joe Di Nardo demn\u00e4chst in Ihrer Stadt live auftritt. Halten Sie seine Tourdaten im Auge und verpassen Sie nicht die Gelegenheit, einen Abend voller Lachen und Musik zu erleben.<br \/>\nZurzeit ist Joe auf verschiedenen deutschen B\u00fchnen unterwegs, wie die des legend\u00e4ren Quatsch Comedy Clubs.<\/p>","protected":false},"excerpt":{"rendered":"<p>Don&#039;t miss it!<\/p>","protected":false},"featured_media":52941,"template":"","meta":{"_acf_changed":false,"inline_featured_image":false},"product_brand":[],"product_cat":[6725,31,95,430,86,35,21,58],"product_tag":[954,5763,941,5762,942,951,968,943,944,958,947,948],"class_list":{"0":"post-42245","1":"product","2":"type-product","3":"status-publish","4":"has-post-thumbnail","6":"product_cat-comedy","7":"product_cat-events","8":"product_cat-humor","9":"product_cat-kupfersaal","10":"product_cat-leipzig","11":"product_cat-orte","12":"product_cat-ticket","13":"product_cat-veranstaltung","14":"product_tag-comedy","15":"product_tag-comedy-al-dente","16":"product_tag-events","17":"product_tag-joe-di-nardo","18":"product_tag-konzert","19":"product_tag-kultur","20":"product_tag-kupfersaal","21":"product_tag-leipzig","22":"product_tag-orte","23":"product_tag-show","24":"product_tag-ticket","25":"product_tag-veranstaltung","26":"product_shipping_class-nur_paketversand","27":"pa_discount-ermaessigt","28":"pa_discount-normalpreis","29":"pa_preiskategorie-freie-platzwahl","31":"first","32":"instock","33":"taxable","34":"shipping-taxable","35":"purchasable","36":"product-type-variable"},"group_of_quantity":0,"min_quantity":0,"max_quantity":"","exclude_order_quantity_value_rules":"no","exclude_category_quantity_rules":"no","combine_variations":"no","acf":[],"_links":{"self":[{"href":"https:\/\/arena-ticket.com\/en\/wp-json\/wp\/v2\/product\/42245","targetHints":{"allow":["GET"]}}],"collection":[{"href":"https:\/\/arena-ticket.com\/en\/wp-json\/wp\/v2\/product"}],"about":[{"href":"https:\/\/arena-ticket.com\/en\/wp-json\/wp\/v2\/types\/product"}],"wp:featuredmedia":[{"embeddable":true,"href":"https:\/\/arena-ticket.com\/en\/wp-json\/wp\/v2\/media\/52941"}],"wp:attachment":[{"href":"https:\/\/arena-ticket.com\/en\/wp-json\/wp\/v2\/media?parent=42245"}],"wp:term":[{"taxonomy":"product_brand","embeddable":true,"href":"https:\/\/arena-ticket.com\/en\/wp-json\/wp\/v2\/product_brand?post=42245"},{"taxonomy":"product_cat","embeddable":true,"href":"https:\/\/arena-ticket.com\/en\/wp-json\/wp\/v2\/product_cat?post=42245"},{"taxonomy":"product_tag","embeddable":true,"href":"https:\/\/arena-ticket.com\/en\/wp-json\/wp\/v2\/product_tag?post=42245"}],"curies":[{"name":"wp","href":"https:\/\/api.w.org\/{rel}","templated":true}]}}