{"id":42249,"date":"2025-06-04T12:30:05","date_gmt":"2025-06-04T10:30:05","guid":{"rendered":"https:\/\/arena-ticket.com\/?p=42249&#038;post_type=product&#038;preview_id=42249"},"modified":"2025-06-21T14:29:47","modified_gmt":"2025-06-21T12:29:47","slug":"ruthe-live-shit-happens-die-neue-show-leipzig-haus-leipzig-07-02-2026-2000-uhr","status":"publish","type":"product","link":"https:\/\/arena-ticket.com\/en\/product\/ruthe-live-shit-happens-die-neue-show-leipzig-haus-leipzig-07-02-2026-2000-uhr\/","title":{"rendered":"RUTHE LIVE  - SHIT HAPPENS \u2013 DIE (NEUE) SHOW"},"content":{"rendered":"<p>&nbsp;<\/p>\n<p>Ein Cartoonist auf der B\u00fchne Was macht der da? Das, was jeder gute Komiker auch tut: Menschen zum Lachen bringen!<\/p>\n<p>In seiner neuen Show verbindet Ralph Ruthe einzigartig Witzbilder, Animationsfilme, Lesung und Musik zu einer Live-Cartoon-Comedy-Show, oder einer Live-Comedy- Cartoon-Show. Er zeigt nur das Beste aus seinem Humor- und Figuren-Universum und ganz viel Neues, von kleinen Alltagsbeobachtungen bis hin zu gro\u00dfen politischen Zusammenh\u00e4ngen. Es wird Welt-Premieren brandneuer Folgen von Ruthes Erfolgsserien \u201eFlossen\u201c, \u201eHNO-WG\u201c, \u201eBiber und Baum\u201c und den \u201eWerbeparodien\u201c geben.<\/p>\n<p>Ruthe schafft es immer wieder, den allt\u00e4glichen Irrsinn pointiert, intelligent und schreiend komisch in einem Bild (oder Video) festzuhalten. Kein Cartoonist ver\u00f6ffentlicht in einer derart hohen Schlagzahl seit so langer Zeit so viel neues<br \/>\nMaterial. Dies spiegelt sich auch in den Verkaufszahlen seiner Bestseller-B\u00fccher wider. Millionen von PendlerInnen kennen seine Cartoons au\u00dferdem von den U-Bahn-Screens, aus dem Fernsehen (Auftritte bei Str\u00e4ter\/ARD und TV TOTAL\/Pro7). Auf seinen Social Media-Kan\u00e4len folgen ihm seit Jahren rund vier Millionen Fans.<\/p>","protected":false},"excerpt":{"rendered":"<p>Seid dabei, wenn Deutschlands erfolgreichster Cartoonist endlich wieder auf der B\u00fchne steht! Nicht verpassen!<\/p>","protected":false},"featured_media":42256,"template":"","meta":{"_acf_changed":false,"inline_featured_image":false},"product_brand":[],"product_cat":[6725,31,349,95,86,35,21,58],"product_tag":[954,941,955,951,943,944,5764,5765,958,947,948],"class_list":{"0":"post-42249","1":"product","2":"type-product","3":"status-publish","4":"has-post-thumbnail","6":"product_cat-comedy","7":"product_cat-events","8":"product_cat-haus-leipzig","9":"product_cat-humor","10":"product_cat-leipzig","11":"product_cat-orte","12":"product_cat-ticket","13":"product_cat-veranstaltung","14":"product_tag-comedy","15":"product_tag-events","16":"product_tag-haus-leipzig","17":"product_tag-kultur","18":"product_tag-leipzig","19":"product_tag-orte","20":"product_tag-ruthe-live","21":"product_tag-shit-happens-die-neue-show","22":"product_tag-show","23":"product_tag-ticket","24":"product_tag-veranstaltung","25":"product_shipping_class-nur_paketversand","26":"pa_discount-normalpreis","27":"pa_preiskategorie-pk-i","29":"first","30":"instock","31":"taxable","32":"shipping-taxable","33":"purchasable","34":"product-type-variable"},"group_of_quantity":0,"min_quantity":0,"max_quantity":"","exclude_order_quantity_value_rules":"no","exclude_category_quantity_rules":"no","combine_variations":"no","acf":[],"_links":{"self":[{"href":"https:\/\/arena-ticket.com\/en\/wp-json\/wp\/v2\/product\/42249","targetHints":{"allow":["GET"]}}],"collection":[{"href":"https:\/\/arena-ticket.com\/en\/wp-json\/wp\/v2\/product"}],"about":[{"href":"https:\/\/arena-ticket.com\/en\/wp-json\/wp\/v2\/types\/product"}],"wp:featuredmedia":[{"embeddable":true,"href":"https:\/\/arena-ticket.com\/en\/wp-json\/wp\/v2\/media\/42256"}],"wp:attachment":[{"href":"https:\/\/arena-ticket.com\/en\/wp-json\/wp\/v2\/media?parent=42249"}],"wp:term":[{"taxonomy":"product_brand","embeddable":true,"href":"https:\/\/arena-ticket.com\/en\/wp-json\/wp\/v2\/product_brand?post=42249"},{"taxonomy":"product_cat","embeddable":true,"href":"https:\/\/arena-ticket.com\/en\/wp-json\/wp\/v2\/product_cat?post=42249"},{"taxonomy":"product_tag","embeddable":true,"href":"https:\/\/arena-ticket.com\/en\/wp-json\/wp\/v2\/product_tag?post=42249"}],"curies":[{"name":"wp","href":"https:\/\/api.w.org\/{rel}","templated":true}]}}