{"id":42252,"date":"2025-06-04T12:36:58","date_gmt":"2025-06-04T10:36:58","guid":{"rendered":"https:\/\/arena-ticket.com\/?p=42252&#038;post_type=product&#038;preview_id=42252"},"modified":"2025-06-06T18:35:47","modified_gmt":"2025-06-06T16:35:47","slug":"filmnaechte-leipzig-thunderbolts-2000-uhr-einlass-leipzig-scheibenholz-sommerkino-13-07-2025-21-30-uhr","status":"publish","type":"product","link":"https:\/\/arena-ticket.com\/en\/product\/filmnaechte-leipzig-thunderbolts-2000-uhr-einlass-leipzig-scheibenholz-sommerkino-13-07-2025-21-30-uhr\/","title":{"rendered":"Thunderbolts* - Scheibenholz Sommerkino"},"content":{"rendered":"<p>Nachdem Yelena Belova\/Black Widow (Florence Pugh), Alexei Shostakov\/Red Guardian (David Harbour), Antonia Dreykov\/Taskmaster (Olga Kurylenko), John Walker\/U.S. Agent (Wyatt Russell), Ava Starr\/Ghost (Hannah John-Kamen) und Bucky Barnes\/Winter Soldier (Sebastian Stan) in eine von Valentina Allegra de Fontaine (Julia Louis-Dreyfus) gestellte Todesfalle geraten sind, sehen sich die hoffnungslosen Au\u00dfenseiter gezwungen, eine riskante Mission zu \u00fcbernehmen. Diese f\u00fchrt sie nicht nur an gef\u00e4hrliche Orte, sondern auch tief in die dunklen Kapitel ihrer eigenen Vergangenheit. Zwischen Misstrauen, inneren Konflikten und alten Wunden steht die Frage im Raum: Wird sich die dysfunktionale Gruppe gegenseitig zerst\u00f6ren \u2013 oder gelingt es ihnen, \u00fcber sich hinauszuwachsen und gemeinsam etwas Gr\u00f6\u00dferes zu erschaffen, bevor die Zeit abl\u00e4uft?<\/p>","protected":false},"excerpt":{"rendered":"<p>Thunderbolts* - FSK 12 | 21:30 Uhr Beginn | 20:00 Uhr Einlass         <\/p>","protected":false},"featured_media":42255,"template":"","meta":{"_acf_changed":false,"inline_featured_image":false},"product_brand":[],"product_cat":[31,400,406,6768,922,86,35,21,58],"product_tag":[941,3236,3347,951,943,944,3235,5766,947,948],"class_list":{"0":"post-42252","1":"product","2":"type-product","3":"status-publish","4":"has-post-thumbnail","6":"product_cat-events","7":"product_cat-filmnaechte-scheibenholz","8":"product_cat-galopprennbahn-scheibenholz","9":"product_cat-kino","10":"product_cat-kultur","11":"product_cat-leipzig","12":"product_cat-orte","13":"product_cat-ticket","14":"product_cat-veranstaltung","15":"product_tag-events","16":"product_tag-filmnaechte-scheibenholz","17":"product_tag-galopprennbahn-scheibenholz","18":"product_tag-kultur","19":"product_tag-leipzig","20":"product_tag-orte","21":"product_tag-scheibenholz-sommerkino","22":"product_tag-thunderbolts","23":"product_tag-ticket","24":"product_tag-veranstaltung","25":"product_shipping_class-nur_paketversand","26":"pa_discount-kind","27":"pa_discount-normalpreis","28":"pa_preiskategorie-freie-platzwahl","30":"first","31":"instock","32":"taxable","33":"shipping-taxable","34":"purchasable","35":"product-type-variable","36":"has-default-attributes"},"group_of_quantity":0,"min_quantity":0,"max_quantity":"","exclude_order_quantity_value_rules":"no","exclude_category_quantity_rules":"no","combine_variations":"no","acf":[],"_links":{"self":[{"href":"https:\/\/arena-ticket.com\/en\/wp-json\/wp\/v2\/product\/42252","targetHints":{"allow":["GET"]}}],"collection":[{"href":"https:\/\/arena-ticket.com\/en\/wp-json\/wp\/v2\/product"}],"about":[{"href":"https:\/\/arena-ticket.com\/en\/wp-json\/wp\/v2\/types\/product"}],"wp:featuredmedia":[{"embeddable":true,"href":"https:\/\/arena-ticket.com\/en\/wp-json\/wp\/v2\/media\/42255"}],"wp:attachment":[{"href":"https:\/\/arena-ticket.com\/en\/wp-json\/wp\/v2\/media?parent=42252"}],"wp:term":[{"taxonomy":"product_brand","embeddable":true,"href":"https:\/\/arena-ticket.com\/en\/wp-json\/wp\/v2\/product_brand?post=42252"},{"taxonomy":"product_cat","embeddable":true,"href":"https:\/\/arena-ticket.com\/en\/wp-json\/wp\/v2\/product_cat?post=42252"},{"taxonomy":"product_tag","embeddable":true,"href":"https:\/\/arena-ticket.com\/en\/wp-json\/wp\/v2\/product_tag?post=42252"}],"curies":[{"name":"wp","href":"https:\/\/api.w.org\/{rel}","templated":true}]}}