{"id":42259,"date":"2025-06-04T12:46:14","date_gmt":"2025-06-04T10:46:14","guid":{"rendered":"https:\/\/arena-ticket.com\/?p=42259&#038;post_type=product&#038;preview_id=42259"},"modified":"2025-10-27T13:29:53","modified_gmt":"2025-10-27T12:29:53","slug":"thorsten-havener-alles-kopfsache-leipzig-haus-leipzig-02-12-2025-2000-uhr","status":"publish","type":"product","link":"https:\/\/arena-ticket.com\/en\/product\/thorsten-havener-alles-kopfsache-leipzig-haus-leipzig-02-12-2025-2000-uhr\/","title":{"rendered":"Thorsten Havener - Alles Kopfsache?"},"content":{"rendered":"<section class=\"c-full c-inner c-narrow\" data-c=\"stageteasertext\" data-qa=\"stageteasertext-component\">\n<div class=\"container\">\n<div class=\"external-content no-margin\">\n<div class=\"u-position-relative js-moretext-wrapper\">\n<div class=\"moretext js-moretext expanded\" data-qa=\"readMoreText\">\n<div class=\"moretext-teaser\">\n<h5 class=\"elementor-heading-title elementor-size-default\"><\/h5>\n<p>&nbsp;<\/p>\n<p>&nbsp;<\/p>\n<p>ALLES KOPFSACHE?<br \/>\nDas ist die Frage. In seiner Show verbindet Thorsten Havener seine mentalen F\u00e4higkeiten mit seinem Wissen und seinen Erfahrungen der letzten 20 Jahre.<\/p>\n<p>Der Abend ist ein einzigartiges Erlebnis \u2013 faszinierend, inspirierend und zugleich sehr unterhaltsam. Es ist ein Abend nicht nur f\u00fcr die Zuschauer*innen, sondern vor allem mit den Zuschauern*innen \u2013 denn es geht um ihre Gedanken, Emotionen und Entscheidungen.<\/p>\n<p>Charmant entf\u00fchrt Thorsten Havener sie in eine Welt, in der mehr m\u00f6glich ist, als sie denken. Diese Reise f\u00fchrt seine G\u00e4ste tief in ihr Innerstes, zu ihrer Intuition und an den Rand ihrer Vorstellungskraft. So erlangen sie v\u00f6llig neue Einblicke in die Kraft ihrer Gedanken und deren Auswirkung auf ihre Wirklichkeit.<\/p>\n<p>Realit\u00e4t, Intuition, Zufall und wirklich alles Kopfsache ?<\/p>\n<\/div>\n<\/div>\n<\/div>\n<\/div>\n<\/div>\n<\/section>","protected":false},"excerpt":{"rendered":"<p>Seit \u00fcber 20 Jahren verbl\u00fcfft Thorsten Havener mit seinen mentalen F\u00e4higkeiten seine Zuschauer*innen im TV und auf den B\u00fchnen dieser Welt. Hunderttausende verfolgten bereits weltweit staunend sein Schaffen und blieben r\u00e4tselnd zur\u00fcck. Jetzt Tickets f\u00fcr den Abend im Haus Leipzig sichern!<\/p>","protected":false},"featured_media":52975,"template":"","meta":{"_acf_changed":false,"inline_featured_image":false},"product_brand":[],"product_cat":[6725,31,349,95,86,35,21,58],"product_tag":[5767,941,955,951,943,944,958,4672,947,948],"class_list":{"0":"post-42259","1":"product","2":"type-product","3":"status-publish","4":"has-post-thumbnail","6":"product_cat-comedy","7":"product_cat-events","8":"product_cat-haus-leipzig","9":"product_cat-humor","10":"product_cat-leipzig","11":"product_cat-orte","12":"product_cat-ticket","13":"product_cat-veranstaltung","14":"product_tag-alles-kopfsache","15":"product_tag-events","16":"product_tag-haus-leipzig","17":"product_tag-kultur","18":"product_tag-leipzig","19":"product_tag-orte","20":"product_tag-show","21":"product_tag-thorsten-havener","22":"product_tag-ticket","23":"product_tag-veranstaltung","24":"product_shipping_class-nur_paketversand","25":"pa_discount-normalpreis","26":"pa_preiskategorie-pk-i","27":"pa_preiskategorie-pk-ii","28":"pa_preiskategorie-pk-iii","30":"first","31":"instock","32":"taxable","33":"shipping-taxable","34":"purchasable","35":"product-type-variable"},"group_of_quantity":0,"min_quantity":0,"max_quantity":"","exclude_order_quantity_value_rules":"no","exclude_category_quantity_rules":"no","combine_variations":"no","acf":[],"_links":{"self":[{"href":"https:\/\/arena-ticket.com\/en\/wp-json\/wp\/v2\/product\/42259","targetHints":{"allow":["GET"]}}],"collection":[{"href":"https:\/\/arena-ticket.com\/en\/wp-json\/wp\/v2\/product"}],"about":[{"href":"https:\/\/arena-ticket.com\/en\/wp-json\/wp\/v2\/types\/product"}],"wp:featuredmedia":[{"embeddable":true,"href":"https:\/\/arena-ticket.com\/en\/wp-json\/wp\/v2\/media\/52975"}],"wp:attachment":[{"href":"https:\/\/arena-ticket.com\/en\/wp-json\/wp\/v2\/media?parent=42259"}],"wp:term":[{"taxonomy":"product_brand","embeddable":true,"href":"https:\/\/arena-ticket.com\/en\/wp-json\/wp\/v2\/product_brand?post=42259"},{"taxonomy":"product_cat","embeddable":true,"href":"https:\/\/arena-ticket.com\/en\/wp-json\/wp\/v2\/product_cat?post=42259"},{"taxonomy":"product_tag","embeddable":true,"href":"https:\/\/arena-ticket.com\/en\/wp-json\/wp\/v2\/product_tag?post=42259"}],"curies":[{"name":"wp","href":"https:\/\/api.w.org\/{rel}","templated":true}]}}