{"id":42273,"date":"2025-06-04T13:20:29","date_gmt":"2025-06-04T11:20:29","guid":{"rendered":"https:\/\/arena-ticket.com\/?p=42273&#038;post_type=product&#038;preview_id=42273"},"modified":"2025-06-06T18:35:46","modified_gmt":"2025-06-06T16:35:46","slug":"filmnaechte-leipzig-the-amateur-2000-uhr-einlass-leipzig-scheibenholz-sommerkino-15-07-2025-21-30-uhr","status":"publish","type":"product","link":"https:\/\/arena-ticket.com\/en\/product\/filmnaechte-leipzig-the-amateur-2000-uhr-einlass-leipzig-scheibenholz-sommerkino-15-07-2025-21-30-uhr\/","title":{"rendered":"The Amateur - Scheibenholz Sommerkino"},"content":{"rendered":"<p>Charles Heller (Rami Malek) ist ein au\u00dfergew\u00f6hnlich begabter, jedoch extrem in sich zur\u00fcckgezogener Analyst bei der CIA, der sein Dasein in einem unscheinbaren Kellerb\u00fcro im Hauptquartier des Geheimdienstes in Langley fristet. Sein geordnetes Leben wird j\u00e4h zerst\u00f6rt, als seine Ehefrau bei einem verheerenden Terroranschlag in London ums Leben kommt. Doch anstatt zur Tat zu schreiten, zeigen Charles' Vorgesetzte keinerlei Interesse, den Fall von internationaler Tragweite weiterzuverfolgen. Getrieben von tiefem Schmerz und unb\u00e4ndiger Wut beschlie\u00dft er letztendlich, sein Schicksal einfach selbst in die Hand zu nehmen. Er verl\u00e4sst also seine vertraute Umgebung und begibt sich auf eine gef\u00e4hrliche Mission, die ihn um die halbe Welt f\u00fchrt. Mit seinem scharfen Verstand bleibt er seinen Gegnern stets einen Schritt voraus, w\u00e4hrend er unerm\u00fcdlich nach den Drahtziehern des Anschlags sucht. Er will um jeden Preis Rache \u00fcben.<\/p>","protected":false},"excerpt":{"rendered":"<p>The Amateur - FSK 12 | 21:30 Uhr Beginn | 20:00 Uhr Einlass         <\/p>","protected":false},"featured_media":42288,"template":"","meta":{"_acf_changed":false,"inline_featured_image":false},"product_brand":[],"product_cat":[31,400,406,6768,922,86,35,21,58],"product_tag":[941,3236,3347,951,943,944,3235,5771,947,948],"class_list":{"0":"post-42273","1":"product","2":"type-product","3":"status-publish","4":"has-post-thumbnail","6":"product_cat-events","7":"product_cat-filmnaechte-scheibenholz","8":"product_cat-galopprennbahn-scheibenholz","9":"product_cat-kino","10":"product_cat-kultur","11":"product_cat-leipzig","12":"product_cat-orte","13":"product_cat-ticket","14":"product_cat-veranstaltung","15":"product_tag-events","16":"product_tag-filmnaechte-scheibenholz","17":"product_tag-galopprennbahn-scheibenholz","18":"product_tag-kultur","19":"product_tag-leipzig","20":"product_tag-orte","21":"product_tag-scheibenholz-sommerkino","22":"product_tag-the-amateur","23":"product_tag-ticket","24":"product_tag-veranstaltung","25":"product_shipping_class-nur_paketversand","26":"pa_discount-kind","27":"pa_discount-normalpreis","28":"pa_preiskategorie-freie-platzwahl","30":"first","31":"instock","32":"taxable","33":"shipping-taxable","34":"purchasable","35":"product-type-variable","36":"has-default-attributes"},"group_of_quantity":0,"min_quantity":0,"max_quantity":"","exclude_order_quantity_value_rules":"no","exclude_category_quantity_rules":"no","combine_variations":"no","acf":[],"_links":{"self":[{"href":"https:\/\/arena-ticket.com\/en\/wp-json\/wp\/v2\/product\/42273","targetHints":{"allow":["GET"]}}],"collection":[{"href":"https:\/\/arena-ticket.com\/en\/wp-json\/wp\/v2\/product"}],"about":[{"href":"https:\/\/arena-ticket.com\/en\/wp-json\/wp\/v2\/types\/product"}],"wp:featuredmedia":[{"embeddable":true,"href":"https:\/\/arena-ticket.com\/en\/wp-json\/wp\/v2\/media\/42288"}],"wp:attachment":[{"href":"https:\/\/arena-ticket.com\/en\/wp-json\/wp\/v2\/media?parent=42273"}],"wp:term":[{"taxonomy":"product_brand","embeddable":true,"href":"https:\/\/arena-ticket.com\/en\/wp-json\/wp\/v2\/product_brand?post=42273"},{"taxonomy":"product_cat","embeddable":true,"href":"https:\/\/arena-ticket.com\/en\/wp-json\/wp\/v2\/product_cat?post=42273"},{"taxonomy":"product_tag","embeddable":true,"href":"https:\/\/arena-ticket.com\/en\/wp-json\/wp\/v2\/product_tag?post=42273"}],"curies":[{"name":"wp","href":"https:\/\/api.w.org\/{rel}","templated":true}]}}