{"id":42291,"date":"2025-06-04T13:30:58","date_gmt":"2025-06-04T11:30:58","guid":{"rendered":"https:\/\/arena-ticket.com\/?p=42291&#038;post_type=product&#038;preview_id=42291"},"modified":"2025-06-06T18:35:45","modified_gmt":"2025-06-06T16:35:45","slug":"filmnaechte-leipzig-alter-weisser-mann-2000-uhr-einlass-leipzig-scheibenholz-sommerkino-16-07-2025-21-30-uhr","status":"publish","type":"product","link":"https:\/\/arena-ticket.com\/en\/product\/filmnaechte-leipzig-alter-weisser-mann-2000-uhr-einlass-leipzig-scheibenholz-sommerkino-16-07-2025-21-30-uhr\/","title":{"rendered":"Alter wei\u00dfer Mann - Scheibenholz Sommerkino"},"content":{"rendered":"<p>Die Zeiten sind sensibel. Das muss Familienvater Heinz Hellmich schmerzhaft feststellen, als ihm nach einigen ungeschickten Fehltritten in der Firma der Jobverlust droht. Um zu beweisen, dass er kein \"alter wei\u00dfer Mann\u201d ist, l\u00e4dt er seinen Chef und weitere G\u00e4ste (oder hei\u00dft es G\u00e4st*innen?!) f\u00fcr ein Dinner zu sich nach Hause ein. Mitsamt seiner Familie will er sich von der besten, modernsten und \u201cwokesten\u201d Seite pr\u00e4sentieren! Doch schon in der Anbahnung des Abends tappt Heinz von einem Festn\u00e4pfchen ins n\u00e4chste und stellt dabei fest, dass seine Frau Carla, seine Kinder und auch Opa Georg nicht gerade pure Harmonie ausstrahlen. Als nach vielen Turbulenzen endlich alle an einem Tisch sitzen, beginnt die politisch korrekte Fassade schnell zu br\u00f6ckeln...alte Streitigkeiten brechen auf, \u00fcberraschende G\u00e4ste sorgen f\u00fcr immer neue Wendungen und die diverse Dinner-Gesellschaft pfl\u00fcgt chaotisch durch das Minenfeld der heikelsten Themen unserer Zeit, bis am Ende die Frage steht, wie es m\u00f6glich ist, trotz aller Streitigkeiten Br\u00fccken zu bauen, in der Familie Hellmich, wie der gesamten Gesellschaft.<\/p>","protected":false},"excerpt":{"rendered":"<p>Alter wei\u00dfer Mann - FSK 6 | 21:30 Uhr Beginn | 20:00 Uhr Einlass         <\/p>","protected":false},"featured_media":42294,"template":"","meta":{"_acf_changed":false,"inline_featured_image":false},"product_brand":[],"product_cat":[31,400,406,6768,922,86,35,21,58],"product_tag":[5774,941,3236,3347,951,943,944,3235,947,948],"class_list":{"0":"post-42291","1":"product","2":"type-product","3":"status-publish","4":"has-post-thumbnail","6":"product_cat-events","7":"product_cat-filmnaechte-scheibenholz","8":"product_cat-galopprennbahn-scheibenholz","9":"product_cat-kino","10":"product_cat-kultur","11":"product_cat-leipzig","12":"product_cat-orte","13":"product_cat-ticket","14":"product_cat-veranstaltung","15":"product_tag-alter-weisser-mann","16":"product_tag-events","17":"product_tag-filmnaechte-scheibenholz","18":"product_tag-galopprennbahn-scheibenholz","19":"product_tag-kultur","20":"product_tag-leipzig","21":"product_tag-orte","22":"product_tag-scheibenholz-sommerkino","23":"product_tag-ticket","24":"product_tag-veranstaltung","25":"product_shipping_class-nur_paketversand","26":"pa_discount-kind","27":"pa_discount-normalpreis","28":"pa_preiskategorie-freie-platzwahl","30":"first","31":"instock","32":"taxable","33":"shipping-taxable","34":"purchasable","35":"product-type-variable","36":"has-default-attributes"},"group_of_quantity":0,"min_quantity":0,"max_quantity":"","exclude_order_quantity_value_rules":"no","exclude_category_quantity_rules":"no","combine_variations":"no","acf":[],"_links":{"self":[{"href":"https:\/\/arena-ticket.com\/en\/wp-json\/wp\/v2\/product\/42291","targetHints":{"allow":["GET"]}}],"collection":[{"href":"https:\/\/arena-ticket.com\/en\/wp-json\/wp\/v2\/product"}],"about":[{"href":"https:\/\/arena-ticket.com\/en\/wp-json\/wp\/v2\/types\/product"}],"wp:featuredmedia":[{"embeddable":true,"href":"https:\/\/arena-ticket.com\/en\/wp-json\/wp\/v2\/media\/42294"}],"wp:attachment":[{"href":"https:\/\/arena-ticket.com\/en\/wp-json\/wp\/v2\/media?parent=42291"}],"wp:term":[{"taxonomy":"product_brand","embeddable":true,"href":"https:\/\/arena-ticket.com\/en\/wp-json\/wp\/v2\/product_brand?post=42291"},{"taxonomy":"product_cat","embeddable":true,"href":"https:\/\/arena-ticket.com\/en\/wp-json\/wp\/v2\/product_cat?post=42291"},{"taxonomy":"product_tag","embeddable":true,"href":"https:\/\/arena-ticket.com\/en\/wp-json\/wp\/v2\/product_tag?post=42291"}],"curies":[{"name":"wp","href":"https:\/\/api.w.org\/{rel}","templated":true}]}}