{"id":42295,"date":"2025-06-04T13:37:52","date_gmt":"2025-06-04T11:37:52","guid":{"rendered":"https:\/\/arena-ticket.com\/?p=42295&#038;post_type=product&#038;preview_id=42295"},"modified":"2025-06-06T18:35:44","modified_gmt":"2025-06-06T16:35:44","slug":"filmnaechte-leipzig-mickey-17-2000-uhr-einlass-leipzig-scheibenholz-sommerkino-17-07-2025-21-30-uhr","status":"publish","type":"product","link":"https:\/\/arena-ticket.com\/en\/product\/filmnaechte-leipzig-mickey-17-2000-uhr-einlass-leipzig-scheibenholz-sommerkino-17-07-2025-21-30-uhr\/","title":{"rendered":"Mickey 17 - Scheibenholz Sommerkino"},"content":{"rendered":"<p>Bei der Kolonisation des Eisplaneten Nilfheim hat Mickey 17 (Robert Pattinson) die Aufgabe der Expeditionscrew zu helfen \u2013 vor allem bei den Jobs, die gef\u00e4hrlich sind. Denn Mickey hat einen Vorteil: Er ist ersetzbar. Wenn er stirbt, wird einfach der n\u00e4chste Klon produziert, der nicht nur seine bisherigen Erinnerungen hat, sondern auch die Arbeit nahtlos fortsetzen kann. Doch als Mickey eines Tages f\u00fcr kurze Zeit vermisst wird, entdeckt er, dass Mickey 18 schon an den Start gebracht wurde. Doch Mickey 17 will nicht sterben. Er muss also seinen Klon geheim halten. Doch zudem wird auch das Leben auf Nilfheim immer gef\u00e4hrlicher, weil die Mission zu scheitern droht, sich die Nahrung dem Ende neigt und die einheimische Bev\u00f6lkerung nicht gut auf die neuen menschlichen Nachbarn zu sprechen sind. Mickey 17 muss also in diesem Umfeld \u00fcberleben \u2013 und das als Wegwerfklon.<\/p>","protected":false},"excerpt":{"rendered":"<p>Mickey 17 - FSK 12 | 21:30 Uhr Beginn | 20:00 Uhr Einlass         <\/p>","protected":false},"featured_media":42303,"template":"","meta":{"_acf_changed":false,"inline_featured_image":false},"product_brand":[],"product_cat":[31,400,406,6768,922,86,35,21,58],"product_tag":[941,3236,3347,951,943,5775,944,3235,947,948],"class_list":{"0":"post-42295","1":"product","2":"type-product","3":"status-publish","4":"has-post-thumbnail","6":"product_cat-events","7":"product_cat-filmnaechte-scheibenholz","8":"product_cat-galopprennbahn-scheibenholz","9":"product_cat-kino","10":"product_cat-kultur","11":"product_cat-leipzig","12":"product_cat-orte","13":"product_cat-ticket","14":"product_cat-veranstaltung","15":"product_tag-events","16":"product_tag-filmnaechte-scheibenholz","17":"product_tag-galopprennbahn-scheibenholz","18":"product_tag-kultur","19":"product_tag-leipzig","20":"product_tag-mickey-17","21":"product_tag-orte","22":"product_tag-scheibenholz-sommerkino","23":"product_tag-ticket","24":"product_tag-veranstaltung","25":"product_shipping_class-nur_paketversand","26":"pa_discount-kind","27":"pa_discount-normalpreis","28":"pa_preiskategorie-freie-platzwahl","30":"first","31":"instock","32":"taxable","33":"shipping-taxable","34":"purchasable","35":"product-type-variable","36":"has-default-attributes"},"group_of_quantity":0,"min_quantity":0,"max_quantity":"","exclude_order_quantity_value_rules":"no","exclude_category_quantity_rules":"no","combine_variations":"no","acf":[],"_links":{"self":[{"href":"https:\/\/arena-ticket.com\/en\/wp-json\/wp\/v2\/product\/42295","targetHints":{"allow":["GET"]}}],"collection":[{"href":"https:\/\/arena-ticket.com\/en\/wp-json\/wp\/v2\/product"}],"about":[{"href":"https:\/\/arena-ticket.com\/en\/wp-json\/wp\/v2\/types\/product"}],"wp:featuredmedia":[{"embeddable":true,"href":"https:\/\/arena-ticket.com\/en\/wp-json\/wp\/v2\/media\/42303"}],"wp:attachment":[{"href":"https:\/\/arena-ticket.com\/en\/wp-json\/wp\/v2\/media?parent=42295"}],"wp:term":[{"taxonomy":"product_brand","embeddable":true,"href":"https:\/\/arena-ticket.com\/en\/wp-json\/wp\/v2\/product_brand?post=42295"},{"taxonomy":"product_cat","embeddable":true,"href":"https:\/\/arena-ticket.com\/en\/wp-json\/wp\/v2\/product_cat?post=42295"},{"taxonomy":"product_tag","embeddable":true,"href":"https:\/\/arena-ticket.com\/en\/wp-json\/wp\/v2\/product_tag?post=42295"}],"curies":[{"name":"wp","href":"https:\/\/api.w.org\/{rel}","templated":true}]}}