{"id":42298,"date":"2025-06-04T13:39:02","date_gmt":"2025-06-04T11:39:02","guid":{"rendered":"https:\/\/arena-ticket.com\/?p=42298&#038;post_type=product&#038;preview_id=42298"},"modified":"2025-10-04T12:26:39","modified_gmt":"2025-10-04T10:26:39","slug":"mono-inc-live-2025-zwickau-stadthalle-zwickau-11-10-2025-1900-uhr","status":"publish","type":"product","link":"https:\/\/arena-ticket.com\/en\/product\/mono-inc-live-2025-zwickau-stadthalle-zwickau-11-10-2025-1900-uhr\/","title":{"rendered":"Mono Inc.  - Live 2025"},"content":{"rendered":"<p>Darkness \u2013 MONO INC. feiern die St\u00e4rke und das Licht in uns!<\/p>\n<p>Nach den beiden #1-Alben \"The Book of Fire\" und \"Ravenblack\", einer erneut komplett ausverkauften Symphonic Tour und Headliner-Slots auf diversen Festivals kommt am 15.08.2025 endlich das 13. Studioalbum der Hamburger. \u201eDarkness\u201c ist eine mitrei\u00dfende Ode an die Kraft in jedem von uns.<\/p>\n<p>Die Giganten des Dark Rock \u2013 tiefgr\u00fcndig wie nie, vielschichtig wie nie. Mit den Songs auf \u201eDarkness\u201c beweisen MONO INC., dass Dunkelheit nicht das Ende bedeutet. Im Gegenteil: Lyrics und Sound der ersten Single \u201eIn My Darkness\u201c strahlen tief aus sich selbst heraus. \u201eSo wie wir immer wieder f\u00fcr uns selbst leuchten k\u00f6nnen, wenn die Welt um uns herum im Chaos versinkt\u201c, sagt Bandleader Martin Engler.<\/p>\n<p>Solidarit\u00e4t und Toleranz, N\u00e4chstenliebe und Selbstliebe: \u201eDarkness\u201c dreht sich um alles, was die immer gr\u00f6\u00dfer werdende Raven Community seit Jahren durch alle St\u00fcrme und T\u00e4ler tr\u00e4gt. \u201eDarkness\u201c strotzt vor epochaler Kraft und schafft gleichzeitig intime Momente \u2013 ab Oktober live zu erleben auf der bisher gr\u00f6\u00dften Tour von MONO INC.<\/p>","protected":false},"excerpt":{"rendered":"<p>Secure your tickets!<\/p>","protected":false},"featured_media":50722,"template":"","meta":{"_acf_changed":false,"inline_featured_image":false},"product_brand":[],"product_cat":[31,69,35,6732,4710,21,58,4432],"product_tag":[941,942,3418,3377,944,6320,5737,947,948,4440],"class_list":{"0":"post-42298","1":"product","2":"type-product","3":"status-publish","4":"has-post-thumbnail","6":"product_cat-events","7":"product_cat-konzert","8":"product_cat-orte","9":"product_cat-rock-hard-rock","10":"product_cat-sparkassen-arena-zwickau","11":"product_cat-ticket","12":"product_cat-veranstaltung","13":"product_cat-zwickau","14":"product_tag-events","15":"product_tag-konzert","16":"product_tag-live-2025","17":"product_tag-mono-inc","18":"product_tag-orte","19":"product_tag-sparkassen-arena-zwickau","20":"product_tag-stadthalle-zwickau","21":"product_tag-ticket","22":"product_tag-veranstaltung","23":"product_tag-zwickau","24":"product_shipping_class-nur_paketversand","25":"pa_discount-normalpreis","26":"pa_preiskategorie-freie-platzwahl","27":"pa_preiskategorie-stehplatz","29":"first","30":"outofstock","31":"taxable","32":"shipping-taxable","33":"purchasable","34":"product-type-variable","35":"has-default-attributes"},"group_of_quantity":0,"min_quantity":0,"max_quantity":"","exclude_order_quantity_value_rules":"no","exclude_category_quantity_rules":"no","combine_variations":"no","acf":[],"_links":{"self":[{"href":"https:\/\/arena-ticket.com\/en\/wp-json\/wp\/v2\/product\/42298","targetHints":{"allow":["GET"]}}],"collection":[{"href":"https:\/\/arena-ticket.com\/en\/wp-json\/wp\/v2\/product"}],"about":[{"href":"https:\/\/arena-ticket.com\/en\/wp-json\/wp\/v2\/types\/product"}],"wp:featuredmedia":[{"embeddable":true,"href":"https:\/\/arena-ticket.com\/en\/wp-json\/wp\/v2\/media\/50722"}],"wp:attachment":[{"href":"https:\/\/arena-ticket.com\/en\/wp-json\/wp\/v2\/media?parent=42298"}],"wp:term":[{"taxonomy":"product_brand","embeddable":true,"href":"https:\/\/arena-ticket.com\/en\/wp-json\/wp\/v2\/product_brand?post=42298"},{"taxonomy":"product_cat","embeddable":true,"href":"https:\/\/arena-ticket.com\/en\/wp-json\/wp\/v2\/product_cat?post=42298"},{"taxonomy":"product_tag","embeddable":true,"href":"https:\/\/arena-ticket.com\/en\/wp-json\/wp\/v2\/product_tag?post=42298"}],"curies":[{"name":"wp","href":"https:\/\/api.w.org\/{rel}","templated":true}]}}