{"id":42304,"date":"2025-06-04T13:44:01","date_gmt":"2025-06-04T11:44:01","guid":{"rendered":"https:\/\/arena-ticket.com\/?p=42304&#038;post_type=product&#038;preview_id=42304"},"modified":"2025-06-06T18:35:43","modified_gmt":"2025-06-06T16:35:43","slug":"filmnaechte-leipzig-harry-potter-und-der-stein-der-weisen-2000-uhr-einlass-leipzig-scheibenholz-sommerkino-18-07-2025-21-30-uhr","status":"publish","type":"product","link":"https:\/\/arena-ticket.com\/en\/product\/filmnaechte-leipzig-harry-potter-und-der-stein-der-weisen-2000-uhr-einlass-leipzig-scheibenholz-sommerkino-18-07-2025-21-30-uhr\/","title":{"rendered":"Harry Potter und der Stein der Weisen - Scheibenholz Sommerkino"},"content":{"rendered":"<p>Harry Potters (Daniel Radcliffe) Leben ver\u00e4ndert sich schlagartig, als er an seinem 11. Geburtstag erf\u00e4hrt, dass er kein gew\u00f6hnlicher Junge ist, sondern ein Zauberer. Gut so, denn jetzt kann er endlich das Haus von Tante und Onkel verlassen, bei denen er von klein auf ungeliebt gelebt hat. Er besucht von nun an die Hogwarts-Schule f\u00fcr Hexerei und Zauberei, wo er aufgrund von Geschehnissen nach seiner Geburt ber\u00fchmt ist. Schnell freundet er sich mit Ron Weasley (Rupert Grint) und Hermine Granger (Emma Watson) an und lernt au\u00dferdem den riesenhaften Hagrid (Robbie Coltrane) kennen. Es wartet ein spannendes erstes Schuljahr voller Magie und mit Harrys ersten Versuchen im Quidditch, einem Ballspiel auf fliegenden Besen. Au\u00dferdem ist da noch die Frage zu kl\u00e4ren, was es mit dem Stein der Weisen auf sich hat.<\/p>","protected":false},"excerpt":{"rendered":"<p>Harry Potter und der Stein der Weisen - FSK 6 | 21:30 Uhr Beginn | 20:00 Uhr Einlass         <\/p>","protected":false},"featured_media":42307,"template":"","meta":{"_acf_changed":false,"inline_featured_image":false},"product_brand":[],"product_cat":[31,400,406,6768,922,86,35,21,58],"product_tag":[941,3236,3347,3720,951,943,944,3235,947,948],"class_list":{"0":"post-42304","1":"product","2":"type-product","3":"status-publish","4":"has-post-thumbnail","6":"product_cat-events","7":"product_cat-filmnaechte-scheibenholz","8":"product_cat-galopprennbahn-scheibenholz","9":"product_cat-kino","10":"product_cat-kultur","11":"product_cat-leipzig","12":"product_cat-orte","13":"product_cat-ticket","14":"product_cat-veranstaltung","15":"product_tag-events","16":"product_tag-filmnaechte-scheibenholz","17":"product_tag-galopprennbahn-scheibenholz","18":"product_tag-harry-potter-und-der-stein-der-weisen","19":"product_tag-kultur","20":"product_tag-leipzig","21":"product_tag-orte","22":"product_tag-scheibenholz-sommerkino","23":"product_tag-ticket","24":"product_tag-veranstaltung","25":"product_shipping_class-nur_paketversand","26":"pa_discount-kind","27":"pa_discount-normalpreis","28":"pa_preiskategorie-freie-platzwahl","30":"first","31":"instock","32":"taxable","33":"shipping-taxable","34":"purchasable","35":"product-type-variable","36":"has-default-attributes"},"group_of_quantity":0,"min_quantity":0,"max_quantity":"","exclude_order_quantity_value_rules":"no","exclude_category_quantity_rules":"no","combine_variations":"no","acf":[],"_links":{"self":[{"href":"https:\/\/arena-ticket.com\/en\/wp-json\/wp\/v2\/product\/42304","targetHints":{"allow":["GET"]}}],"collection":[{"href":"https:\/\/arena-ticket.com\/en\/wp-json\/wp\/v2\/product"}],"about":[{"href":"https:\/\/arena-ticket.com\/en\/wp-json\/wp\/v2\/types\/product"}],"wp:featuredmedia":[{"embeddable":true,"href":"https:\/\/arena-ticket.com\/en\/wp-json\/wp\/v2\/media\/42307"}],"wp:attachment":[{"href":"https:\/\/arena-ticket.com\/en\/wp-json\/wp\/v2\/media?parent=42304"}],"wp:term":[{"taxonomy":"product_brand","embeddable":true,"href":"https:\/\/arena-ticket.com\/en\/wp-json\/wp\/v2\/product_brand?post=42304"},{"taxonomy":"product_cat","embeddable":true,"href":"https:\/\/arena-ticket.com\/en\/wp-json\/wp\/v2\/product_cat?post=42304"},{"taxonomy":"product_tag","embeddable":true,"href":"https:\/\/arena-ticket.com\/en\/wp-json\/wp\/v2\/product_tag?post=42304"}],"curies":[{"name":"wp","href":"https:\/\/api.w.org\/{rel}","templated":true}]}}