{"id":42313,"date":"2025-06-04T14:02:21","date_gmt":"2025-06-04T12:02:21","guid":{"rendered":"https:\/\/arena-ticket.com\/?p=42313&#038;post_type=product&#038;preview_id=42313"},"modified":"2025-06-06T18:35:41","modified_gmt":"2025-06-06T16:35:41","slug":"filmnaechte-leipzig-ein-minecraft-film-2000-uhr-einlass-leipzig-scheibenholz-sommerkino-20-07-2025-21-30-uhr","status":"publish","type":"product","link":"https:\/\/arena-ticket.com\/en\/product\/filmnaechte-leipzig-ein-minecraft-film-2000-uhr-einlass-leipzig-scheibenholz-sommerkino-20-07-2025-21-30-uhr\/","title":{"rendered":"Ein Minecraft Film - Scheibenholz Sommerkino"},"content":{"rendered":"<p>Als die vier Au\u00dfenseiter Garrett \u201eThe Garbage Man\u201c Garrison (Jason Momoa), Henry (Sebastian Eugene Hansen), Natalie (Emma Myers) und Dawn (Danielle Brooks) eines Tages durch ein geheimnisvolles Portal in die Oberwelt katapultiert werden, setzt das dem Alltagstrott ein j\u00e4hes Ende. In der bizzaren, w\u00fcrfelf\u00f6rmigen Landschaft k\u00f6nnen sie mit ihrer Fantasie Dinge fernab ihrer Vorstellungskraft erschaffen. Nichtsdestotrotz wollen sie gerne heile wieder zuhause ankommen, doch daf\u00fcr gilt es zun\u00e4chst diese Welt zu \u00fcberstehen, die neben fantastischen M\u00f6glichkeiten auch d\u00fcstere N\u00e4chte mit b\u00f6sartigen Wesen bereith\u00e4lt. Der erfahrene Carfter Steve (Jack Black) f\u00fchrt die Fremden durch das absurde Abenteuer. Die f\u00fcnf Gef\u00e4hrten finden sich mit der gro\u00dfen Herausforderung konfrontiert, sich auch im Angesicht bedrohlicher Gefahren auf die kreativen Qualit\u00e4ten zu besinnen, die jeden Einzelnen von ihnen ausmachen. Damit retten sie sich nicht nur in der Minecraft-Welt das Leben, sondern lernen auch, was sie bereits in sich tragen, um auch in der realen Welt erfolgreich zu sein.<\/p>","protected":false},"excerpt":{"rendered":"<p>Ein Minecraft Film - FSK 12 | 21:30 Uhr Beginn | 20:00 Uhr Einlass         <\/p>","protected":false},"featured_media":42318,"template":"","meta":{"_acf_changed":false,"inline_featured_image":false},"product_brand":[],"product_cat":[31,400,406,6768,922,86,35,21,58],"product_tag":[5776,941,3236,3347,951,943,944,3235,947,948],"class_list":{"0":"post-42313","1":"product","2":"type-product","3":"status-publish","4":"has-post-thumbnail","6":"product_cat-events","7":"product_cat-filmnaechte-scheibenholz","8":"product_cat-galopprennbahn-scheibenholz","9":"product_cat-kino","10":"product_cat-kultur","11":"product_cat-leipzig","12":"product_cat-orte","13":"product_cat-ticket","14":"product_cat-veranstaltung","15":"product_tag-ein-minecraft-film","16":"product_tag-events","17":"product_tag-filmnaechte-scheibenholz","18":"product_tag-galopprennbahn-scheibenholz","19":"product_tag-kultur","20":"product_tag-leipzig","21":"product_tag-orte","22":"product_tag-scheibenholz-sommerkino","23":"product_tag-ticket","24":"product_tag-veranstaltung","25":"product_shipping_class-nur_paketversand","26":"pa_discount-kind","27":"pa_discount-normalpreis","28":"pa_preiskategorie-freie-platzwahl","30":"first","31":"instock","32":"taxable","33":"shipping-taxable","34":"purchasable","35":"product-type-variable","36":"has-default-attributes"},"group_of_quantity":0,"min_quantity":0,"max_quantity":"","exclude_order_quantity_value_rules":"no","exclude_category_quantity_rules":"no","combine_variations":"no","acf":[],"_links":{"self":[{"href":"https:\/\/arena-ticket.com\/en\/wp-json\/wp\/v2\/product\/42313","targetHints":{"allow":["GET"]}}],"collection":[{"href":"https:\/\/arena-ticket.com\/en\/wp-json\/wp\/v2\/product"}],"about":[{"href":"https:\/\/arena-ticket.com\/en\/wp-json\/wp\/v2\/types\/product"}],"wp:featuredmedia":[{"embeddable":true,"href":"https:\/\/arena-ticket.com\/en\/wp-json\/wp\/v2\/media\/42318"}],"wp:attachment":[{"href":"https:\/\/arena-ticket.com\/en\/wp-json\/wp\/v2\/media?parent=42313"}],"wp:term":[{"taxonomy":"product_brand","embeddable":true,"href":"https:\/\/arena-ticket.com\/en\/wp-json\/wp\/v2\/product_brand?post=42313"},{"taxonomy":"product_cat","embeddable":true,"href":"https:\/\/arena-ticket.com\/en\/wp-json\/wp\/v2\/product_cat?post=42313"},{"taxonomy":"product_tag","embeddable":true,"href":"https:\/\/arena-ticket.com\/en\/wp-json\/wp\/v2\/product_tag?post=42313"}],"curies":[{"name":"wp","href":"https:\/\/api.w.org\/{rel}","templated":true}]}}