{"id":42319,"date":"2025-06-04T14:22:32","date_gmt":"2025-06-04T12:22:32","guid":{"rendered":"https:\/\/arena-ticket.com\/?p=42319&#038;post_type=product&#038;preview_id=42319"},"modified":"2025-06-06T18:35:40","modified_gmt":"2025-06-06T16:35:40","slug":"filmnaechte-leipzig-gladiator-ii-2000-uhr-einlass-leipzig-scheibenholz-sommerkino-22-07-2025-21-30-uhr","status":"publish","type":"product","link":"https:\/\/arena-ticket.com\/en\/product\/filmnaechte-leipzig-gladiator-ii-2000-uhr-einlass-leipzig-scheibenholz-sommerkino-22-07-2025-21-30-uhr\/","title":{"rendered":"Gladiator II - Scheibenholz Sommerkino"},"content":{"rendered":"<p>Nach dem Tod seines Idols Maximus (Russell Crowe) wurde Lucius (Paul Mescal), der Sohn von Lucilla (Connie Nielsen), au\u00dferhalb des R\u00f6mischen Reichs in Sicherheit gebracht. Dem Einfluss r\u00f6mischer Korruption, Intrigen und Machtgerangel entzogen, w\u00e4chst Lucius an der nordafrikanischen K\u00fcste in Frieden zu einem jungen Mann heran \u2013 bis er eines Tages von der Vergangenheit eingeholt wird. Seine neue numidische Heimat wird von r\u00f6mischen Legionen unter der F\u00fchrung von General Marcus Acacius (Pedro Pascal) \u00fcberfallen. Traumatisiert von tragischen Verlusten wird Lucius nach Rom verschleppt und an den Gladiatorenstall-Besitzer Macrinus (Denzel Washington) verkauft. Zur Unterhaltung des Volkes und der Co-Kaiser Geta (Joseph Quinn) und Caracalla (Fred Hechinger) soll er in der Arena um sein Leben k\u00e4mpfen. Von unb\u00e4ndiger Wut angetrieben, will Lucius dem Imperium einen Schlag versetzen und vor allem Rache an dem Mann nehmen, den er als seinen \u00e4rgsten Feind ansieht: General Acacius, der allerdings mit Lucius Mutter Lucilla verheiratet ist.<\/p>","protected":false},"excerpt":{"rendered":"<p>Gladiator II - FSK 16 | 21:30 Uhr Beginn | 20:00 Uhr Einlass         <\/p>","protected":false},"featured_media":42322,"template":"","meta":{"_acf_changed":false,"inline_featured_image":false},"product_brand":[],"product_cat":[31,400,406,6768,922,86,35,21,58],"product_tag":[941,3236,3347,5777,951,943,944,3235,947,948],"class_list":{"0":"post-42319","1":"product","2":"type-product","3":"status-publish","4":"has-post-thumbnail","6":"product_cat-events","7":"product_cat-filmnaechte-scheibenholz","8":"product_cat-galopprennbahn-scheibenholz","9":"product_cat-kino","10":"product_cat-kultur","11":"product_cat-leipzig","12":"product_cat-orte","13":"product_cat-ticket","14":"product_cat-veranstaltung","15":"product_tag-events","16":"product_tag-filmnaechte-scheibenholz","17":"product_tag-galopprennbahn-scheibenholz","18":"product_tag-gladiator-ii","19":"product_tag-kultur","20":"product_tag-leipzig","21":"product_tag-orte","22":"product_tag-scheibenholz-sommerkino","23":"product_tag-ticket","24":"product_tag-veranstaltung","25":"product_shipping_class-nur_paketversand","26":"pa_discount-kind","27":"pa_discount-normalpreis","28":"pa_preiskategorie-freie-platzwahl","30":"first","31":"instock","32":"taxable","33":"shipping-taxable","34":"purchasable","35":"product-type-variable","36":"has-default-attributes"},"group_of_quantity":0,"min_quantity":0,"max_quantity":"","exclude_order_quantity_value_rules":"no","exclude_category_quantity_rules":"no","combine_variations":"no","acf":[],"_links":{"self":[{"href":"https:\/\/arena-ticket.com\/en\/wp-json\/wp\/v2\/product\/42319","targetHints":{"allow":["GET"]}}],"collection":[{"href":"https:\/\/arena-ticket.com\/en\/wp-json\/wp\/v2\/product"}],"about":[{"href":"https:\/\/arena-ticket.com\/en\/wp-json\/wp\/v2\/types\/product"}],"wp:featuredmedia":[{"embeddable":true,"href":"https:\/\/arena-ticket.com\/en\/wp-json\/wp\/v2\/media\/42322"}],"wp:attachment":[{"href":"https:\/\/arena-ticket.com\/en\/wp-json\/wp\/v2\/media?parent=42319"}],"wp:term":[{"taxonomy":"product_brand","embeddable":true,"href":"https:\/\/arena-ticket.com\/en\/wp-json\/wp\/v2\/product_brand?post=42319"},{"taxonomy":"product_cat","embeddable":true,"href":"https:\/\/arena-ticket.com\/en\/wp-json\/wp\/v2\/product_cat?post=42319"},{"taxonomy":"product_tag","embeddable":true,"href":"https:\/\/arena-ticket.com\/en\/wp-json\/wp\/v2\/product_tag?post=42319"}],"curies":[{"name":"wp","href":"https:\/\/api.w.org\/{rel}","templated":true}]}}