{"id":42325,"date":"2025-06-04T14:33:04","date_gmt":"2025-06-04T12:33:04","guid":{"rendered":"https:\/\/arena-ticket.com\/?p=42325&#038;post_type=product&#038;preview_id=42325"},"modified":"2025-06-06T18:35:39","modified_gmt":"2025-06-06T16:35:39","slug":"filmnaechte-leipzig-bridget-jones-verrueckt-nach-ihm-2000-uhr-einlass-leipzig-scheibenholz-sommerkino-23-07-2025-21-30-uhr","status":"publish","type":"product","link":"https:\/\/arena-ticket.com\/en\/product\/filmnaechte-leipzig-bridget-jones-verrueckt-nach-ihm-2000-uhr-einlass-leipzig-scheibenholz-sommerkino-23-07-2025-21-30-uhr\/","title":{"rendered":"Bridget Jones - Verr\u00fcckt nach ihm - Scheibenholz Sommerkino"},"content":{"rendered":"<p>Bridget Jones (Ren\u00e9e Zellweger) lebt, seitdem ihr Mann Mark (Colin Firth) vor vier Jahren starb, als alleinerziehende Mutter und k\u00fcmmert sich mit viel Hingabe um ihren 9-j\u00e4hrigen Sohn Billy und die 4-j\u00e4hrige Mabel. Dabei erh\u00e4lt sie tatkr\u00e4ftige Unterst\u00fctzung von ihren treuen Freunden, die wie eine Wahlfamilie f\u00fcr sie sind, sowie von ihrem ehemaligen Liebhaber Daniel Cleaver (Hugh Grant), der immer wieder zur Hilfe kommt. Ermutigt von dieser starken Gemeinschaft, wagt sich Bridget wieder in die Arbeitswelt und versucht, wieder Erf\u00fcllung in ihrem Leben zu finden. Doch der Spagat zwischen Familie, Karriere und den Herausforderungen des Liebeslebens wird immer schwieriger. Sie muss sich nicht nur gegen die Vorurteile der perfekten M\u00fctter in der Schule behaupten, sondern auch mit den Ann\u00e4herungsversuchen eines deutlich j\u00fcngeren Mannes und den unangenehmen Begegnungen mit dem naturwissenschaftlichen Lehrer ihres Sohnes zurechtkommen.<\/p>","protected":false},"excerpt":{"rendered":"<p>Bridget Jones - Verr\u00fcckt nach ihm - FSK 12 | 21:30 Uhr Beginn | 20:00 Uhr Einlass         <\/p>","protected":false},"featured_media":42332,"template":"","meta":{"_acf_changed":false,"inline_featured_image":false},"product_brand":[],"product_cat":[31,400,406,6768,922,86,35,21,58],"product_tag":[5778,941,3236,3347,951,943,944,3235,947,948],"class_list":{"0":"post-42325","1":"product","2":"type-product","3":"status-publish","4":"has-post-thumbnail","6":"product_cat-events","7":"product_cat-filmnaechte-scheibenholz","8":"product_cat-galopprennbahn-scheibenholz","9":"product_cat-kino","10":"product_cat-kultur","11":"product_cat-leipzig","12":"product_cat-orte","13":"product_cat-ticket","14":"product_cat-veranstaltung","15":"product_tag-bridget-jones-verrueckt-nach-ihm","16":"product_tag-events","17":"product_tag-filmnaechte-scheibenholz","18":"product_tag-galopprennbahn-scheibenholz","19":"product_tag-kultur","20":"product_tag-leipzig","21":"product_tag-orte","22":"product_tag-scheibenholz-sommerkino","23":"product_tag-ticket","24":"product_tag-veranstaltung","25":"product_shipping_class-nur_paketversand","26":"pa_discount-kind","27":"pa_discount-normalpreis","28":"pa_preiskategorie-freie-platzwahl","30":"first","31":"instock","32":"taxable","33":"shipping-taxable","34":"purchasable","35":"product-type-variable","36":"has-default-attributes"},"group_of_quantity":0,"min_quantity":0,"max_quantity":"","exclude_order_quantity_value_rules":"no","exclude_category_quantity_rules":"no","combine_variations":"no","acf":[],"_links":{"self":[{"href":"https:\/\/arena-ticket.com\/en\/wp-json\/wp\/v2\/product\/42325","targetHints":{"allow":["GET"]}}],"collection":[{"href":"https:\/\/arena-ticket.com\/en\/wp-json\/wp\/v2\/product"}],"about":[{"href":"https:\/\/arena-ticket.com\/en\/wp-json\/wp\/v2\/types\/product"}],"wp:featuredmedia":[{"embeddable":true,"href":"https:\/\/arena-ticket.com\/en\/wp-json\/wp\/v2\/media\/42332"}],"wp:attachment":[{"href":"https:\/\/arena-ticket.com\/en\/wp-json\/wp\/v2\/media?parent=42325"}],"wp:term":[{"taxonomy":"product_brand","embeddable":true,"href":"https:\/\/arena-ticket.com\/en\/wp-json\/wp\/v2\/product_brand?post=42325"},{"taxonomy":"product_cat","embeddable":true,"href":"https:\/\/arena-ticket.com\/en\/wp-json\/wp\/v2\/product_cat?post=42325"},{"taxonomy":"product_tag","embeddable":true,"href":"https:\/\/arena-ticket.com\/en\/wp-json\/wp\/v2\/product_tag?post=42325"}],"curies":[{"name":"wp","href":"https:\/\/api.w.org\/{rel}","templated":true}]}}