{"id":42328,"date":"2025-06-04T14:39:54","date_gmt":"2025-06-04T12:39:54","guid":{"rendered":"https:\/\/arena-ticket.com\/?p=42328&#038;post_type=product&#038;preview_id=42328"},"modified":"2025-08-01T14:47:42","modified_gmt":"2025-08-01T12:47:42","slug":"marco-gianni-der-comedy-shootingstar-auf-live-tournee-leipzig-haus-leipzig-10-12-2025-2000-uhr","status":"publish","type":"product","link":"https:\/\/arena-ticket.com\/en\/product\/marco-gianni-der-comedy-shootingstar-auf-live-tournee-leipzig-haus-leipzig-10-12-2025-2000-uhr\/","title":{"rendered":"MARCO GIANNI  - Der Comedy-Shootingstar auf Live-Tournee"},"content":{"rendered":"<section class=\"c-full c-inner c-narrow\" data-c=\"stageteasertext\" data-qa=\"stageteasertext-component\">\n<div class=\"container\">\n<div class=\"external-content no-margin\">\n<div class=\"u-position-relative js-moretext-wrapper\">\n<div class=\"moretext js-moretext expanded\" data-qa=\"readMoreText\">\n<div class=\"moretext-teaser\">\n<h5 class=\"elementor-heading-title elementor-size-default\">Die Veranstaltung wurde vom Haus Leipzig in H16 Ostfl\u00fcgel - Alte Messe Leipzig | Puschstra\u00dfe 10 | 04103 LEIPZIG verlegt. Die Karten behalten die G\u00fcltigkeit und m\u00fcssen nicht getauscht werden.<\/h5>\n<p>&nbsp;<\/p>\n<p>&nbsp;<\/p>\n<p>Der Berliner mit italienischen Wurzeln spielt seine Betrachtungen \u00fcber die Conditio humana vor einem gro\u00dfen Publikum mit einer solch l\u00e4ssigen Pr\u00e4zision, wie sie \u00fcblicherweise nur bei \u00e4lteren Hasen des Kabaretts zu erleben ist. Dabei ist die B\u00fchne erst seit kurzem sein neues Metier, bekannt wurde er den Menschen auf Instagram, YouTube und TikTok mit einem Ansatz, den keine Agenturschmiede f\u00fcr Influencer sich ausdenken kann. Rund zwei Millionen Follower regen sich in den sozialen Medien zusammen mit ihm \u00fcber die Scheinwelt der Sozialen Medien auf. In seinem B\u00fchnenprogramm wiederum legt er den Finger in die Wunden des realen Lebens.<br \/>\nSo gehe Niemand, laut Marco, zu Brettspielabenden wegen der Brettspiele, sondern nur wegen des Alkohols. Eltern denken \u00fcber ihre Kinder in Wahrheit, sie seien undankbares Pack und erwarten selbstverst\u00e4ndlich eine Gegenleistung f\u00fcr mindestens zwei Jahrzehnte der Aufopferung. Und schon ein Mittzwanziger wie er f\u00fchlt sich alt, wenn er eine Filiale von Snipes betritt und dort eine Hipster-Fremdsprache erlebt, die als Mischung aus Silicon-Valley- Englisch, MDMA-Restwirkung und sanftem Klingonisch gut beschrieben w\u00e4re. Ohne Politik und ohne Diskurs, ganz tief im allt\u00e4glichen Leben, geht es bei Marco Gianni somit durchaus um etwas. Ob bei seinen Videos im Netz oder beim Storytelling auf der Live-B\u00fchne \u2013 dieser junge Mann f\u00fchrt vor, wie wir mit unseren verletzten Egos st\u00e4ndig ein Bild von uns zeichnen, das f\u00fcr alle derma\u00dfen viel zu hoch h\u00e4ngt, dass unsere Seele Dehnungssch\u00e4den bekommt. Er zeigt nicht blo\u00df, wie nackt der Kaiser ist, sondern auch all seine Untertanen.<\/p>\n<\/div>\n<\/div>\n<\/div>\n<\/div>\n<\/div>\n<\/section>","protected":false},"excerpt":{"rendered":"<p>Get your tickets now!<\/p>","protected":false},"featured_media":42346,"template":"","meta":{"_acf_changed":false,"inline_featured_image":false},"product_brand":[],"product_cat":[6725,394,31,95,86,35,21,58],"product_tag":[954,5783,6136,941,955,951,943,5782,944,958,947,948],"class_list":{"0":"post-42328","1":"product","2":"type-product","3":"status-publish","4":"has-post-thumbnail","6":"product_cat-comedy","7":"product_cat-eventpalast","8":"product_cat-events","9":"product_cat-humor","10":"product_cat-leipzig","11":"product_cat-orte","12":"product_cat-ticket","13":"product_cat-veranstaltung","14":"product_tag-comedy","15":"product_tag-der-comedy-shootingstar-auf-live-tournee","16":"product_tag-eventpalast","17":"product_tag-events","18":"product_tag-haus-leipzig","19":"product_tag-kultur","20":"product_tag-leipzig","21":"product_tag-marco-gianni","22":"product_tag-orte","23":"product_tag-show","24":"product_tag-ticket","25":"product_tag-veranstaltung","26":"product_shipping_class-nur_paketversand","27":"pa_discount-normalpreis","28":"pa_preiskategorie-freie-platzwahl","30":"first","31":"instock","32":"taxable","33":"shipping-taxable","34":"purchasable","35":"product-type-variable"},"group_of_quantity":0,"min_quantity":0,"max_quantity":"","exclude_order_quantity_value_rules":"no","exclude_category_quantity_rules":"no","combine_variations":"no","acf":[],"_links":{"self":[{"href":"https:\/\/arena-ticket.com\/en\/wp-json\/wp\/v2\/product\/42328","targetHints":{"allow":["GET"]}}],"collection":[{"href":"https:\/\/arena-ticket.com\/en\/wp-json\/wp\/v2\/product"}],"about":[{"href":"https:\/\/arena-ticket.com\/en\/wp-json\/wp\/v2\/types\/product"}],"wp:featuredmedia":[{"embeddable":true,"href":"https:\/\/arena-ticket.com\/en\/wp-json\/wp\/v2\/media\/42346"}],"wp:attachment":[{"href":"https:\/\/arena-ticket.com\/en\/wp-json\/wp\/v2\/media?parent=42328"}],"wp:term":[{"taxonomy":"product_brand","embeddable":true,"href":"https:\/\/arena-ticket.com\/en\/wp-json\/wp\/v2\/product_brand?post=42328"},{"taxonomy":"product_cat","embeddable":true,"href":"https:\/\/arena-ticket.com\/en\/wp-json\/wp\/v2\/product_cat?post=42328"},{"taxonomy":"product_tag","embeddable":true,"href":"https:\/\/arena-ticket.com\/en\/wp-json\/wp\/v2\/product_tag?post=42328"}],"curies":[{"name":"wp","href":"https:\/\/api.w.org\/{rel}","templated":true}]}}