{"id":42333,"date":"2025-06-04T14:40:32","date_gmt":"2025-06-04T12:40:32","guid":{"rendered":"https:\/\/arena-ticket.com\/?p=42333&#038;post_type=product&#038;preview_id=42333"},"modified":"2025-06-04T14:56:49","modified_gmt":"2025-06-04T12:56:49","slug":"bertram-engel-solo-mit-alten-maennern-spiel-ich-nicht-leipzig-kupfersaal-29-10-2025-2000-uhr","status":"publish","type":"product","link":"https:\/\/arena-ticket.com\/en\/product\/bertram-engel-solo-mit-alten-maennern-spiel-ich-nicht-leipzig-kupfersaal-29-10-2025-2000-uhr\/","title":{"rendered":"Bertram Engel  - Solo - Mit Alten M\u00e4nnern Spiel' Ich Nicht"},"content":{"rendered":"<div class=\"event__description\">\n<p>Eine Leseperformance mit Musik<\/p>\n<p>Bertram Engel gilt als der beste Schlagzeuger Deutschlands. Er spielt seit Jahrzehnten in den Bands von Udo Lindenberg und Peter Maffay und schrieb f\u00fcr sie manchen Song. Mit beiden Stars verbinden ihn gro\u00dfe Erfolge und zahlreiche legend\u00e4re Erlebnisse.<\/p>\n<p>Im September 2024 erschien seine Autobiografie, ein St\u00fcck Musikgeschichte aus erster Hand, ein entwaffnender Blick hinter die Kulissen. Der Titel des Buches \u00bbMit alten M\u00e4nnern spiel\u00b4 ich nicht!\u00ab entspringt einem Wutanfall von Bertram Engel \u00fcber die Maffay-Band, die nach seinem Empfinden zu tr\u00e4ge spielte. Nach Beendigung seiner gleichnamigen gro\u00dfen Tour, die vom Publikum in allen deutschen Metropolen begeistert gefeiert wurde, pr\u00e4sentiert Bertram Engel nun im Kupfersaal. Ausz\u00fcge aus seinem Showprogramm und erz\u00e4hlt Geschichten von \u00bb1001 Tournee - und noch mehr aus 50 Jahren Rock 'n' Roll\u00ab. Dazu zeigt er entwaffnende private Fotos und greift zuweilen in die Tasten. Denn ganz ohne Musik geht's selbst bei einer Lesung nicht. Dabei entpuppt sich Bertram Engel als ein exzellenter Pianist und als charismatischer S\u00e4nger.<\/p>\n<\/div>","protected":false},"excerpt":{"rendered":"<p>Eine Leseperformance mit Musik - Nicht verpassen!<\/p>","protected":false},"featured_media":42336,"template":"","meta":{"_acf_changed":false,"inline_featured_image":false},"product_brand":[],"product_cat":[6725,31,95,69,430,86,35,6749,21,58],"product_tag":[3313,941,942,951,968,943,944,958,5779,947,948],"class_list":{"0":"post-42333","1":"product","2":"type-product","3":"status-publish","4":"has-post-thumbnail","6":"product_cat-comedy","7":"product_cat-events","8":"product_cat-humor","9":"product_cat-konzert","10":"product_cat-kupfersaal","11":"product_cat-leipzig","12":"product_cat-orte","13":"product_cat-sonstiges_konzert","14":"product_cat-ticket","15":"product_cat-veranstaltung","16":"product_tag-bertram-engel","17":"product_tag-events","18":"product_tag-konzert","19":"product_tag-kultur","20":"product_tag-kupfersaal","21":"product_tag-leipzig","22":"product_tag-orte","23":"product_tag-show","24":"product_tag-solo-mit-alten-maennern-spiel-ich-nicht","25":"product_tag-ticket","26":"product_tag-veranstaltung","27":"product_shipping_class-nur_paketversand","28":"pa_discount-ermaessigt","29":"pa_discount-normalpreis","30":"pa_preiskategorie-freie-platzwahl","32":"first","33":"instock","34":"taxable","35":"shipping-taxable","36":"purchasable","37":"product-type-variable"},"group_of_quantity":0,"min_quantity":0,"max_quantity":"","exclude_order_quantity_value_rules":"no","exclude_category_quantity_rules":"no","combine_variations":"no","acf":[],"_links":{"self":[{"href":"https:\/\/arena-ticket.com\/en\/wp-json\/wp\/v2\/product\/42333","targetHints":{"allow":["GET"]}}],"collection":[{"href":"https:\/\/arena-ticket.com\/en\/wp-json\/wp\/v2\/product"}],"about":[{"href":"https:\/\/arena-ticket.com\/en\/wp-json\/wp\/v2\/types\/product"}],"wp:featuredmedia":[{"embeddable":true,"href":"https:\/\/arena-ticket.com\/en\/wp-json\/wp\/v2\/media\/42336"}],"wp:attachment":[{"href":"https:\/\/arena-ticket.com\/en\/wp-json\/wp\/v2\/media?parent=42333"}],"wp:term":[{"taxonomy":"product_brand","embeddable":true,"href":"https:\/\/arena-ticket.com\/en\/wp-json\/wp\/v2\/product_brand?post=42333"},{"taxonomy":"product_cat","embeddable":true,"href":"https:\/\/arena-ticket.com\/en\/wp-json\/wp\/v2\/product_cat?post=42333"},{"taxonomy":"product_tag","embeddable":true,"href":"https:\/\/arena-ticket.com\/en\/wp-json\/wp\/v2\/product_tag?post=42333"}],"curies":[{"name":"wp","href":"https:\/\/api.w.org\/{rel}","templated":true}]}}