{"id":42337,"date":"2025-06-04T14:43:09","date_gmt":"2025-06-04T12:43:09","guid":{"rendered":"https:\/\/arena-ticket.com\/?p=42337&#038;post_type=product&#038;preview_id=42337"},"modified":"2025-06-06T18:35:38","modified_gmt":"2025-06-06T16:35:38","slug":"filmnaechte-leipzig-wilma-will-mehr-2000-uhr-einlass-leipzig-scheibenholz-sommerkino-24-07-2025-21-30-uhr","status":"publish","type":"product","link":"https:\/\/arena-ticket.com\/en\/product\/filmnaechte-leipzig-wilma-will-mehr-2000-uhr-einlass-leipzig-scheibenholz-sommerkino-24-07-2025-21-30-uhr\/","title":{"rendered":"Wilma will mehr - Scheibenholz Sommerkino"},"content":{"rendered":"<p>Elektrikerin, Maschinistin, Obst-Expertin, Optimistin: Wilma (Fritzi Haberlandt) ist eine Frau mit vielen Talenten, zahllosen Zertifikaten und palettenweise Entt\u00e4uschungen. Bis Ende der 90er-Jahre hat sie im Lausitzer Braunkohlerevier gelebt. Als aber ihr Mann mit einer anderen Frau splitterfasernackt Spaghetti kocht und ihr der Job im Baumarkt gek\u00fcndigt wird, verl\u00e4sst Wilma fluchtartig ihre Heimat Richtung Wien. Mit Mitte 40 muss sie hier quasi bei Null anfangen und landet schnell auf dem Handwerkerstrich. Bald schon repariert sie sich durch den Wiener Speckg\u00fcrtel, landet in einer linken Bohemian-WG, wird Fachfrau f\u00fcr Reparaturen aller Art und sogar Lehrerin in einer Traditions-Tanzschule. Zwischen Walzer und Elektro-Installationen entdeckt Wilma ein Gef\u00fchl, das sie l\u00e4ngst vergessen hatte: verliebt sein, gl\u00fccklich sein, die aufgeregte Hoffnung auf etwas Neues. Hineingeworfen in die Unsicherheiten einer Zukunft, in der alles m\u00f6glich ist, wird Wilma ein anderer Mensch.<\/p>\n<p>WILMA WILL MEHR ist eine charmante, einf\u00fchlsam beobachtete und mit schr\u00e4gem Humor erz\u00e4hlte Tragikom\u00f6die, die ebenso genau in der Wirklichkeitsdarstellung ist wie sie in ihrer hoffnungsvollen und ber\u00fchrenden Melancholie optimistisch bleibt.<\/p>","protected":false},"excerpt":{"rendered":"<p>Wilma will mehr - FSK 0 | 21:30 Uhr Beginn | 20:00 Uhr Einlass         <\/p>","protected":false},"featured_media":42340,"template":"","meta":{"_acf_changed":false,"inline_featured_image":false},"product_brand":[],"product_cat":[31,400,406,6768,922,86,35,21,58],"product_tag":[941,3236,3347,951,943,944,3235,947,948,5780],"class_list":{"0":"post-42337","1":"product","2":"type-product","3":"status-publish","4":"has-post-thumbnail","6":"product_cat-events","7":"product_cat-filmnaechte-scheibenholz","8":"product_cat-galopprennbahn-scheibenholz","9":"product_cat-kino","10":"product_cat-kultur","11":"product_cat-leipzig","12":"product_cat-orte","13":"product_cat-ticket","14":"product_cat-veranstaltung","15":"product_tag-events","16":"product_tag-filmnaechte-scheibenholz","17":"product_tag-galopprennbahn-scheibenholz","18":"product_tag-kultur","19":"product_tag-leipzig","20":"product_tag-orte","21":"product_tag-scheibenholz-sommerkino","22":"product_tag-ticket","23":"product_tag-veranstaltung","24":"product_tag-wilma-will-mehr","25":"product_shipping_class-nur_paketversand","26":"pa_discount-kind","27":"pa_discount-normalpreis","28":"pa_preiskategorie-freie-platzwahl","30":"first","31":"instock","32":"taxable","33":"shipping-taxable","34":"purchasable","35":"product-type-variable","36":"has-default-attributes"},"group_of_quantity":0,"min_quantity":0,"max_quantity":"","exclude_order_quantity_value_rules":"no","exclude_category_quantity_rules":"no","combine_variations":"no","acf":[],"_links":{"self":[{"href":"https:\/\/arena-ticket.com\/en\/wp-json\/wp\/v2\/product\/42337","targetHints":{"allow":["GET"]}}],"collection":[{"href":"https:\/\/arena-ticket.com\/en\/wp-json\/wp\/v2\/product"}],"about":[{"href":"https:\/\/arena-ticket.com\/en\/wp-json\/wp\/v2\/types\/product"}],"wp:featuredmedia":[{"embeddable":true,"href":"https:\/\/arena-ticket.com\/en\/wp-json\/wp\/v2\/media\/42340"}],"wp:attachment":[{"href":"https:\/\/arena-ticket.com\/en\/wp-json\/wp\/v2\/media?parent=42337"}],"wp:term":[{"taxonomy":"product_brand","embeddable":true,"href":"https:\/\/arena-ticket.com\/en\/wp-json\/wp\/v2\/product_brand?post=42337"},{"taxonomy":"product_cat","embeddable":true,"href":"https:\/\/arena-ticket.com\/en\/wp-json\/wp\/v2\/product_cat?post=42337"},{"taxonomy":"product_tag","embeddable":true,"href":"https:\/\/arena-ticket.com\/en\/wp-json\/wp\/v2\/product_tag?post=42337"}],"curies":[{"name":"wp","href":"https:\/\/api.w.org\/{rel}","templated":true}]}}