{"id":42341,"date":"2025-06-04T14:50:10","date_gmt":"2025-06-04T12:50:10","guid":{"rendered":"https:\/\/arena-ticket.com\/?p=42341&#038;post_type=product&#038;preview_id=42341"},"modified":"2025-07-03T17:55:30","modified_gmt":"2025-07-03T15:55:30","slug":"filmnaechte-leipzig-der-spitzname-2000-uhr-einlass-leipzig-scheibenholz-sommerkino-25-07-2025-21-30-uhr","status":"publish","type":"product","link":"https:\/\/arena-ticket.com\/en\/product\/filmnaechte-leipzig-der-spitzname-2000-uhr-einlass-leipzig-scheibenholz-sommerkino-25-07-2025-21-30-uhr\/","title":{"rendered":"Der Spitzname - Scheibenholz Sommerkino"},"content":{"rendered":"<p>Anna (Janina Uhse) und Thomas (Florian David Fitz) wollen heiraten und haben die Familie in die Tiroler Alpen eingeladen. Stephan (Christoph Maria Herbst) sinniert typisch schlecht gelaunt im Ski-Lift \u00fcber das aktuelle Leben der B\u00f6ttchers, Wittmanns, Bergers und K\u00f6nigs: Anna hat \u00fcberraschend doch noch Karriere als Schauspielerin gemacht, Thomas steht kurz davor, in den Vorstand eines Immobilienkonzerns aufzusteigen \u2013 vorausgesetzt, er besteht die obligatorische Sensibility-Schulung. Stephans Frau Elisabeth (Caroline Peters) arbeitet zwar noch als Lehrerin, bessert die Haushaltskasse aber heimlich mit Bitcoin-Handel auf. Und Ren\u00e9 (Justus von Dohn\u00e1nyi), verheiratet mit Dorothea (Iris Berben) und seit drei Jahren Eltern von Zwillingen, entpuppt sich als \u00fcberf\u00fcrsorglicher Helikopter-Vater. Stephan selbst wurde k\u00fcrzlich als Professor aus der Uni entlassen; es gab da einen Vorfall. Und mit Cajus (Jona Volkmann), 18, und Antigone (Kya-Celina Barucki), 17, bringt Stephan und Elisabeths jugendlich-woker Nachwuchs zus\u00e4tzlich Chaos in die erhoffte Winteridylle. Am Ende steht nicht nur die geplante Hochzeit auf der Kippe.<\/p>","protected":false},"excerpt":{"rendered":"<p>Der Spitzname - FSK 6 | 21:30 Uhr Beginn | 20:00 Uhr Einlass         <\/p>","protected":false},"featured_media":42345,"template":"","meta":{"_acf_changed":false,"inline_featured_image":false},"product_brand":[],"product_cat":[31,400,406,6768,922,86,35,21,58],"product_tag":[5781,941,3236,3347,951,943,944,3235,947,948],"class_list":{"0":"post-42341","1":"product","2":"type-product","3":"status-publish","4":"has-post-thumbnail","6":"product_cat-events","7":"product_cat-filmnaechte-scheibenholz","8":"product_cat-galopprennbahn-scheibenholz","9":"product_cat-kino","10":"product_cat-kultur","11":"product_cat-leipzig","12":"product_cat-orte","13":"product_cat-ticket","14":"product_cat-veranstaltung","15":"product_tag-der-spitzname","16":"product_tag-events","17":"product_tag-filmnaechte-scheibenholz","18":"product_tag-galopprennbahn-scheibenholz","19":"product_tag-kultur","20":"product_tag-leipzig","21":"product_tag-orte","22":"product_tag-scheibenholz-sommerkino","23":"product_tag-ticket","24":"product_tag-veranstaltung","25":"product_shipping_class-nur_paketversand","26":"pa_discount-kind","27":"pa_discount-normalpreis","28":"pa_preiskategorie-freie-platzwahl","30":"first","31":"instock","32":"taxable","33":"shipping-taxable","34":"purchasable","35":"product-type-variable","36":"has-default-attributes"},"group_of_quantity":0,"min_quantity":0,"max_quantity":"","exclude_order_quantity_value_rules":"no","exclude_category_quantity_rules":"no","combine_variations":"no","acf":[],"_links":{"self":[{"href":"https:\/\/arena-ticket.com\/en\/wp-json\/wp\/v2\/product\/42341","targetHints":{"allow":["GET"]}}],"collection":[{"href":"https:\/\/arena-ticket.com\/en\/wp-json\/wp\/v2\/product"}],"about":[{"href":"https:\/\/arena-ticket.com\/en\/wp-json\/wp\/v2\/types\/product"}],"wp:featuredmedia":[{"embeddable":true,"href":"https:\/\/arena-ticket.com\/en\/wp-json\/wp\/v2\/media\/42345"}],"wp:attachment":[{"href":"https:\/\/arena-ticket.com\/en\/wp-json\/wp\/v2\/media?parent=42341"}],"wp:term":[{"taxonomy":"product_brand","embeddable":true,"href":"https:\/\/arena-ticket.com\/en\/wp-json\/wp\/v2\/product_brand?post=42341"},{"taxonomy":"product_cat","embeddable":true,"href":"https:\/\/arena-ticket.com\/en\/wp-json\/wp\/v2\/product_cat?post=42341"},{"taxonomy":"product_tag","embeddable":true,"href":"https:\/\/arena-ticket.com\/en\/wp-json\/wp\/v2\/product_tag?post=42341"}],"curies":[{"name":"wp","href":"https:\/\/api.w.org\/{rel}","templated":true}]}}