{"id":42347,"date":"2025-06-04T15:06:32","date_gmt":"2025-06-04T13:06:32","guid":{"rendered":"https:\/\/arena-ticket.com\/?p=42347&#038;post_type=product&#038;preview_id=42347"},"modified":"2025-06-06T18:35:36","modified_gmt":"2025-06-06T16:35:36","slug":"filmnaechte-leipzig-like-a-complete-unknown-2000-uhr-einlass-leipzig-scheibenholz-sommerkino-27-07-2025-21-30-uhr","status":"publish","type":"product","link":"https:\/\/arena-ticket.com\/en\/product\/filmnaechte-leipzig-like-a-complete-unknown-2000-uhr-einlass-leipzig-scheibenholz-sommerkino-27-07-2025-21-30-uhr\/","title":{"rendered":"Like A Complete Unknown - Scheibenholz Sommerkino"},"content":{"rendered":"<p>Die 1960er-Jahre sind auch in den Vereinigten Staaten von Amerika ein Jahrzehnt voller Umbr\u00fcche. Auch der 19 Jahre alte Bob Dylan (Timoth\u00e9e Chalamet) l\u00e4sst sich von dem Strudel der Umw\u00e4lzungen mitrei\u00dfen. Seine Heimat in Minnesota hat er l\u00e4ngst hinter sich gelassen und macht mittlerweile Musik am gef\u00fchlten Nabel der Welt: New York City. Dort, im West Village, l\u00e4sst er sich mit seiner Gitarre und jeder Menge Talent im Gep\u00e4ck von der Musik treiben. Genau dieses Talent macht schnell die Runde. Von Schubladen h\u00e4lt Dylan jedoch nur wenig. Mit der Folkbewegung fremdelt er und will sich nicht von ihr beanspruchen lassen. Er will seinen ganz eigenen Weg gehen und wirkliche Freunde auf dem unweigerlichen Weg an die Spitze um sich scharen. Die einen begreifen ihn als Querschl\u00e4ger, der musikalisch einfach nur gegen den Strich b\u00fcrsten will, die anderen sehen in ihm einen genialen K\u00fcnstler. Jedenfalls scheint eine neue Zeitrechnung zu beginnen, als er 1965 auf dem Newport Folk Festival pl\u00f6tzlich mit E-Gitarre auf der B\u00fchne steht.<\/p>","protected":false},"excerpt":{"rendered":"<p>Like A Complete Unknown - FSK 6 | 21:30 Uhr Beginn | 20:00 Uhr Einlass         <\/p>","protected":false},"featured_media":42352,"template":"","meta":{"_acf_changed":false,"inline_featured_image":false},"product_brand":[],"product_cat":[31,400,406,6768,922,86,35,21,58],"product_tag":[941,3236,3347,951,943,5784,944,3235,947,948],"class_list":{"0":"post-42347","1":"product","2":"type-product","3":"status-publish","4":"has-post-thumbnail","6":"product_cat-events","7":"product_cat-filmnaechte-scheibenholz","8":"product_cat-galopprennbahn-scheibenholz","9":"product_cat-kino","10":"product_cat-kultur","11":"product_cat-leipzig","12":"product_cat-orte","13":"product_cat-ticket","14":"product_cat-veranstaltung","15":"product_tag-events","16":"product_tag-filmnaechte-scheibenholz","17":"product_tag-galopprennbahn-scheibenholz","18":"product_tag-kultur","19":"product_tag-leipzig","20":"product_tag-like-a-complete-unknown","21":"product_tag-orte","22":"product_tag-scheibenholz-sommerkino","23":"product_tag-ticket","24":"product_tag-veranstaltung","25":"product_shipping_class-nur_paketversand","26":"pa_discount-kind","27":"pa_discount-normalpreis","28":"pa_preiskategorie-freie-platzwahl","30":"first","31":"instock","32":"taxable","33":"shipping-taxable","34":"purchasable","35":"product-type-variable","36":"has-default-attributes"},"group_of_quantity":0,"min_quantity":0,"max_quantity":"","exclude_order_quantity_value_rules":"no","exclude_category_quantity_rules":"no","combine_variations":"no","acf":[],"_links":{"self":[{"href":"https:\/\/arena-ticket.com\/en\/wp-json\/wp\/v2\/product\/42347","targetHints":{"allow":["GET"]}}],"collection":[{"href":"https:\/\/arena-ticket.com\/en\/wp-json\/wp\/v2\/product"}],"about":[{"href":"https:\/\/arena-ticket.com\/en\/wp-json\/wp\/v2\/types\/product"}],"wp:featuredmedia":[{"embeddable":true,"href":"https:\/\/arena-ticket.com\/en\/wp-json\/wp\/v2\/media\/42352"}],"wp:attachment":[{"href":"https:\/\/arena-ticket.com\/en\/wp-json\/wp\/v2\/media?parent=42347"}],"wp:term":[{"taxonomy":"product_brand","embeddable":true,"href":"https:\/\/arena-ticket.com\/en\/wp-json\/wp\/v2\/product_brand?post=42347"},{"taxonomy":"product_cat","embeddable":true,"href":"https:\/\/arena-ticket.com\/en\/wp-json\/wp\/v2\/product_cat?post=42347"},{"taxonomy":"product_tag","embeddable":true,"href":"https:\/\/arena-ticket.com\/en\/wp-json\/wp\/v2\/product_tag?post=42347"}],"curies":[{"name":"wp","href":"https:\/\/api.w.org\/{rel}","templated":true}]}}