{"id":42358,"date":"2025-06-04T15:11:50","date_gmt":"2025-06-04T13:11:50","guid":{"rendered":"https:\/\/arena-ticket.com\/?p=42358&#038;post_type=product&#038;preview_id=42358"},"modified":"2025-06-06T18:35:35","modified_gmt":"2025-06-06T16:35:35","slug":"filmnaechte-leipzig-blood-sinners-2000-uhr-einlass-leipzig-scheibenholz-sommerkino-29-07-2025-21-30-uhr","status":"publish","type":"product","link":"https:\/\/arena-ticket.com\/en\/product\/filmnaechte-leipzig-blood-sinners-2000-uhr-einlass-leipzig-scheibenholz-sommerkino-29-07-2025-21-30-uhr\/","title":{"rendered":"Blood &amp; Sinners - Scheibenholz Sommerkino"},"content":{"rendered":"<p>1932: Die Zwillingsbr\u00fcder Elijah und Elias Smoke (beide von Michael B. Jordan gespielt) wollen auf vertrautem Boden noch einmal neu anfangen. Also lassen sie ihr bisheriges Leben in der Unterwelt Chicagos hinter sich und kehren zur\u00fcck in ihre alte Heimatstadt Clarksdale im Bundesstaat Mississippi, um dort eine Bar aufzumachen. Doch dort scheint alles andere als ein ruhiges Leben auf die Zwillinge zu warten: Nicht nur der Ku-Klux-Klan, sondern offenbar auch Vampire haben es sich vor Ort gem\u00fctlich gemacht. Wem k\u00f6nnen die Br\u00fcder also noch vertrauen? Und was f\u00fchren Mary (Hailee Steinfeld) und Remmick (Jack O'Connell) im Schilde? F\u00fcr alle, die noch keine spitzen Z\u00e4hne haben, wird die Lage immer brenzliger. Also muss etwas getan werden, um die Blutsauger zu vertreiben. Zum Gl\u00fcck haben die Smoke-Br\u00fcder durch ihre Erfahrungen als Soldaten im Ersten Weltkrieg einiges gelernt und nehmen den Kampf gegen die untote Horde auf.<\/p>","protected":false},"excerpt":{"rendered":"<p>Blood &amp; Sinners - FSK 16 | 21:30 Uhr Beginn | 20:00 Uhr Einlass         <\/p>","protected":false},"featured_media":42360,"template":"","meta":{"_acf_changed":false,"inline_featured_image":false},"product_brand":[],"product_cat":[31,400,406,6768,922,86,35,21,58],"product_tag":[5787,941,3236,3347,951,943,944,3235,947,948],"class_list":{"0":"post-42358","1":"product","2":"type-product","3":"status-publish","4":"has-post-thumbnail","6":"product_cat-events","7":"product_cat-filmnaechte-scheibenholz","8":"product_cat-galopprennbahn-scheibenholz","9":"product_cat-kino","10":"product_cat-kultur","11":"product_cat-leipzig","12":"product_cat-orte","13":"product_cat-ticket","14":"product_cat-veranstaltung","15":"product_tag-blood-sinners","16":"product_tag-events","17":"product_tag-filmnaechte-scheibenholz","18":"product_tag-galopprennbahn-scheibenholz","19":"product_tag-kultur","20":"product_tag-leipzig","21":"product_tag-orte","22":"product_tag-scheibenholz-sommerkino","23":"product_tag-ticket","24":"product_tag-veranstaltung","25":"product_shipping_class-nur_paketversand","26":"pa_discount-kind","27":"pa_discount-normalpreis","28":"pa_preiskategorie-freie-platzwahl","30":"first","31":"instock","32":"taxable","33":"shipping-taxable","34":"purchasable","35":"product-type-variable","36":"has-default-attributes"},"group_of_quantity":0,"min_quantity":0,"max_quantity":"","exclude_order_quantity_value_rules":"no","exclude_category_quantity_rules":"no","combine_variations":"no","acf":[],"_links":{"self":[{"href":"https:\/\/arena-ticket.com\/en\/wp-json\/wp\/v2\/product\/42358","targetHints":{"allow":["GET"]}}],"collection":[{"href":"https:\/\/arena-ticket.com\/en\/wp-json\/wp\/v2\/product"}],"about":[{"href":"https:\/\/arena-ticket.com\/en\/wp-json\/wp\/v2\/types\/product"}],"wp:featuredmedia":[{"embeddable":true,"href":"https:\/\/arena-ticket.com\/en\/wp-json\/wp\/v2\/media\/42360"}],"wp:attachment":[{"href":"https:\/\/arena-ticket.com\/en\/wp-json\/wp\/v2\/media?parent=42358"}],"wp:term":[{"taxonomy":"product_brand","embeddable":true,"href":"https:\/\/arena-ticket.com\/en\/wp-json\/wp\/v2\/product_brand?post=42358"},{"taxonomy":"product_cat","embeddable":true,"href":"https:\/\/arena-ticket.com\/en\/wp-json\/wp\/v2\/product_cat?post=42358"},{"taxonomy":"product_tag","embeddable":true,"href":"https:\/\/arena-ticket.com\/en\/wp-json\/wp\/v2\/product_tag?post=42358"}],"curies":[{"name":"wp","href":"https:\/\/api.w.org\/{rel}","templated":true}]}}