{"id":42364,"date":"2025-06-04T15:20:06","date_gmt":"2025-06-04T13:20:06","guid":{"rendered":"https:\/\/arena-ticket.com\/?p=42364&#038;post_type=product&#038;preview_id=42364"},"modified":"2025-06-06T18:35:34","modified_gmt":"2025-06-06T16:35:34","slug":"filmnaechte-leipzig-heldin-2000-uhr-einlass-leipzig-scheibenholz-sommerkino-30-07-2025-21-30-uhr","status":"publish","type":"product","link":"https:\/\/arena-ticket.com\/en\/product\/filmnaechte-leipzig-heldin-2000-uhr-einlass-leipzig-scheibenholz-sommerkino-30-07-2025-21-30-uhr\/","title":{"rendered":"Heldin - Scheibenholz Sommerkino"},"content":{"rendered":"<p>Pflegefachkraft Floria arbeitet mit gro\u00dfer Leidenschaft und Professionalit\u00e4t in der Chirurgie eines Schweizer Krankenhauses. Bei ihr sitzt jeder Handgriff, sie hat selbst in Stresssituationen immer ein offenes Ohr f\u00fcr ihre Patient:innen und ist im Notfall sofort zur Stelle \u2013 idealerweise. Doch in der harten Realit\u00e4t ihres oft schwer kalkulierbaren Alltags sieht das meist anders aus. Als Floria an diesem Tag ihre Sp\u00e4tschicht antritt, f\u00e4llt auf der voll belegten, unterbesetzten Station eine Kollegin aus.Trotz aller Hektik umsorgt Floria eine schwerkranke Mutter und einen alten Mann, der dringend auf seine Diagnose wartet, ebenso f\u00fcrsorglich und routiniert wie den Privatpatienten mit all seinen Extraw\u00fcnschen. Aber dann passiert ihr ein verh\u00e4ngnisvoller Fehler und die Schicht droht, v\u00f6llig aus dem Ruder zu laufen. Ein nervenzerrender Wettlauf gegen die Zeit beginnt.<\/p>","protected":false},"excerpt":{"rendered":"<p>Heldin - FSK 6 | 21:30 Uhr Beginn | 20:00 Uhr Einlass         <\/p>","protected":false},"featured_media":42367,"template":"","meta":{"_acf_changed":false,"inline_featured_image":false},"product_brand":[],"product_cat":[31,400,406,6768,922,86,35,21,58],"product_tag":[941,3236,3347,5788,951,943,944,3235,947,948],"class_list":{"0":"post-42364","1":"product","2":"type-product","3":"status-publish","4":"has-post-thumbnail","6":"product_cat-events","7":"product_cat-filmnaechte-scheibenholz","8":"product_cat-galopprennbahn-scheibenholz","9":"product_cat-kino","10":"product_cat-kultur","11":"product_cat-leipzig","12":"product_cat-orte","13":"product_cat-ticket","14":"product_cat-veranstaltung","15":"product_tag-events","16":"product_tag-filmnaechte-scheibenholz","17":"product_tag-galopprennbahn-scheibenholz","18":"product_tag-heldin","19":"product_tag-kultur","20":"product_tag-leipzig","21":"product_tag-orte","22":"product_tag-scheibenholz-sommerkino","23":"product_tag-ticket","24":"product_tag-veranstaltung","25":"product_shipping_class-nur_paketversand","26":"pa_discount-kind","27":"pa_discount-normalpreis","28":"pa_preiskategorie-freie-platzwahl","30":"first","31":"instock","32":"taxable","33":"shipping-taxable","34":"purchasable","35":"product-type-variable","36":"has-default-attributes"},"group_of_quantity":0,"min_quantity":0,"max_quantity":"","exclude_order_quantity_value_rules":"no","exclude_category_quantity_rules":"no","combine_variations":"no","acf":[],"_links":{"self":[{"href":"https:\/\/arena-ticket.com\/en\/wp-json\/wp\/v2\/product\/42364","targetHints":{"allow":["GET"]}}],"collection":[{"href":"https:\/\/arena-ticket.com\/en\/wp-json\/wp\/v2\/product"}],"about":[{"href":"https:\/\/arena-ticket.com\/en\/wp-json\/wp\/v2\/types\/product"}],"wp:featuredmedia":[{"embeddable":true,"href":"https:\/\/arena-ticket.com\/en\/wp-json\/wp\/v2\/media\/42367"}],"wp:attachment":[{"href":"https:\/\/arena-ticket.com\/en\/wp-json\/wp\/v2\/media?parent=42364"}],"wp:term":[{"taxonomy":"product_brand","embeddable":true,"href":"https:\/\/arena-ticket.com\/en\/wp-json\/wp\/v2\/product_brand?post=42364"},{"taxonomy":"product_cat","embeddable":true,"href":"https:\/\/arena-ticket.com\/en\/wp-json\/wp\/v2\/product_cat?post=42364"},{"taxonomy":"product_tag","embeddable":true,"href":"https:\/\/arena-ticket.com\/en\/wp-json\/wp\/v2\/product_tag?post=42364"}],"curies":[{"name":"wp","href":"https:\/\/api.w.org\/{rel}","templated":true}]}}