{"id":42428,"date":"2025-06-05T12:41:00","date_gmt":"2025-06-05T10:41:00","guid":{"rendered":"https:\/\/arena-ticket.com\/?p=42428&#038;post_type=product&#038;preview_id=42428"},"modified":"2025-06-06T18:35:33","modified_gmt":"2025-06-06T16:35:33","slug":"filmnaechte-leipzig-black-bag-doppeltes-spiel-1930-uhr-einlass-leipzig-scheibenholz-sommerkino-31-07-2025-21-00-uhr","status":"publish","type":"product","link":"https:\/\/arena-ticket.com\/en\/product\/filmnaechte-leipzig-black-bag-doppeltes-spiel-1930-uhr-einlass-leipzig-scheibenholz-sommerkino-31-07-2025-21-00-uhr\/","title":{"rendered":"Black Bag - Doppeltes Spiel - Scheibenholz Sommerkino"},"content":{"rendered":"<p>Die legend\u00e4ren britischen Geheimagenten George Woodhouse (Michael Fassbender) und seine Frau Kathryn (Cate Blanchett) stehen auf einmal im Zentrum eines politischen wie privaten Sturms, als Kathryn pl\u00f6tzlich des Landesverrats beschuldigt wird. Hintergrund ist eine streng geheime Software, deren Code geleakt wurde. Kathryn kommt anscheinend als potenzielle T\u00e4terin in Frage. F\u00fcr George, der eigentlich sowohl seiner Frau als auch seinem Land bedingungslos treu zu sein glaubt, bricht in seinem Inneren ein erbarmungsloser Konflikt aus. Um die Wahrheit ans Licht zu bringen, fingiert er zusammen eine Dinner-Party, zu der er auch die anderen Verd\u00e4chtigen einl\u00e4dt. W\u00e4hrend er in dieser Ausnahmesituation versucht, den Ursprung der heftigen Anschuldigungen gegen seine Frau aufzudecken, muss er entscheiden, wem seine Loyalit\u00e4t wirklich gilt \u2013 der Frau, die er liebt, oder dem Land, dem er geschworen hat zu dienen.<\/p>","protected":false},"excerpt":{"rendered":"<p>Black Bag - Doppeltes Spiel - FSK 12 | 21:00 Uhr Beginn | 19:30 Uhr Einlass         <\/p>","protected":false},"featured_media":42431,"template":"","meta":{"_acf_changed":false,"inline_featured_image":false},"product_brand":[],"product_cat":[31,400,406,6768,922,86,35,21,58],"product_tag":[5789,941,3236,3347,951,943,944,3235,947,948],"class_list":{"0":"post-42428","1":"product","2":"type-product","3":"status-publish","4":"has-post-thumbnail","6":"product_cat-events","7":"product_cat-filmnaechte-scheibenholz","8":"product_cat-galopprennbahn-scheibenholz","9":"product_cat-kino","10":"product_cat-kultur","11":"product_cat-leipzig","12":"product_cat-orte","13":"product_cat-ticket","14":"product_cat-veranstaltung","15":"product_tag-black-bag-doppeltes-spiel","16":"product_tag-events","17":"product_tag-filmnaechte-scheibenholz","18":"product_tag-galopprennbahn-scheibenholz","19":"product_tag-kultur","20":"product_tag-leipzig","21":"product_tag-orte","22":"product_tag-scheibenholz-sommerkino","23":"product_tag-ticket","24":"product_tag-veranstaltung","25":"product_shipping_class-nur_paketversand","26":"pa_discount-kind","27":"pa_discount-normalpreis","28":"pa_preiskategorie-freie-platzwahl","30":"first","31":"instock","32":"taxable","33":"shipping-taxable","34":"purchasable","35":"product-type-variable","36":"has-default-attributes"},"group_of_quantity":0,"min_quantity":0,"max_quantity":"","exclude_order_quantity_value_rules":"no","exclude_category_quantity_rules":"no","combine_variations":"no","acf":[],"_links":{"self":[{"href":"https:\/\/arena-ticket.com\/en\/wp-json\/wp\/v2\/product\/42428","targetHints":{"allow":["GET"]}}],"collection":[{"href":"https:\/\/arena-ticket.com\/en\/wp-json\/wp\/v2\/product"}],"about":[{"href":"https:\/\/arena-ticket.com\/en\/wp-json\/wp\/v2\/types\/product"}],"wp:featuredmedia":[{"embeddable":true,"href":"https:\/\/arena-ticket.com\/en\/wp-json\/wp\/v2\/media\/42431"}],"wp:attachment":[{"href":"https:\/\/arena-ticket.com\/en\/wp-json\/wp\/v2\/media?parent=42428"}],"wp:term":[{"taxonomy":"product_brand","embeddable":true,"href":"https:\/\/arena-ticket.com\/en\/wp-json\/wp\/v2\/product_brand?post=42428"},{"taxonomy":"product_cat","embeddable":true,"href":"https:\/\/arena-ticket.com\/en\/wp-json\/wp\/v2\/product_cat?post=42428"},{"taxonomy":"product_tag","embeddable":true,"href":"https:\/\/arena-ticket.com\/en\/wp-json\/wp\/v2\/product_tag?post=42428"}],"curies":[{"name":"wp","href":"https:\/\/api.w.org\/{rel}","templated":true}]}}