{"id":42432,"date":"2025-06-05T12:54:07","date_gmt":"2025-06-05T10:54:07","guid":{"rendered":"https:\/\/arena-ticket.com\/?p=42432&#038;post_type=product&#038;preview_id=42432"},"modified":"2025-06-06T18:35:32","modified_gmt":"2025-06-06T16:35:32","slug":"filmnaechte-leipzig-jurassic-world-die-wiedergeburt-1930-uhr-einlass-leipzig-scheibenholz-sommerkino-01-08-2025-21-00-uhr","status":"publish","type":"product","link":"https:\/\/arena-ticket.com\/en\/product\/filmnaechte-leipzig-jurassic-world-die-wiedergeburt-1930-uhr-einlass-leipzig-scheibenholz-sommerkino-01-08-2025-21-00-uhr\/","title":{"rendered":"Jurassic World - Die Wiedergeburt - Scheibenholz Sommerkino"},"content":{"rendered":"<p>F\u00fcnf Jahre nach den Ereignissen auf Isla Nublar leben Dinosaurier und Menschen in einer fragilen Koexistenz. Doch die drastischen \u00f6kologischen Ver\u00e4nderungen des Planeten zwingen die urzeitlichen Kreaturen zunehmend in isolierte \u00e4quatoriale Gebiete zur\u00fcck. Ein Team aus Experten \u2013 darunter Zora Bennett (Scarlett Johansson), Duncan Kincaid (Mahershala Ali), Dr. Henry Loomis (Jonathan Bailey), Martin Krebs (Rupert Friend) und Reuben Delgado (Manuel Garcia-Rulfo) begibt sich in geheimer Mission auf eine abgelegene Insel, um genetisches Material von den gr\u00f6\u00dften Dinosauriern zu Land, zu Wasser und in der Luft zu gewinnen \u2013 ein entscheidender Schritt zur Entwicklung eines revolution\u00e4ren Heilmittels. Doch die Mission nimmt eine unerwartete Wendung, als sie auf eine gestrandete Familie treffen, deren Boot von Wassersauriern zerst\u00f6rt wurde. Gemeinsam finden sie sich auf einer verbotenen Insel wieder, die einst als geheime Jurassic-Park-Forschungseinrichtung diente. Hier lauern nicht nur einige der gef\u00e4hrlichsten Dinosaurier, sondern auch ein finsteres Geheimnis, das tief unter der Oberfl\u00e4che der Insel verborgen liegt. W\u00e4hrend sie ums \u00dcberleben k\u00e4mpfen, decken sie eine Wahrheit auf, die die Geschichte der Dinosaurier und ihre Beziehung zur Menschheit f\u00fcr immer ver\u00e4ndern k\u00f6nnte.<\/p>","protected":false},"excerpt":{"rendered":"<p>Jurassic World - Die Wiedergeburt - FSK 12 | 21:00 Uhr Beginn | 19:30 Uhr Einlass         <\/p>","protected":false},"featured_media":42435,"template":"","meta":{"_acf_changed":false,"inline_featured_image":false},"product_brand":[],"product_cat":[31,400,406,6768,922,86,35,21,58],"product_tag":[941,3236,3347,5791,951,943,944,3235,947,948],"class_list":{"0":"post-42432","1":"product","2":"type-product","3":"status-publish","4":"has-post-thumbnail","6":"product_cat-events","7":"product_cat-filmnaechte-scheibenholz","8":"product_cat-galopprennbahn-scheibenholz","9":"product_cat-kino","10":"product_cat-kultur","11":"product_cat-leipzig","12":"product_cat-orte","13":"product_cat-ticket","14":"product_cat-veranstaltung","15":"product_tag-events","16":"product_tag-filmnaechte-scheibenholz","17":"product_tag-galopprennbahn-scheibenholz","18":"product_tag-jurassic-world-die-wiedergeburt","19":"product_tag-kultur","20":"product_tag-leipzig","21":"product_tag-orte","22":"product_tag-scheibenholz-sommerkino","23":"product_tag-ticket","24":"product_tag-veranstaltung","25":"product_shipping_class-nur_paketversand","26":"pa_discount-kind","27":"pa_discount-normalpreis","28":"pa_preiskategorie-freie-platzwahl","30":"first","31":"instock","32":"taxable","33":"shipping-taxable","34":"purchasable","35":"product-type-variable","36":"has-default-attributes"},"group_of_quantity":0,"min_quantity":0,"max_quantity":"","exclude_order_quantity_value_rules":"no","exclude_category_quantity_rules":"no","combine_variations":"no","acf":[],"_links":{"self":[{"href":"https:\/\/arena-ticket.com\/en\/wp-json\/wp\/v2\/product\/42432","targetHints":{"allow":["GET"]}}],"collection":[{"href":"https:\/\/arena-ticket.com\/en\/wp-json\/wp\/v2\/product"}],"about":[{"href":"https:\/\/arena-ticket.com\/en\/wp-json\/wp\/v2\/types\/product"}],"wp:featuredmedia":[{"embeddable":true,"href":"https:\/\/arena-ticket.com\/en\/wp-json\/wp\/v2\/media\/42435"}],"wp:attachment":[{"href":"https:\/\/arena-ticket.com\/en\/wp-json\/wp\/v2\/media?parent=42432"}],"wp:term":[{"taxonomy":"product_brand","embeddable":true,"href":"https:\/\/arena-ticket.com\/en\/wp-json\/wp\/v2\/product_brand?post=42432"},{"taxonomy":"product_cat","embeddable":true,"href":"https:\/\/arena-ticket.com\/en\/wp-json\/wp\/v2\/product_cat?post=42432"},{"taxonomy":"product_tag","embeddable":true,"href":"https:\/\/arena-ticket.com\/en\/wp-json\/wp\/v2\/product_tag?post=42432"}],"curies":[{"name":"wp","href":"https:\/\/api.w.org\/{rel}","templated":true}]}}