{"id":42440,"date":"2025-06-05T13:45:45","date_gmt":"2025-06-05T11:45:45","guid":{"rendered":"https:\/\/arena-ticket.com\/?p=42440&#038;post_type=product&#038;preview_id=42440"},"modified":"2025-07-19T10:27:34","modified_gmt":"2025-07-19T08:27:34","slug":"filmnaechte-leipzig-wunderschoener-1930-uhr-einlass-leipzig-scheibenholz-sommerkino-01-08-2025-21-00-uhr","status":"publish","type":"product","link":"https:\/\/arena-ticket.com\/en\/product\/filmnaechte-leipzig-wunderschoener-1930-uhr-einlass-leipzig-scheibenholz-sommerkino-01-08-2025-21-00-uhr\/","title":{"rendered":"Wundersch\u00f6ner - Scheibenholz Sommerkino"},"content":{"rendered":"<p>WUNDERSCH\u00d6NER ist die Fortsetzung der episodisch erz\u00e4hlten, dramatischen Kom\u00f6die \u201eWundersch\u00f6n\u201c von Regisseurin Karoline Herfurth und begleitet viele der liebgewonnenen Figuren aus dem ersten Teil auf ihrem weiteren Weg zu sich selbst. Im Mittelpunkt stehen dabei f\u00fcnf Frauen, die ihr Leben und ihren Selbstwert nicht l\u00e4nger danach ausrichten wollen, begehrenswert zu sein. Hauptsache sexy - egal, ob d\u00fcnn, dick, welche Hautfarbe, jung, alt, wir k\u00f6nnen alle ganz divers sexy sein. Fast jede Frau w\u00e4chst damit auf, an sich arbeiten zu m\u00fcssen, um begehrenswert zu bleiben. Warum? Was w\u00e4re, wenn wir uns nicht mehr mit aller Kraft in eine sexy Pose pressen w\u00fcrden? Wenn wir nicht mehr f\u00fcr das Recht k\u00e4mpfen, sexy sein zu d\u00fcrfen, sondern wirklich frei? Was, wenn wir unsere ganze Zeit und Kraft nicht mehr investieren w\u00fcrden, um geh\u00f6rt zu werden, sondern die Welt anf\u00e4ngt, uns zu h\u00f6ren?<\/p>","protected":false},"excerpt":{"rendered":"<p>Wundersch\u00f6ner - FSK 12 | 21:00 Uhr Beginn | 19:30 Uhr Einlass         <\/p>","protected":false},"featured_media":42443,"template":"","meta":{"_acf_changed":false,"inline_featured_image":false},"product_brand":[],"product_cat":[31,400,406,6768,922,86,35,21,58],"product_tag":[941,3236,3347,951,943,944,3235,947,948,5792],"class_list":{"0":"post-42440","1":"product","2":"type-product","3":"status-publish","4":"has-post-thumbnail","6":"product_cat-events","7":"product_cat-filmnaechte-scheibenholz","8":"product_cat-galopprennbahn-scheibenholz","9":"product_cat-kino","10":"product_cat-kultur","11":"product_cat-leipzig","12":"product_cat-orte","13":"product_cat-ticket","14":"product_cat-veranstaltung","15":"product_tag-events","16":"product_tag-filmnaechte-scheibenholz","17":"product_tag-galopprennbahn-scheibenholz","18":"product_tag-kultur","19":"product_tag-leipzig","20":"product_tag-orte","21":"product_tag-scheibenholz-sommerkino","22":"product_tag-ticket","23":"product_tag-veranstaltung","24":"product_tag-wunderschoener","25":"product_shipping_class-nur_paketversand","26":"pa_discount-kind","27":"pa_discount-normalpreis","28":"pa_preiskategorie-freie-platzwahl","30":"first","31":"instock","32":"taxable","33":"shipping-taxable","34":"purchasable","35":"product-type-variable","36":"has-default-attributes"},"group_of_quantity":0,"min_quantity":0,"max_quantity":"","exclude_order_quantity_value_rules":"no","exclude_category_quantity_rules":"no","combine_variations":"no","acf":[],"_links":{"self":[{"href":"https:\/\/arena-ticket.com\/en\/wp-json\/wp\/v2\/product\/42440","targetHints":{"allow":["GET"]}}],"collection":[{"href":"https:\/\/arena-ticket.com\/en\/wp-json\/wp\/v2\/product"}],"about":[{"href":"https:\/\/arena-ticket.com\/en\/wp-json\/wp\/v2\/types\/product"}],"wp:featuredmedia":[{"embeddable":true,"href":"https:\/\/arena-ticket.com\/en\/wp-json\/wp\/v2\/media\/42443"}],"wp:attachment":[{"href":"https:\/\/arena-ticket.com\/en\/wp-json\/wp\/v2\/media?parent=42440"}],"wp:term":[{"taxonomy":"product_brand","embeddable":true,"href":"https:\/\/arena-ticket.com\/en\/wp-json\/wp\/v2\/product_brand?post=42440"},{"taxonomy":"product_cat","embeddable":true,"href":"https:\/\/arena-ticket.com\/en\/wp-json\/wp\/v2\/product_cat?post=42440"},{"taxonomy":"product_tag","embeddable":true,"href":"https:\/\/arena-ticket.com\/en\/wp-json\/wp\/v2\/product_tag?post=42440"}],"curies":[{"name":"wp","href":"https:\/\/api.w.org\/{rel}","templated":true}]}}