{"id":42444,"date":"2025-06-05T13:53:06","date_gmt":"2025-06-05T11:53:06","guid":{"rendered":"https:\/\/arena-ticket.com\/?p=42444&#038;post_type=product&#038;preview_id=42444"},"modified":"2025-06-06T18:35:30","modified_gmt":"2025-06-06T16:35:30","slug":"filmnaechte-leipzig-karate-kid-legends-1930-uhr-einlass-leipzig-scheibenholz-sommerkino-03-08-2025-21-00-uhr","status":"publish","type":"product","link":"https:\/\/arena-ticket.com\/en\/product\/filmnaechte-leipzig-karate-kid-legends-1930-uhr-einlass-leipzig-scheibenholz-sommerkino-03-08-2025-21-00-uhr\/","title":{"rendered":"Karate Kid - Legends - Scheibenholz Sommerkino"},"content":{"rendered":"<p>Als Kung-Fu-Wunderkind Li Fong (Ben Wang) mit seiner Mutter nach New York City zieht, findet er Halt bei einer neuen Klassenkameradin und deren Vater. Doch der Frieden ist nur von kurzer Dauer, als Li unfreiwillig die Aufmerksamkeit des lokalen Karatemeisters auf sich zieht. Um sich und seine neuen Freunde zu verteidigen, tritt Li beim ultimativen Karatewettbewerb an. Mit der Unterst\u00fctzung seines Kung-Fu-Lehrers Mr. Han (Jackie Chan) und des legend\u00e4ren Karate Kids Daniel LaRusso (Ralph Macchio) bereitet er sich auf einen spektakul\u00e4ren Showdown vor, der nicht nur seine F\u00e4higkeiten, sondern auch seinen Mut und seine Werte auf die Probe stellen soll. Zwei \u00c4ste, ein Baum: KARATE KID: LEGENDS vereint die legend\u00e4ren Martial-Arts-Meister einer der beliebtesten Filmreihen aller Zeiten und erz\u00e4hlt eine v\u00f6llig neue Geschichte voller Action und Herz.<\/p>","protected":false},"excerpt":{"rendered":"<p>Karate Kid - Legends - FSK 6 | 21:00 Uhr Beginn | 19:30 Uhr Einlass         <\/p>","protected":false},"featured_media":42447,"template":"","meta":{"_acf_changed":false,"inline_featured_image":false},"product_brand":[],"product_cat":[31,400,406,6768,922,86,35,21,58],"product_tag":[941,3236,3347,5793,951,943,944,3235,947,948],"class_list":{"0":"post-42444","1":"product","2":"type-product","3":"status-publish","4":"has-post-thumbnail","6":"product_cat-events","7":"product_cat-filmnaechte-scheibenholz","8":"product_cat-galopprennbahn-scheibenholz","9":"product_cat-kino","10":"product_cat-kultur","11":"product_cat-leipzig","12":"product_cat-orte","13":"product_cat-ticket","14":"product_cat-veranstaltung","15":"product_tag-events","16":"product_tag-filmnaechte-scheibenholz","17":"product_tag-galopprennbahn-scheibenholz","18":"product_tag-karate-kid-legends","19":"product_tag-kultur","20":"product_tag-leipzig","21":"product_tag-orte","22":"product_tag-scheibenholz-sommerkino","23":"product_tag-ticket","24":"product_tag-veranstaltung","25":"product_shipping_class-nur_paketversand","26":"pa_discount-kind","27":"pa_discount-normalpreis","28":"pa_preiskategorie-freie-platzwahl","30":"first","31":"instock","32":"taxable","33":"shipping-taxable","34":"purchasable","35":"product-type-variable","36":"has-default-attributes"},"group_of_quantity":0,"min_quantity":0,"max_quantity":"","exclude_order_quantity_value_rules":"no","exclude_category_quantity_rules":"no","combine_variations":"no","acf":[],"_links":{"self":[{"href":"https:\/\/arena-ticket.com\/en\/wp-json\/wp\/v2\/product\/42444","targetHints":{"allow":["GET"]}}],"collection":[{"href":"https:\/\/arena-ticket.com\/en\/wp-json\/wp\/v2\/product"}],"about":[{"href":"https:\/\/arena-ticket.com\/en\/wp-json\/wp\/v2\/types\/product"}],"wp:featuredmedia":[{"embeddable":true,"href":"https:\/\/arena-ticket.com\/en\/wp-json\/wp\/v2\/media\/42447"}],"wp:attachment":[{"href":"https:\/\/arena-ticket.com\/en\/wp-json\/wp\/v2\/media?parent=42444"}],"wp:term":[{"taxonomy":"product_brand","embeddable":true,"href":"https:\/\/arena-ticket.com\/en\/wp-json\/wp\/v2\/product_brand?post=42444"},{"taxonomy":"product_cat","embeddable":true,"href":"https:\/\/arena-ticket.com\/en\/wp-json\/wp\/v2\/product_cat?post=42444"},{"taxonomy":"product_tag","embeddable":true,"href":"https:\/\/arena-ticket.com\/en\/wp-json\/wp\/v2\/product_tag?post=42444"}],"curies":[{"name":"wp","href":"https:\/\/api.w.org\/{rel}","templated":true}]}}