{"id":42452,"date":"2025-06-05T14:19:22","date_gmt":"2025-06-05T12:19:22","guid":{"rendered":"https:\/\/arena-ticket.com\/?p=42452&#038;post_type=product&#038;preview_id=42452"},"modified":"2025-07-30T19:49:17","modified_gmt":"2025-07-30T17:49:17","slug":"filmnaechte-leipzig-wicked-1930-uhr-einlass-leipzig-scheibenholz-sommerkino-05-08-2025-21-00-uhr","status":"publish","type":"product","link":"https:\/\/arena-ticket.com\/en\/product\/filmnaechte-leipzig-wicked-1930-uhr-einlass-leipzig-scheibenholz-sommerkino-05-08-2025-21-00-uhr\/","title":{"rendered":"Wicked - Scheibenholz Sommerkino"},"content":{"rendered":"<p>Die zwei Hexen Elphaba (Cytnhia Erivo) und Glinda (Ariana Grande) k\u00f6nnten unterschiedlich nicht sein. W\u00e4hrend Glinda privilegiert, h\u00fcbsch und attraktiv ist, muss sich Elphaba aufgrund ihrer gr\u00fcnen Hautfarbe immer wieder beweisen und vor allem ihre wahren F\u00e4higkeiten erst noch entdecken. So unterschiedlich die beiden Hexen auch sind, umso enger befreunden sie sich w\u00e4hrend ihrer Zeit auf der Universit\u00e4t Glizz im fantastischen Land Oz. Eine Reihe unerwarteter Ereignisse stellt die beiden Freundinnen jedoch auf eine harte Probe, die sogar zum m\u00e4chtigen Zauberer von Oz (Jeff Goldblum) f\u00fchrt. Welche Rolle spielt der m\u00e4chtigste Mann des Landes im Leben der beiden Hexen und ist er wirklich der gutm\u00fctige Herrscher, der er vorgibt zu sein? Elphaba und Glinda sehen sich einer folgenschweren Entscheidung gegen\u00fcber, die ihre besondere Freundschaft f\u00fcr immer und ewig ver\u00e4ndern wird.<\/p>","protected":false},"excerpt":{"rendered":"<p>Wicked - Legends - FSK 6 | 21:00 Uhr Beginn | 19:30 Uhr Einlass         <\/p>","protected":false},"featured_media":42455,"template":"","meta":{"_acf_changed":false,"inline_featured_image":false},"product_brand":[],"product_cat":[31,400,406,6768,922,86,35,21,58],"product_tag":[941,3236,3347,951,943,944,3235,947,948,5794],"class_list":{"0":"post-42452","1":"product","2":"type-product","3":"status-publish","4":"has-post-thumbnail","6":"product_cat-events","7":"product_cat-filmnaechte-scheibenholz","8":"product_cat-galopprennbahn-scheibenholz","9":"product_cat-kino","10":"product_cat-kultur","11":"product_cat-leipzig","12":"product_cat-orte","13":"product_cat-ticket","14":"product_cat-veranstaltung","15":"product_tag-events","16":"product_tag-filmnaechte-scheibenholz","17":"product_tag-galopprennbahn-scheibenholz","18":"product_tag-kultur","19":"product_tag-leipzig","20":"product_tag-orte","21":"product_tag-scheibenholz-sommerkino","22":"product_tag-ticket","23":"product_tag-veranstaltung","24":"product_tag-wicked","25":"product_shipping_class-nur_paketversand","26":"pa_discount-kind","27":"pa_discount-normalpreis","28":"pa_preiskategorie-freie-platzwahl","30":"first","31":"instock","32":"taxable","33":"shipping-taxable","34":"purchasable","35":"product-type-variable","36":"has-default-attributes"},"group_of_quantity":0,"min_quantity":0,"max_quantity":"","exclude_order_quantity_value_rules":"no","exclude_category_quantity_rules":"no","combine_variations":"no","acf":[],"_links":{"self":[{"href":"https:\/\/arena-ticket.com\/en\/wp-json\/wp\/v2\/product\/42452","targetHints":{"allow":["GET"]}}],"collection":[{"href":"https:\/\/arena-ticket.com\/en\/wp-json\/wp\/v2\/product"}],"about":[{"href":"https:\/\/arena-ticket.com\/en\/wp-json\/wp\/v2\/types\/product"}],"wp:featuredmedia":[{"embeddable":true,"href":"https:\/\/arena-ticket.com\/en\/wp-json\/wp\/v2\/media\/42455"}],"wp:attachment":[{"href":"https:\/\/arena-ticket.com\/en\/wp-json\/wp\/v2\/media?parent=42452"}],"wp:term":[{"taxonomy":"product_brand","embeddable":true,"href":"https:\/\/arena-ticket.com\/en\/wp-json\/wp\/v2\/product_brand?post=42452"},{"taxonomy":"product_cat","embeddable":true,"href":"https:\/\/arena-ticket.com\/en\/wp-json\/wp\/v2\/product_cat?post=42452"},{"taxonomy":"product_tag","embeddable":true,"href":"https:\/\/arena-ticket.com\/en\/wp-json\/wp\/v2\/product_tag?post=42452"}],"curies":[{"name":"wp","href":"https:\/\/api.w.org\/{rel}","templated":true}]}}