{"id":42456,"date":"2025-06-05T14:25:12","date_gmt":"2025-06-05T12:25:12","guid":{"rendered":"https:\/\/arena-ticket.com\/?p=42456&#038;post_type=product&#038;preview_id=42456"},"modified":"2025-06-06T18:35:28","modified_gmt":"2025-06-06T16:35:28","slug":"filmnaechte-leipzig-voila-papa-der-fast-perfekte-schwiegersohn-1930-uhr-einlass-leipzig-scheibenholz-sommerkino-06-08-2025-21-00-uhr","status":"publish","type":"product","link":"https:\/\/arena-ticket.com\/en\/product\/filmnaechte-leipzig-voila-papa-der-fast-perfekte-schwiegersohn-1930-uhr-einlass-leipzig-scheibenholz-sommerkino-06-08-2025-21-00-uhr\/","title":{"rendered":"Voil\u00e0, Papa! \u2013 Der fast perfekte Schwiegersohn - Scheibenholz Sommerkino"},"content":{"rendered":"<p>Psychoanalytiker Dr. Olivier B\u00e9ranger (Christian Claviersteht) vor einer gro\u00dfen Herausforderung: Sein Klient, Damien Leroy (Baptiste Lecaplain), leidet unter schweren \u00c4ngsten und ist extrem anh\u00e4nglich. Um ihn loszuwerden, r\u00e4t Olivier ihm, dass nur die wahre Liebe seine Phobien lindern k\u00f6nne. Ein Jahr sp\u00e4ter wird Olivier jedoch mit einer unerwarteten Wendung konfrontiert: Seine Tochter Alice stellt ihm ihren neuen Freund vor \u2013 Damien. Der \u201eperfekte Schwiegersohn\u201c, den sich Olivier immer ertr\u00e4umt hat, sieht anders aus. Nun muss er schnell handeln, um die Situation zu kontrollieren und ein weiteres unvorhergesehenes Problem zu vermeiden.<\/p>","protected":false},"excerpt":{"rendered":"<p>Voil\u00e0, Papa! \u2013 Der fast perfekte Schwiegersohn - FSK 12 | 21:00 Uhr Beginn | 19:30 Uhr Einlass         <\/p>","protected":false},"featured_media":42459,"template":"","meta":{"_acf_changed":false,"inline_featured_image":false},"product_brand":[],"product_cat":[31,400,406,6768,922,86,35,21,58],"product_tag":[941,3236,3347,951,943,944,5797,3235,947,948,5796,5795],"class_list":{"0":"post-42456","1":"product","2":"type-product","3":"status-publish","4":"has-post-thumbnail","6":"product_cat-events","7":"product_cat-filmnaechte-scheibenholz","8":"product_cat-galopprennbahn-scheibenholz","9":"product_cat-kino","10":"product_cat-kultur","11":"product_cat-leipzig","12":"product_cat-orte","13":"product_cat-ticket","14":"product_cat-veranstaltung","15":"product_tag-events","16":"product_tag-filmnaechte-scheibenholz","17":"product_tag-galopprennbahn-scheibenholz","18":"product_tag-kultur","19":"product_tag-leipzig","20":"product_tag-orte","21":"product_tag-papa-der-fast-perfekte-schwiegersohn","22":"product_tag-scheibenholz-sommerkino","23":"product_tag-ticket","24":"product_tag-veranstaltung","25":"product_tag-voila","26":"product_tag-voila-papa-der-fast-perfekte-schwiegersohn","27":"product_shipping_class-nur_paketversand","28":"pa_discount-kind","29":"pa_discount-normalpreis","30":"pa_preiskategorie-freie-platzwahl","32":"first","33":"instock","34":"taxable","35":"shipping-taxable","36":"purchasable","37":"product-type-variable","38":"has-default-attributes"},"group_of_quantity":0,"min_quantity":0,"max_quantity":"","exclude_order_quantity_value_rules":"no","exclude_category_quantity_rules":"no","combine_variations":"no","acf":[],"_links":{"self":[{"href":"https:\/\/arena-ticket.com\/en\/wp-json\/wp\/v2\/product\/42456","targetHints":{"allow":["GET"]}}],"collection":[{"href":"https:\/\/arena-ticket.com\/en\/wp-json\/wp\/v2\/product"}],"about":[{"href":"https:\/\/arena-ticket.com\/en\/wp-json\/wp\/v2\/types\/product"}],"wp:featuredmedia":[{"embeddable":true,"href":"https:\/\/arena-ticket.com\/en\/wp-json\/wp\/v2\/media\/42459"}],"wp:attachment":[{"href":"https:\/\/arena-ticket.com\/en\/wp-json\/wp\/v2\/media?parent=42456"}],"wp:term":[{"taxonomy":"product_brand","embeddable":true,"href":"https:\/\/arena-ticket.com\/en\/wp-json\/wp\/v2\/product_brand?post=42456"},{"taxonomy":"product_cat","embeddable":true,"href":"https:\/\/arena-ticket.com\/en\/wp-json\/wp\/v2\/product_cat?post=42456"},{"taxonomy":"product_tag","embeddable":true,"href":"https:\/\/arena-ticket.com\/en\/wp-json\/wp\/v2\/product_tag?post=42456"}],"curies":[{"name":"wp","href":"https:\/\/api.w.org\/{rel}","templated":true}]}}