{"id":42460,"date":"2025-06-05T14:43:55","date_gmt":"2025-06-05T12:43:55","guid":{"rendered":"https:\/\/arena-ticket.com\/?p=42460&#038;post_type=product&#038;preview_id=42460"},"modified":"2025-06-06T18:35:27","modified_gmt":"2025-06-06T16:35:27","slug":"filmnaechte-leipzig-der-meister-und-margarita-1930-uhr-einlass-leipzig-scheibenholz-sommerkino-06-08-2025-21-00-uhr","status":"publish","type":"product","link":"https:\/\/arena-ticket.com\/en\/product\/filmnaechte-leipzig-der-meister-und-margarita-1930-uhr-einlass-leipzig-scheibenholz-sommerkino-06-08-2025-21-00-uhr\/","title":{"rendered":"Der Meister und Margarita - Scheibenholz Sommerkino"},"content":{"rendered":"<p>Moskau in den 1930er Jahren: Ein ber\u00fchmter Schriftsteller (Evgeniy Tsyganov) ger\u00e4t mitten in einen Skandal. Sein Roman wird verboten, und kurz darauf wird die Theaterpremiere seines St\u00fccks abgesagt. In nur wenigen Tagen wird er in der UdSSR zum Ausgesto\u00dfenen. Inspiriert von diesem Missgeschick beginnt der Schriftsteller mit der Arbeit an einem neuen Roman, in dem Moskau von einem geheimnisvollen Ausl\u00e4nder namens Woland (August Diehl) besucht wird. Wolands Ziel ist es zun\u00e4chst, alle, die dem Schriftsteller Unrecht getan haben, vor Gericht zu bringen. Er und sein schrulliges Gefolge tun dies auf ebenso komische wie erschreckende Weise. Gleichzeitig verliebt sich der Schriftsteller unsterblich in Margarita (Yulia Snigir). Doch Margarita ist verheiratet und kann ihren Mann nicht verlassen. Mit zunehmender Verzweiflung verliert der Schriftsteller den Bezug zur Realit\u00e4t und beginnt zu glauben, dass nur Woland dem Schriftsteller und Margarita die M\u00f6glichkeit geben kann, zusammen zu sein.<\/p>","protected":false},"excerpt":{"rendered":"<p>Der Meister und Margarita \u2013 Der fast perfekte Schwiegersohn - FSK 12 | 21:00 Uhr Beginn | 19:30 Uhr Einlass         <\/p>","protected":false},"featured_media":42463,"template":"","meta":{"_acf_changed":false,"inline_featured_image":false},"product_brand":[],"product_cat":[31,400,406,6768,922,86,35,21,58],"product_tag":[5798,941,3236,3347,951,943,944,3235,947,948],"class_list":{"0":"post-42460","1":"product","2":"type-product","3":"status-publish","4":"has-post-thumbnail","6":"product_cat-events","7":"product_cat-filmnaechte-scheibenholz","8":"product_cat-galopprennbahn-scheibenholz","9":"product_cat-kino","10":"product_cat-kultur","11":"product_cat-leipzig","12":"product_cat-orte","13":"product_cat-ticket","14":"product_cat-veranstaltung","15":"product_tag-der-meister-und-margarita","16":"product_tag-events","17":"product_tag-filmnaechte-scheibenholz","18":"product_tag-galopprennbahn-scheibenholz","19":"product_tag-kultur","20":"product_tag-leipzig","21":"product_tag-orte","22":"product_tag-scheibenholz-sommerkino","23":"product_tag-ticket","24":"product_tag-veranstaltung","25":"product_shipping_class-nur_paketversand","26":"pa_discount-kind","27":"pa_discount-normalpreis","28":"pa_preiskategorie-freie-platzwahl","30":"first","31":"instock","32":"taxable","33":"shipping-taxable","34":"purchasable","35":"product-type-variable","36":"has-default-attributes"},"group_of_quantity":0,"min_quantity":0,"max_quantity":"","exclude_order_quantity_value_rules":"no","exclude_category_quantity_rules":"no","combine_variations":"no","acf":[],"_links":{"self":[{"href":"https:\/\/arena-ticket.com\/en\/wp-json\/wp\/v2\/product\/42460","targetHints":{"allow":["GET"]}}],"collection":[{"href":"https:\/\/arena-ticket.com\/en\/wp-json\/wp\/v2\/product"}],"about":[{"href":"https:\/\/arena-ticket.com\/en\/wp-json\/wp\/v2\/types\/product"}],"wp:featuredmedia":[{"embeddable":true,"href":"https:\/\/arena-ticket.com\/en\/wp-json\/wp\/v2\/media\/42463"}],"wp:attachment":[{"href":"https:\/\/arena-ticket.com\/en\/wp-json\/wp\/v2\/media?parent=42460"}],"wp:term":[{"taxonomy":"product_brand","embeddable":true,"href":"https:\/\/arena-ticket.com\/en\/wp-json\/wp\/v2\/product_brand?post=42460"},{"taxonomy":"product_cat","embeddable":true,"href":"https:\/\/arena-ticket.com\/en\/wp-json\/wp\/v2\/product_cat?post=42460"},{"taxonomy":"product_tag","embeddable":true,"href":"https:\/\/arena-ticket.com\/en\/wp-json\/wp\/v2\/product_tag?post=42460"}],"curies":[{"name":"wp","href":"https:\/\/api.w.org\/{rel}","templated":true}]}}