{"id":42466,"date":"2025-06-05T14:59:19","date_gmt":"2025-06-05T12:59:19","guid":{"rendered":"https:\/\/arena-ticket.com\/?p=42466&#038;post_type=product&#038;preview_id=42466"},"modified":"2025-06-06T18:35:26","modified_gmt":"2025-06-06T16:35:26","slug":"filmnaechte-leipzig-f1-1930-uhr-einlass-leipzig-scheibenholz-sommerkino-08-08-2025-21-00-uhr","status":"publish","type":"product","link":"https:\/\/arena-ticket.com\/en\/product\/filmnaechte-leipzig-f1-1930-uhr-einlass-leipzig-scheibenholz-sommerkino-08-08-2025-21-00-uhr\/","title":{"rendered":"F1 - Scheibenholz Sommerkino"},"content":{"rendered":"<p>In den 1990er Jahren galt Sonny Hayes (Brad Pitt) noch als die n\u00e4chste gro\u00dfe Nummer im Rennsport und der h\u00f6chste Klasse, der Formel 1. Doch auch als Rennfahrer legt man seinen K\u00f6rper in die Waagschale und muss letztlich mit dem Schlimmsten rechnen. F\u00fcr Sonny Hayes bedeutet das das Ende seiner Karriere als Formel-1-Profi nach einem folgenschweren Unfall auf der Rennstrecke. Fortan d\u00fcmpelt er in niedrigeren Rennklassen herum und h\u00e4lt sich drei Jahrzehnte nach seinem schicksalstr\u00e4chtigen Unfall noch als Gelegenheitsrennfahrer \u00fcber Wasser und versucht dabei, von seinem alten Formel-1-Ruf zu zehren. Sein damaliger Teamkollege Ruben Cervantes (Javier Bardem) wei\u00df das. Der ist mittlerweile Chef des Teams APXGP, das scheinbar hoffnungs- und punktlos am untersten Ende der Formel-1-Tabelle verweilt. Weil Cervantes damit also fast nichts mehr zu verlieren hat, will er Hayes zur\u00fcck in die K\u00f6nigsklasse holen und ihn zusammen mit dem Rookie Noah genannten Joshua Pearce (Damson Idris) einen Rettungsanker f\u00fcr den Rennstall formen lassen.<\/p>","protected":false},"excerpt":{"rendered":"<p>F1 - FSK 0 | 21:00 Uhr Beginn | 19:30 Uhr Einlass         <\/p>","protected":false},"featured_media":42469,"template":"","meta":{"_acf_changed":false,"inline_featured_image":false},"product_brand":[],"product_cat":[31,400,406,6768,922,86,35,21,58],"product_tag":[941,5799,3236,3347,951,943,944,3235,947,948],"class_list":{"0":"post-42466","1":"product","2":"type-product","3":"status-publish","4":"has-post-thumbnail","6":"product_cat-events","7":"product_cat-filmnaechte-scheibenholz","8":"product_cat-galopprennbahn-scheibenholz","9":"product_cat-kino","10":"product_cat-kultur","11":"product_cat-leipzig","12":"product_cat-orte","13":"product_cat-ticket","14":"product_cat-veranstaltung","15":"product_tag-events","16":"product_tag-f1","17":"product_tag-filmnaechte-scheibenholz","18":"product_tag-galopprennbahn-scheibenholz","19":"product_tag-kultur","20":"product_tag-leipzig","21":"product_tag-orte","22":"product_tag-scheibenholz-sommerkino","23":"product_tag-ticket","24":"product_tag-veranstaltung","25":"product_shipping_class-nur_paketversand","26":"pa_discount-kind","27":"pa_discount-normalpreis","28":"pa_preiskategorie-freie-platzwahl","30":"first","31":"instock","32":"taxable","33":"shipping-taxable","34":"purchasable","35":"product-type-variable","36":"has-default-attributes"},"group_of_quantity":0,"min_quantity":0,"max_quantity":"","exclude_order_quantity_value_rules":"no","exclude_category_quantity_rules":"no","combine_variations":"no","acf":[],"_links":{"self":[{"href":"https:\/\/arena-ticket.com\/en\/wp-json\/wp\/v2\/product\/42466","targetHints":{"allow":["GET"]}}],"collection":[{"href":"https:\/\/arena-ticket.com\/en\/wp-json\/wp\/v2\/product"}],"about":[{"href":"https:\/\/arena-ticket.com\/en\/wp-json\/wp\/v2\/types\/product"}],"wp:featuredmedia":[{"embeddable":true,"href":"https:\/\/arena-ticket.com\/en\/wp-json\/wp\/v2\/media\/42469"}],"wp:attachment":[{"href":"https:\/\/arena-ticket.com\/en\/wp-json\/wp\/v2\/media?parent=42466"}],"wp:term":[{"taxonomy":"product_brand","embeddable":true,"href":"https:\/\/arena-ticket.com\/en\/wp-json\/wp\/v2\/product_brand?post=42466"},{"taxonomy":"product_cat","embeddable":true,"href":"https:\/\/arena-ticket.com\/en\/wp-json\/wp\/v2\/product_cat?post=42466"},{"taxonomy":"product_tag","embeddable":true,"href":"https:\/\/arena-ticket.com\/en\/wp-json\/wp\/v2\/product_tag?post=42466"}],"curies":[{"name":"wp","href":"https:\/\/api.w.org\/{rel}","templated":true}]}}