{"id":42470,"date":"2025-06-05T15:10:06","date_gmt":"2025-06-05T13:10:06","guid":{"rendered":"https:\/\/arena-ticket.com\/?p=42470&#038;post_type=product&#038;preview_id=42470"},"modified":"2025-06-06T18:35:25","modified_gmt":"2025-06-06T16:35:25","slug":"filmnaechte-leipzig-der-pinguin-meines-lebens-1930-uhr-einlass-leipzig-scheibenholz-sommerkino-10-08-2025-21-00-uhr","status":"publish","type":"product","link":"https:\/\/arena-ticket.com\/en\/product\/filmnaechte-leipzig-der-pinguin-meines-lebens-1930-uhr-einlass-leipzig-scheibenholz-sommerkino-10-08-2025-21-00-uhr\/","title":{"rendered":"Der Pinguin meines Lebens - Scheibenholz Sommerkino"},"content":{"rendered":"<p>Tom (Steve Coogan), ein m\u00fcrrischer Lehrer, durch und durch Engl\u00e4nder, kommt in den 1970er Jahren nach Buenos Aires, um an einem Jungeninternat Englisch zu unterrichten. Mitten in den Unruhen des Milit\u00e4rputsches sind auch seine Sch\u00fcler aufs\u00e4ssig und unbelehrbar. Das macht es f\u00fcr Tom nicht leichter. Doch sein Leben nimmt eine ungeahnte Wendung, als er eines Tages am \u00f6lverschmutzten Strand von Uruguay einem Pinguin das Leben rettet und diesen trotz aller Bem\u00fchungen nicht wieder loswird. Der Pinguin zieht auf Toms Terrasse ein, wird ihm ein treuer Freund und f\u00fcr seine Sch\u00fcler zum Pinguin des Vertrauens. Pinguine sind n\u00e4mlich nicht nur wahnsinnig niedlich, sondern auch hervorragende Zuh\u00f6rer ...<\/p>\n<p>Einf\u00fchlsam erz\u00e4hlt DER PINGUIN MEINES LEBENS die wahre Geschichte einer unwahrscheinlichen Freundschaft zwischen Mensch und Pinguin. In der Hauptrolle des Einzelg\u00e4ngers Tom Michell \u00fcberzeugt der mehrfach mit dem British Academy Film Award ausgezeichnete Steve Coogan (THE LOST KING, STAN &amp; OLLIE, PHILOMENA) mit einer feinen Balance zwischen Zynismus und Herzensw\u00e4rme. An seiner Seite verk\u00f6rpert ein kleiner Magellanpinguin namens Juan Salvador Tom Michells putzigen Begleiter, der mit seiner liebenswerten Art die Menschen um ihn herum f\u00fcr sich gewinnt. So auch die Haush\u00e4lterin und Schulk\u00f6chin, herausragend gespielt von Vivian El Jaber (EDUCANDO A NINA), sowie Alfonsina Carrocio (DIE SCHNEEGESELLSCHAFT) in der Rolle ihrer rebellischen Enkelin Sof\u00eda. Mit Gravitas verk\u00f6rpert Kinolegende Jonathan Pryce (DIE ZWEI P\u00c4PSTE, ONE LIFE) den Direktor des Jungeninternats. Michells naiven und unbeholfenen Lehrerkollegen Tapio spielt der schwedische Schauspieler und Comedian Bj\u00f6rn Gustafsson (ASTRID). <\/p>","protected":false},"excerpt":{"rendered":"<p>Der Pinguin meines Lebens - FSK 6 | 21:00 Uhr Beginn | 19:30 Uhr Einlass         <\/p>","protected":false},"featured_media":42475,"template":"","meta":{"_acf_changed":false,"inline_featured_image":false},"product_brand":[],"product_cat":[31,400,406,6768,922,86,35,21,58],"product_tag":[5800,941,3236,3347,951,943,944,3235,947,948],"class_list":{"0":"post-42470","1":"product","2":"type-product","3":"status-publish","4":"has-post-thumbnail","6":"product_cat-events","7":"product_cat-filmnaechte-scheibenholz","8":"product_cat-galopprennbahn-scheibenholz","9":"product_cat-kino","10":"product_cat-kultur","11":"product_cat-leipzig","12":"product_cat-orte","13":"product_cat-ticket","14":"product_cat-veranstaltung","15":"product_tag-der-pinguin-meines-lebens","16":"product_tag-events","17":"product_tag-filmnaechte-scheibenholz","18":"product_tag-galopprennbahn-scheibenholz","19":"product_tag-kultur","20":"product_tag-leipzig","21":"product_tag-orte","22":"product_tag-scheibenholz-sommerkino","23":"product_tag-ticket","24":"product_tag-veranstaltung","25":"product_shipping_class-nur_paketversand","26":"pa_discount-kind","27":"pa_discount-normalpreis","28":"pa_preiskategorie-freie-platzwahl","30":"first","31":"instock","32":"taxable","33":"shipping-taxable","34":"purchasable","35":"product-type-variable","36":"has-default-attributes"},"group_of_quantity":0,"min_quantity":0,"max_quantity":"","exclude_order_quantity_value_rules":"no","exclude_category_quantity_rules":"no","combine_variations":"no","acf":[],"_links":{"self":[{"href":"https:\/\/arena-ticket.com\/en\/wp-json\/wp\/v2\/product\/42470","targetHints":{"allow":["GET"]}}],"collection":[{"href":"https:\/\/arena-ticket.com\/en\/wp-json\/wp\/v2\/product"}],"about":[{"href":"https:\/\/arena-ticket.com\/en\/wp-json\/wp\/v2\/types\/product"}],"wp:featuredmedia":[{"embeddable":true,"href":"https:\/\/arena-ticket.com\/en\/wp-json\/wp\/v2\/media\/42475"}],"wp:attachment":[{"href":"https:\/\/arena-ticket.com\/en\/wp-json\/wp\/v2\/media?parent=42470"}],"wp:term":[{"taxonomy":"product_brand","embeddable":true,"href":"https:\/\/arena-ticket.com\/en\/wp-json\/wp\/v2\/product_brand?post=42470"},{"taxonomy":"product_cat","embeddable":true,"href":"https:\/\/arena-ticket.com\/en\/wp-json\/wp\/v2\/product_cat?post=42470"},{"taxonomy":"product_tag","embeddable":true,"href":"https:\/\/arena-ticket.com\/en\/wp-json\/wp\/v2\/product_tag?post=42470"}],"curies":[{"name":"wp","href":"https:\/\/api.w.org\/{rel}","templated":true}]}}