{"id":42476,"date":"2025-06-05T15:16:21","date_gmt":"2025-06-05T13:16:21","guid":{"rendered":"https:\/\/arena-ticket.com\/?p=42476&#038;post_type=product&#038;preview_id=42476"},"modified":"2025-06-06T18:35:24","modified_gmt":"2025-06-06T16:35:24","slug":"filmnaechte-leipzig-der-brutalist-1930-uhr-einlass-leipzig-scheibenholz-sommerkino-12-08-2025-21-00-uhr","status":"publish","type":"product","link":"https:\/\/arena-ticket.com\/en\/product\/filmnaechte-leipzig-der-brutalist-1930-uhr-einlass-leipzig-scheibenholz-sommerkino-12-08-2025-21-00-uhr\/","title":{"rendered":"Der Brutalist - Scheibenholz Sommerkino"},"content":{"rendered":"<p>Nach dem Zweiten Weltkrieg wandert der j\u00fcdische Architekt L\u00e1szl\u00f3 T\u00f3th (Adrien Brody) in die USA aus, um ein neues Leben aufzubauen. Zun\u00e4chst findet er Unterschlupf bei seinem Cousin Attila (Alessandro Nivola) und arbeitet in dessen M\u00f6belgesch\u00e4ft. Als sie den Auftrag erhalten, die Bibliothek des m\u00e4chtigen Harrison Lee Van Buren (Guy Pearce) neu zu gestalten, wittert L\u00e1szl\u00f3 seine Chance. Doch der Plan scheitert, da der reiche Magnat nichts davon wei\u00df und die beiden hinauswirft. Attila schiebt L\u00e1szl\u00f3 die Schuld zu und setzt ihn auf die Stra\u00dfe, wo der Immigrant immer tiefer in seine Morphium-Sucht abrutscht. Der v\u00f6llige Absturz scheint unvermeidlich; der Traum, seine Frau Erzs\u00e9bet (Felicity Jones), von der er in den Wirren des Krieges getrennt wurde, nachzuholen, in weiter Ferne \u2013 bis er erneut Van Buren trifft. Dieser hat inzwischen von L\u00e1szl\u00f3s gro\u00dfen Namen als Architekt im alten Europa erfahren und bietet ihm an, ein einzigartiges, monumentales Projekt zu realisieren.<\/p>","protected":false},"excerpt":{"rendered":"<p>Der Brutalist - FSK 16 | 21:00 Uhr Beginn | 19:30 Uhr Einlass         <\/p>","protected":false},"featured_media":42479,"template":"","meta":{"_acf_changed":false,"inline_featured_image":false},"product_brand":[],"product_cat":[31,400,406,6768,922,86,35,21,58],"product_tag":[5801,941,3236,3347,951,943,944,3235,947,948],"class_list":{"0":"post-42476","1":"product","2":"type-product","3":"status-publish","4":"has-post-thumbnail","6":"product_cat-events","7":"product_cat-filmnaechte-scheibenholz","8":"product_cat-galopprennbahn-scheibenholz","9":"product_cat-kino","10":"product_cat-kultur","11":"product_cat-leipzig","12":"product_cat-orte","13":"product_cat-ticket","14":"product_cat-veranstaltung","15":"product_tag-der-brutalist","16":"product_tag-events","17":"product_tag-filmnaechte-scheibenholz","18":"product_tag-galopprennbahn-scheibenholz","19":"product_tag-kultur","20":"product_tag-leipzig","21":"product_tag-orte","22":"product_tag-scheibenholz-sommerkino","23":"product_tag-ticket","24":"product_tag-veranstaltung","25":"product_shipping_class-nur_paketversand","26":"pa_discount-kind","27":"pa_discount-normalpreis","28":"pa_preiskategorie-freie-platzwahl","30":"first","31":"instock","32":"taxable","33":"shipping-taxable","34":"purchasable","35":"product-type-variable","36":"has-default-attributes"},"group_of_quantity":0,"min_quantity":0,"max_quantity":"","exclude_order_quantity_value_rules":"no","exclude_category_quantity_rules":"no","combine_variations":"no","acf":[],"_links":{"self":[{"href":"https:\/\/arena-ticket.com\/en\/wp-json\/wp\/v2\/product\/42476","targetHints":{"allow":["GET"]}}],"collection":[{"href":"https:\/\/arena-ticket.com\/en\/wp-json\/wp\/v2\/product"}],"about":[{"href":"https:\/\/arena-ticket.com\/en\/wp-json\/wp\/v2\/types\/product"}],"wp:featuredmedia":[{"embeddable":true,"href":"https:\/\/arena-ticket.com\/en\/wp-json\/wp\/v2\/media\/42479"}],"wp:attachment":[{"href":"https:\/\/arena-ticket.com\/en\/wp-json\/wp\/v2\/media?parent=42476"}],"wp:term":[{"taxonomy":"product_brand","embeddable":true,"href":"https:\/\/arena-ticket.com\/en\/wp-json\/wp\/v2\/product_brand?post=42476"},{"taxonomy":"product_cat","embeddable":true,"href":"https:\/\/arena-ticket.com\/en\/wp-json\/wp\/v2\/product_cat?post=42476"},{"taxonomy":"product_tag","embeddable":true,"href":"https:\/\/arena-ticket.com\/en\/wp-json\/wp\/v2\/product_tag?post=42476"}],"curies":[{"name":"wp","href":"https:\/\/api.w.org\/{rel}","templated":true}]}}