{"id":42480,"date":"2025-06-05T15:21:46","date_gmt":"2025-06-05T13:21:46","guid":{"rendered":"https:\/\/arena-ticket.com\/?p=42480&#038;post_type=product&#038;preview_id=42480"},"modified":"2025-08-01T23:27:24","modified_gmt":"2025-08-01T21:27:24","slug":"katrin-bauerfeind-time-of-my-life-tour-dresden-filmtheater-schauburg-16-12-2025-2000-uhr","status":"publish","type":"product","link":"https:\/\/arena-ticket.com\/en\/product\/katrin-bauerfeind-time-of-my-life-tour-dresden-filmtheater-schauburg-16-12-2025-2000-uhr\/","title":{"rendered":"Katrin Bauerfeind  -  \"Time Of My Life\" Tour"},"content":{"rendered":"<p>&nbsp;<\/p>\n<p>Katrin Bauerfeind legt nach: 15 neue Termine mit der Comedienne und ihrem Stand-up-Comedy-Programm \u201eTime Of My Life\u201c! im Herbst 2025 Nachdem Katrin Bauerfeind mit ihrem Stand-up- Comedy-Programm \u201eTime Of My Life\u201c bereits im vergangenen Jahr abger\u00e4umt und weitere Live-Termine f\u00fcr diesen Juni angek\u00fcndigt hatte, kommen im Herbst 2025 noch einmal 15 neue Live-Shows in ganz Deutschland dazu. Bei \u201eTime Of My Life\u201d ist der Titel Programm: \u201eDie H\u00e4lfte ist rum. Rein statistisch. War das wom\u00f6glich schon die bessere H\u00e4lfte? Was kommt jetzt noch, au\u00dfer Wechseljahre, Altersarmut und Botox-Abos?\u201c, fragt sich Katrin Bauerfeind \u2013 und weiter: \u201eMarilyn Monroe war in meinem Alter schon tot, Angela Merkel immerhin Umweltministerin und ich bin jetzt gef\u00fchlt schon zu alt f\u00fcr TikTok. Mittlerweile sind Leute vollj\u00e4hrig, die am 11. September noch nicht geboren waren.\u201c \u201eAber noch ist nicht Feierabend, noch hab\u2018 ich Bock, noch steckt der rettende Strohhalm f\u00fcr mich in einem Gin Tonic. Es wird ein Stand-up-Abend, wo wir die Sau rauslassen (Ein bisschen nur, klar, nicht mehr so wie fr\u00fcher. Das schafft ja keiner mehr). Es wird wie bei Taylor Swift, nur ohne die Songs. Ein ganz privater R\u00e4umungsverkauf: Alles muss raus! Dieser Abend ist der Startschuss f\u00fcr die zweite H\u00e4lfte und wehe, das wird nicht die bessere...\u201c<\/p>","protected":false},"excerpt":{"rendered":"<p>Dieser Abend ist der Startschuss f\u00fcr die zweite H\u00e4lfte und wehe, das wird nicht die bessere...\u201c -\u00a0 Jetzt schon Tickets sichern!<\/p>","protected":false},"featured_media":42485,"template":"","meta":{"_acf_changed":false,"inline_featured_image":false},"product_brand":[],"product_cat":[6725,87,31,401,95,35,21,58],"product_tag":[5803,954,940,941,2783,5802,944,958,947,948],"class_list":{"0":"post-42480","1":"product","2":"type-product","3":"status-publish","4":"has-post-thumbnail","6":"product_cat-comedy","7":"product_cat-dresden","8":"product_cat-events","9":"product_cat-filmtheater-schauburg","10":"product_cat-humor","11":"product_cat-orte","12":"product_cat-ticket","13":"product_cat-veranstaltung","14":"product_tag-time-of-my-life-tour","15":"product_tag-comedy","16":"product_tag-dresden","17":"product_tag-events","18":"product_tag-filmtheater-schauburg","19":"product_tag-katrin-bauerfeind","20":"product_tag-orte","21":"product_tag-show","22":"product_tag-ticket","23":"product_tag-veranstaltung","24":"product_shipping_class-nur_paketversand","25":"pa_discount-normalpreis","26":"pa_preiskategorie-freie-platzwahl","28":"first","29":"instock","30":"taxable","31":"shipping-taxable","32":"purchasable","33":"product-type-variable"},"group_of_quantity":0,"min_quantity":0,"max_quantity":"","exclude_order_quantity_value_rules":"no","exclude_category_quantity_rules":"no","combine_variations":"no","acf":[],"_links":{"self":[{"href":"https:\/\/arena-ticket.com\/en\/wp-json\/wp\/v2\/product\/42480","targetHints":{"allow":["GET"]}}],"collection":[{"href":"https:\/\/arena-ticket.com\/en\/wp-json\/wp\/v2\/product"}],"about":[{"href":"https:\/\/arena-ticket.com\/en\/wp-json\/wp\/v2\/types\/product"}],"wp:featuredmedia":[{"embeddable":true,"href":"https:\/\/arena-ticket.com\/en\/wp-json\/wp\/v2\/media\/42485"}],"wp:attachment":[{"href":"https:\/\/arena-ticket.com\/en\/wp-json\/wp\/v2\/media?parent=42480"}],"wp:term":[{"taxonomy":"product_brand","embeddable":true,"href":"https:\/\/arena-ticket.com\/en\/wp-json\/wp\/v2\/product_brand?post=42480"},{"taxonomy":"product_cat","embeddable":true,"href":"https:\/\/arena-ticket.com\/en\/wp-json\/wp\/v2\/product_cat?post=42480"},{"taxonomy":"product_tag","embeddable":true,"href":"https:\/\/arena-ticket.com\/en\/wp-json\/wp\/v2\/product_tag?post=42480"}],"curies":[{"name":"wp","href":"https:\/\/api.w.org\/{rel}","templated":true}]}}