{"id":42482,"date":"2025-06-05T15:21:51","date_gmt":"2025-06-05T13:21:51","guid":{"rendered":"https:\/\/arena-ticket.com\/?p=42482&#038;post_type=product&#038;preview_id=42482"},"modified":"2025-06-06T18:35:23","modified_gmt":"2025-06-06T16:35:23","slug":"filmnaechte-leipzig-der-phoenizische-meisterstreich-1930-uhr-einlass-leipzig-scheibenholz-sommerkino-13-08-2025-21-00-uhr","status":"publish","type":"product","link":"https:\/\/arena-ticket.com\/en\/product\/filmnaechte-leipzig-der-phoenizische-meisterstreich-1930-uhr-einlass-leipzig-scheibenholz-sommerkino-13-08-2025-21-00-uhr\/","title":{"rendered":"Der ph\u00f6nizische Meisterstreich - Scheibenholz Sommerkino"},"content":{"rendered":"<p>Das traditionsreiche Unternehmen einer recht exzentrischen Familie wird in eine r\u00e4tselhafte Spionageaff\u00e4re verwickelt. Zsa-Zsa Korda (Benicio Del Toro), das \u00fcberaus charismatische Familienoberhaupt, \u00fcberlebt dabei mehrere Flugzeugabst\u00fcrze unter ungekl\u00e4rten Umst\u00e4nden. Die Hinweise verdichten sich schnell, dass es sich dabei nicht um Unf\u00e4lle, sondern tats\u00e4chlich um gezielte Angriffe handelt \u2013 offenbar mit dem Ziel, ihn und sein Lebenswerk zu zerst\u00f6ren. Innerhalb der Familie nehmen Spannungen immer weiter zu, Misstrauen breitet sich aus. Besonders das Verh\u00e4ltnis von Zsa-Zsa zu seiner Tochter Liesl (Mia Threapleton), die mittlerweile als Nonne in Abgeschiedenheit lebt, ist von Zerbrechlichkeit gepr\u00e4gt. Gemeinsam begeben sich Vater und Tochter trotzdem auf eine riskante Reise, bei der zahlreiche ungel\u00f6ste Konflikte zutage treten und langj\u00e4hrige Loyalit\u00e4ten auf eine harte Probe gestellt werden.<\/p>","protected":false},"excerpt":{"rendered":"<p>Der ph\u00f6nizische Meisterstreich - FSK 12 | 21:00 Uhr Beginn | 19:30 Uhr Einlass         <\/p>","protected":false},"featured_media":42488,"template":"","meta":{"_acf_changed":false,"inline_featured_image":false},"product_brand":[],"product_cat":[31,400,406,6768,922,86,35,21,58],"product_tag":[5804,941,3236,3347,951,943,944,3235,947,948],"class_list":{"0":"post-42482","1":"product","2":"type-product","3":"status-publish","4":"has-post-thumbnail","6":"product_cat-events","7":"product_cat-filmnaechte-scheibenholz","8":"product_cat-galopprennbahn-scheibenholz","9":"product_cat-kino","10":"product_cat-kultur","11":"product_cat-leipzig","12":"product_cat-orte","13":"product_cat-ticket","14":"product_cat-veranstaltung","15":"product_tag-der-phoenizische-meisterstreich","16":"product_tag-events","17":"product_tag-filmnaechte-scheibenholz","18":"product_tag-galopprennbahn-scheibenholz","19":"product_tag-kultur","20":"product_tag-leipzig","21":"product_tag-orte","22":"product_tag-scheibenholz-sommerkino","23":"product_tag-ticket","24":"product_tag-veranstaltung","25":"product_shipping_class-nur_paketversand","26":"pa_discount-kind","27":"pa_discount-normalpreis","28":"pa_preiskategorie-freie-platzwahl","30":"first","31":"instock","32":"taxable","33":"shipping-taxable","34":"purchasable","35":"product-type-variable","36":"has-default-attributes"},"group_of_quantity":0,"min_quantity":0,"max_quantity":"","exclude_order_quantity_value_rules":"no","exclude_category_quantity_rules":"no","combine_variations":"no","acf":[],"_links":{"self":[{"href":"https:\/\/arena-ticket.com\/en\/wp-json\/wp\/v2\/product\/42482","targetHints":{"allow":["GET"]}}],"collection":[{"href":"https:\/\/arena-ticket.com\/en\/wp-json\/wp\/v2\/product"}],"about":[{"href":"https:\/\/arena-ticket.com\/en\/wp-json\/wp\/v2\/types\/product"}],"wp:featuredmedia":[{"embeddable":true,"href":"https:\/\/arena-ticket.com\/en\/wp-json\/wp\/v2\/media\/42488"}],"wp:attachment":[{"href":"https:\/\/arena-ticket.com\/en\/wp-json\/wp\/v2\/media?parent=42482"}],"wp:term":[{"taxonomy":"product_brand","embeddable":true,"href":"https:\/\/arena-ticket.com\/en\/wp-json\/wp\/v2\/product_brand?post=42482"},{"taxonomy":"product_cat","embeddable":true,"href":"https:\/\/arena-ticket.com\/en\/wp-json\/wp\/v2\/product_cat?post=42482"},{"taxonomy":"product_tag","embeddable":true,"href":"https:\/\/arena-ticket.com\/en\/wp-json\/wp\/v2\/product_tag?post=42482"}],"curies":[{"name":"wp","href":"https:\/\/api.w.org\/{rel}","templated":true}]}}