{"id":42496,"date":"2025-06-05T15:40:17","date_gmt":"2025-06-05T13:40:17","guid":{"rendered":"https:\/\/arena-ticket.com\/?p=42496&#038;post_type=product&#038;preview_id=42496"},"modified":"2025-08-13T13:14:47","modified_gmt":"2025-08-13T11:14:47","slug":"filmnaechte-leipzig-soko-leipzig-1930-uhr-einlass-leipzig-scheibenholz-sommerkino-15-08-2025-21-00-uhr","status":"publish","type":"product","link":"https:\/\/arena-ticket.com\/en\/product\/filmnaechte-leipzig-soko-leipzig-1930-uhr-einlass-leipzig-scheibenholz-sommerkino-15-08-2025-21-00-uhr\/","title":{"rendered":"SOKO Leipzig - Scheibenholz Sommerkino"},"content":{"rendered":"<p>SOKO Leipzig Nacht 2025 \u2013 Zur\u00fcck auf gro\u00dfer Leinwand! <\/p>\n<p>Nach dem sensationellen Erfolg 2024 und einem ausverkauften Haus kehrt sie endlich zur\u00fcck: die SOKO Leipzig Nacht bei den Filmn\u00e4chten Leipzig! Die Fans haben gefragt \u2013 wir liefern! Auch in diesem Jahr d\u00fcrfen sich alle SOKO-Begeisterten auf ein echtes Highlight freuen: Der Hauptcast der beliebten Serie kommt erneut zusammen und bringt euch eine exklusive Preview mit \u2013 eine brandneue Folge, die vor TV-Ausstrahlung zum ersten Mal auf gro\u00dfer Leinwand gezeigt wird. <\/p>\n<p>Nat\u00fcrlich nehmen sich die Stars wieder Zeit f\u00fcr ihre Fans: Fotos, Autogramme und Fanfragen stehen auch diesmal auf dem Programm. Ein Abend voller G\u00e4nsehautmomente, spannender Einblicke und einzigartiger Erinnerungen wartet auf euch. <\/p>\n<p>Seid dabei, wenn SOKO Leipzig erneut Filmn\u00e4chte-Geschichte schreibt \u2013 wir freuen uns auf euch!<\/p>","protected":false},"excerpt":{"rendered":"<p>SOKO Leipzig  | 21:00 Uhr Beginn | 19:30 Uhr Einlass         <\/p>","protected":false},"featured_media":42500,"template":"","meta":{"_acf_changed":false,"inline_featured_image":false},"product_brand":[],"product_cat":[31,400,406,6768,922,86,35,21,58],"product_tag":[941,3236,3347,951,943,944,3235,3657,947,948],"class_list":{"0":"post-42496","1":"product","2":"type-product","3":"status-publish","4":"has-post-thumbnail","6":"product_cat-events","7":"product_cat-filmnaechte-scheibenholz","8":"product_cat-galopprennbahn-scheibenholz","9":"product_cat-kino","10":"product_cat-kultur","11":"product_cat-leipzig","12":"product_cat-orte","13":"product_cat-ticket","14":"product_cat-veranstaltung","15":"product_tag-events","16":"product_tag-filmnaechte-scheibenholz","17":"product_tag-galopprennbahn-scheibenholz","18":"product_tag-kultur","19":"product_tag-leipzig","20":"product_tag-orte","21":"product_tag-scheibenholz-sommerkino","22":"product_tag-soko-leipzig","23":"product_tag-ticket","24":"product_tag-veranstaltung","25":"product_shipping_class-nur_paketversand","26":"pa_discount-kind","27":"pa_discount-normalpreis","28":"pa_preiskategorie-freie-platzwahl","30":"first","31":"outofstock","32":"taxable","33":"shipping-taxable","34":"purchasable","35":"product-type-variable","36":"has-default-attributes"},"group_of_quantity":0,"min_quantity":0,"max_quantity":"","exclude_order_quantity_value_rules":"no","exclude_category_quantity_rules":"no","combine_variations":"no","acf":[],"_links":{"self":[{"href":"https:\/\/arena-ticket.com\/en\/wp-json\/wp\/v2\/product\/42496","targetHints":{"allow":["GET"]}}],"collection":[{"href":"https:\/\/arena-ticket.com\/en\/wp-json\/wp\/v2\/product"}],"about":[{"href":"https:\/\/arena-ticket.com\/en\/wp-json\/wp\/v2\/types\/product"}],"wp:featuredmedia":[{"embeddable":true,"href":"https:\/\/arena-ticket.com\/en\/wp-json\/wp\/v2\/media\/42500"}],"wp:attachment":[{"href":"https:\/\/arena-ticket.com\/en\/wp-json\/wp\/v2\/media?parent=42496"}],"wp:term":[{"taxonomy":"product_brand","embeddable":true,"href":"https:\/\/arena-ticket.com\/en\/wp-json\/wp\/v2\/product_brand?post=42496"},{"taxonomy":"product_cat","embeddable":true,"href":"https:\/\/arena-ticket.com\/en\/wp-json\/wp\/v2\/product_cat?post=42496"},{"taxonomy":"product_tag","embeddable":true,"href":"https:\/\/arena-ticket.com\/en\/wp-json\/wp\/v2\/product_tag?post=42496"}],"curies":[{"name":"wp","href":"https:\/\/api.w.org\/{rel}","templated":true}]}}