{"id":42501,"date":"2025-06-05T15:44:27","date_gmt":"2025-06-05T13:44:27","guid":{"rendered":"https:\/\/arena-ticket.com\/?p=42501&#038;post_type=product&#038;preview_id=42501"},"modified":"2025-06-06T18:35:19","modified_gmt":"2025-06-06T16:35:19","slug":"filmnaechte-leipzig-drachenzaehmen-leicht-gemacht-1930-uhr-einlass-leipzig-scheibenholz-sommerkino-16-08-2025-21-00-uhr","status":"publish","type":"product","link":"https:\/\/arena-ticket.com\/en\/product\/filmnaechte-leipzig-drachenzaehmen-leicht-gemacht-1930-uhr-einlass-leipzig-scheibenholz-sommerkino-16-08-2025-21-00-uhr\/","title":{"rendered":"Drachenz\u00e4hmen leicht gemacht - Scheibenholz Sommerkino"},"content":{"rendered":"<p>Als Sohn des H\u00e4uptlings hat es Hicks (Mason Thames) nicht leicht. W\u00e4hrend sein Vater Haudrauf (Gerard Butler) ein echter H\u00fcne ist, ist Hicks eher klein und schm\u00e4chtig. Statt mit Durchschlagskraft zu gl\u00e4nzen, hat Hicks daf\u00fcr andere Qualit\u00e4ten und kann gut taktieren und zeigt Mitgef\u00fchl. Dies wird in der Gemeinschaft von Berk jedoch mit Argwohn betrachtet. Im Stamm gibt es eine lange Tradition: Das Drachent\u00f6ten. Bei dem gef\u00e4hrlichen wie beliebten Hobby trennt sich die Spreu vom Weizen. Als Hicks eines Nachts den sagenumwobenen Nachtschatten vom Himmel holt, will sich Hicks vergewissern, dass der Drache auch wirklich tot ist. Bei ihrer ersten Begegnung passiert jedoch etwas Wundersames: Statt eine Bestie anzutreffen, entwickeln Hicks und der Drache ein besonderes Vertrauen zueinander. Es ist der Startschuss f\u00fcr die gro\u00dfen Abenteuer von Hicks und dem Drachen Ohnezahn.<\/p>","protected":false},"excerpt":{"rendered":"<p>Drachenz\u00e4hmen leicht gemacht | FSK 6  | 21:00 Uhr Beginn | 19:30 Uhr Einlass         <\/p>","protected":false},"featured_media":42507,"template":"","meta":{"_acf_changed":false,"inline_featured_image":false},"product_brand":[],"product_cat":[31,400,406,6768,922,86,35,21,58],"product_tag":[5807,941,3236,3347,951,943,944,3235,947,948],"class_list":{"0":"post-42501","1":"product","2":"type-product","3":"status-publish","4":"has-post-thumbnail","6":"product_cat-events","7":"product_cat-filmnaechte-scheibenholz","8":"product_cat-galopprennbahn-scheibenholz","9":"product_cat-kino","10":"product_cat-kultur","11":"product_cat-leipzig","12":"product_cat-orte","13":"product_cat-ticket","14":"product_cat-veranstaltung","15":"product_tag-drachenzaehmen-leicht-gemacht","16":"product_tag-events","17":"product_tag-filmnaechte-scheibenholz","18":"product_tag-galopprennbahn-scheibenholz","19":"product_tag-kultur","20":"product_tag-leipzig","21":"product_tag-orte","22":"product_tag-scheibenholz-sommerkino","23":"product_tag-ticket","24":"product_tag-veranstaltung","25":"product_shipping_class-nur_paketversand","26":"pa_discount-kind","27":"pa_discount-normalpreis","28":"pa_preiskategorie-freie-platzwahl","30":"first","31":"instock","32":"taxable","33":"shipping-taxable","34":"purchasable","35":"product-type-variable","36":"has-default-attributes"},"group_of_quantity":0,"min_quantity":0,"max_quantity":"","exclude_order_quantity_value_rules":"no","exclude_category_quantity_rules":"no","combine_variations":"no","acf":[],"_links":{"self":[{"href":"https:\/\/arena-ticket.com\/en\/wp-json\/wp\/v2\/product\/42501","targetHints":{"allow":["GET"]}}],"collection":[{"href":"https:\/\/arena-ticket.com\/en\/wp-json\/wp\/v2\/product"}],"about":[{"href":"https:\/\/arena-ticket.com\/en\/wp-json\/wp\/v2\/types\/product"}],"wp:featuredmedia":[{"embeddable":true,"href":"https:\/\/arena-ticket.com\/en\/wp-json\/wp\/v2\/media\/42507"}],"wp:attachment":[{"href":"https:\/\/arena-ticket.com\/en\/wp-json\/wp\/v2\/media?parent=42501"}],"wp:term":[{"taxonomy":"product_brand","embeddable":true,"href":"https:\/\/arena-ticket.com\/en\/wp-json\/wp\/v2\/product_brand?post=42501"},{"taxonomy":"product_cat","embeddable":true,"href":"https:\/\/arena-ticket.com\/en\/wp-json\/wp\/v2\/product_cat?post=42501"},{"taxonomy":"product_tag","embeddable":true,"href":"https:\/\/arena-ticket.com\/en\/wp-json\/wp\/v2\/product_tag?post=42501"}],"curies":[{"name":"wp","href":"https:\/\/api.w.org\/{rel}","templated":true}]}}