{"id":42508,"date":"2025-06-05T15:56:13","date_gmt":"2025-06-05T13:56:13","guid":{"rendered":"https:\/\/arena-ticket.com\/?p=42508&#038;post_type=product&#038;preview_id=42508"},"modified":"2025-08-16T10:08:56","modified_gmt":"2025-08-16T08:08:56","slug":"filmnaechte-leipzig-mamma-mia-der-film-1930-uhr-einlass-leipzig-scheibenholz-sommerkino-17-08-2025-21-00-uhr","status":"publish","type":"product","link":"https:\/\/arena-ticket.com\/en\/product\/filmnaechte-leipzig-mamma-mia-der-film-1930-uhr-einlass-leipzig-scheibenholz-sommerkino-17-08-2025-21-00-uhr\/","title":{"rendered":"Mamma Mia! Der Film - Scheibenholz Sommerkino"},"content":{"rendered":"<p>Sophie (Amanda Seyfried) und Sky (Dominic Cooper) wollen heiraten, doch vorher m\u00f6chte die Braut endlich ihren Vater kennenlernen. Sie liest die alten Tageb\u00fccher ihrer Mutter Donna (Meryl Streep), die auf der griechischen Insel Kalokairi ein kleines Hotel f\u00fchrt. Drei potentielle Erzeuger findet Sophie dabei heraus: den Gesch\u00e4ftsmann Sam Carmichael (Pierce Brosnan), den Banker Harry Bright (Colin Firth) und den Abenteurer Bill Anderson (Stellan Skarsgard). Um festzustellen, wer von den gestandenen M\u00e4nnern nun wirklich ihr Vater ist, l\u00e4dt Sophie sie einfach alle zu ihrem Ehrentag ein. Allerlei am\u00fcsante Verwechslungsspiele nehmen ihren Lauf, l\u00e4ngst erloschen geglaubte Gef\u00fchle kommen wieder hoch.<\/p>","protected":false},"excerpt":{"rendered":"<p>Mamma Mia! Der Film | FSK 0  | 21:00 Uhr Beginn | 19:30 Uhr Einlass         <\/p>","protected":false},"featured_media":42511,"template":"","meta":{"_acf_changed":false,"inline_featured_image":false},"product_brand":[],"product_cat":[31,400,406,6768,922,86,35,21,58],"product_tag":[941,3236,3347,951,943,5808,944,3235,947,948],"class_list":{"0":"post-42508","1":"product","2":"type-product","3":"status-publish","4":"has-post-thumbnail","6":"product_cat-events","7":"product_cat-filmnaechte-scheibenholz","8":"product_cat-galopprennbahn-scheibenholz","9":"product_cat-kino","10":"product_cat-kultur","11":"product_cat-leipzig","12":"product_cat-orte","13":"product_cat-ticket","14":"product_cat-veranstaltung","15":"product_tag-events","16":"product_tag-filmnaechte-scheibenholz","17":"product_tag-galopprennbahn-scheibenholz","18":"product_tag-kultur","19":"product_tag-leipzig","20":"product_tag-mamma-mia-der-film","21":"product_tag-orte","22":"product_tag-scheibenholz-sommerkino","23":"product_tag-ticket","24":"product_tag-veranstaltung","25":"product_shipping_class-nur_paketversand","26":"pa_discount-kind","27":"pa_discount-normalpreis","28":"pa_preiskategorie-freie-platzwahl","30":"first","31":"outofstock","32":"taxable","33":"shipping-taxable","34":"purchasable","35":"product-type-variable","36":"has-default-attributes"},"group_of_quantity":0,"min_quantity":0,"max_quantity":"","exclude_order_quantity_value_rules":"no","exclude_category_quantity_rules":"no","combine_variations":"no","acf":[],"_links":{"self":[{"href":"https:\/\/arena-ticket.com\/en\/wp-json\/wp\/v2\/product\/42508","targetHints":{"allow":["GET"]}}],"collection":[{"href":"https:\/\/arena-ticket.com\/en\/wp-json\/wp\/v2\/product"}],"about":[{"href":"https:\/\/arena-ticket.com\/en\/wp-json\/wp\/v2\/types\/product"}],"wp:featuredmedia":[{"embeddable":true,"href":"https:\/\/arena-ticket.com\/en\/wp-json\/wp\/v2\/media\/42511"}],"wp:attachment":[{"href":"https:\/\/arena-ticket.com\/en\/wp-json\/wp\/v2\/media?parent=42508"}],"wp:term":[{"taxonomy":"product_brand","embeddable":true,"href":"https:\/\/arena-ticket.com\/en\/wp-json\/wp\/v2\/product_brand?post=42508"},{"taxonomy":"product_cat","embeddable":true,"href":"https:\/\/arena-ticket.com\/en\/wp-json\/wp\/v2\/product_cat?post=42508"},{"taxonomy":"product_tag","embeddable":true,"href":"https:\/\/arena-ticket.com\/en\/wp-json\/wp\/v2\/product_tag?post=42508"}],"curies":[{"name":"wp","href":"https:\/\/api.w.org\/{rel}","templated":true}]}}