{"id":42525,"date":"2025-06-06T16:19:07","date_gmt":"2025-06-06T14:19:07","guid":{"rendered":"https:\/\/arena-ticket.com\/erima-gfl-bowl-2025-american-football-endspiel-um-die-deutsche-meisterschaft-dresden-rudolf-harbig-stadion-11-10-2025-1700-uhr\/"},"modified":"2025-09-18T09:47:22","modified_gmt":"2025-09-18T07:47:22","slug":"erima-gfl-bowl-2025-american-football-endspiel-um-die-deutsche-meisterschaft-dresden-rudolf-harbig-stadion-11-10-2025-1700-uhr","status":"publish","type":"product","link":"https:\/\/arena-ticket.com\/en\/product\/erima-gfl-bowl-2025-american-football-endspiel-um-die-deutsche-meisterschaft-dresden-rudolf-harbig-stadion-11-10-2025-1700-uhr\/","title":{"rendered":"ERIMA GFL Bowl 2025  - American Football \/ Endspiel um die Deutsche Meisterschaft"},"content":{"rendered":"<p>F\u00fcr Kinder bis 6 Jahre ist der Eintritt frei ohne Sitzplatzanspruch.<br \/>\nDer erm\u00e4\u00dfigte Ticketpreis ist g\u00fcltig f\u00fcr Kinder bis 16 Jahre, Sch\u00fcler, Studenten, Rentner und Menschen mit Behinderung (Kopien der Ausweise erforderlich).<\/p>\n<p>&nbsp;<\/p>\n<p>Der 46. deutsche Meister im American Football wird am 11. Oktober 2025 im Rudolf-Harbig-Stadion in Dresden gek\u00fcrt.<\/p>\n<p>Ein Wochenende voller Football Action wird Fans aus ganz Europa zur Power Party auf dem Stadiongel\u00e4nde und zum ultimativen Duell der beiden Top-Teams der ERIMA GFL nach Dresden str\u00f6men lassen.<\/p>\n<p>Der bedeutendste Festtag des deutschen American Football wurde bereits zweimal in Essen gefeiert. Nach der erfolgreichen Premiere im Jahr 2023 und einer ebenso gelungenen Fortsetzung in 2024 hat der AFVD beschlossen, den Austragungsort zu wechseln. Im kommenden Jahr wird das Event erstmals in Dresden stattfinden, wo Fans eine neue Kulisse und eine frische Atmosph\u00e4re erwartet. Denn das Stadion bietet f\u00fcr ein Football Event die besten Rahmenbedingungen: viel Platz f\u00fcr die Power-Party und kurze Wege, eine gute Anbindung und mit knapp 21.000 Sitzpl\u00e4tzen die ausreichende Kapazit\u00e4t.<\/p>\n<p>Neben dem sportlichen High-Light wird es im Rudolf-Harbig-Stadion in Dresden am 11. Oktober 2025 wieder ein gro\u00dfes Rahmenprogramm geben.<\/p>","protected":false},"excerpt":{"rendered":"<p>Der 46. deutsche Meister im American Football wird am 11. Oktober 2025 im Rudolf-Harbig-Stadion in Dresden gek\u00fcrt.<\/p>","protected":false},"featured_media":49211,"template":"","meta":{"_acf_changed":false,"inline_featured_image":false},"product_brand":[],"product_cat":[6759,87,31,35,484,32,21,58],"product_tag":[5814,940,5813,941,944,5018,5642,947,976],"class_list":{"0":"post-42525","1":"product","2":"type-product","3":"status-publish","4":"has-post-thumbnail","6":"product_cat-american-football","7":"product_cat-dresden","8":"product_cat-events","9":"product_cat-orte","10":"product_cat-rudolf-harbig-stadion","11":"product_cat-sport","12":"product_cat-ticket","13":"product_cat-veranstaltung","14":"product_tag-american-football-endspiel-um-die-deutsche-meisterschaft","15":"product_tag-dresden","16":"product_tag-erima-gfl-bowl-2025","17":"product_tag-events","18":"product_tag-orte","19":"product_tag-rudolf-harbig-stadion","20":"product_tag-sport","21":"product_tag-ticket","22":"product_tag-unkategorisiert","23":"product_shipping_class-nur_paketversand","24":"pa_discount-ermaessigt","25":"pa_discount-normalpreis","26":"pa_preiskategorie-pk-i","27":"pa_preiskategorie-pk-ii","28":"pa_preiskategorie-pk-iii","30":"first","31":"instock","32":"taxable","33":"shipping-taxable","34":"purchasable","35":"product-type-variable"},"group_of_quantity":0,"min_quantity":0,"max_quantity":"","exclude_order_quantity_value_rules":"no","exclude_category_quantity_rules":"no","combine_variations":"no","acf":[],"_links":{"self":[{"href":"https:\/\/arena-ticket.com\/en\/wp-json\/wp\/v2\/product\/42525","targetHints":{"allow":["GET"]}}],"collection":[{"href":"https:\/\/arena-ticket.com\/en\/wp-json\/wp\/v2\/product"}],"about":[{"href":"https:\/\/arena-ticket.com\/en\/wp-json\/wp\/v2\/types\/product"}],"wp:featuredmedia":[{"embeddable":true,"href":"https:\/\/arena-ticket.com\/en\/wp-json\/wp\/v2\/media\/49211"}],"wp:attachment":[{"href":"https:\/\/arena-ticket.com\/en\/wp-json\/wp\/v2\/media?parent=42525"}],"wp:term":[{"taxonomy":"product_brand","embeddable":true,"href":"https:\/\/arena-ticket.com\/en\/wp-json\/wp\/v2\/product_brand?post=42525"},{"taxonomy":"product_cat","embeddable":true,"href":"https:\/\/arena-ticket.com\/en\/wp-json\/wp\/v2\/product_cat?post=42525"},{"taxonomy":"product_tag","embeddable":true,"href":"https:\/\/arena-ticket.com\/en\/wp-json\/wp\/v2\/product_tag?post=42525"}],"curies":[{"name":"wp","href":"https:\/\/api.w.org\/{rel}","templated":true}]}}