{"id":42526,"date":"2025-06-06T16:19:08","date_gmt":"2025-06-06T14:19:08","guid":{"rendered":"https:\/\/arena-ticket.com\/20-jahre-sebastian-fitzek-die-einmalige-jubilaeumsshow-waldbuehne-berlin-08-08-2026-2003-uhr\/"},"modified":"2026-02-23T13:09:13","modified_gmt":"2026-02-23T12:09:13","slug":"20-jahre-sebastian-fitzek-die-einmalige-jubilaeumsshow-waldbuehne-berlin-08-08-2026-2003-uhr","status":"publish","type":"product","link":"https:\/\/arena-ticket.com\/en\/product\/20-jahre-sebastian-fitzek-die-einmalige-jubilaeumsshow-waldbuehne-berlin-08-08-2026-2003-uhr\/","title":{"rendered":"20 Jahre Sebastian Fitzek  - Die einmalige Jubil\u00e4umsshow"},"content":{"rendered":"<p>Innerhalb von wenigen Tagen haben fast 15.000 Fans Tickets f\u00fcr den gro\u00dfen Jubil\u00e4ums-Event von Sebastian Fitzek erworben.<\/p>\n<p>Sebastian Fitzek in der legend\u00e4ren Waldb\u00fchne ist ein ganz besonderes Ereignis: 2026 feiert er sein 20-j\u00e4hrigen Jubil\u00e4um als Buchautor. Die Besucher erwartet eine B\u00fchnenshow unter freiem Himmel, die so viele Seiten hat, wie der erfolgreichste Autor Deutschlands selbst. Fitzek erz\u00e4hlt die Geschichten hinter dem Erfolg, teilt pers\u00f6nliche Erlebnisse und holt Menschen auf die B\u00fchne, die seine Karriere mitgepr\u00e4gt haben. Dazu kommen Stars, Musik und eine exklusive Lesung, die es nur an diesem Abend geben wird.<\/p>\n<p>Und es wird ein Erlebnis f\u00fcr alle, denn Sebastian wird nicht nur auf der Hauptb\u00fchne agieren, sondern zeitweise mitten im Publikum zu erleben sein, hautnah und spektakul\u00e4r.<\/p>\n<p>\"20 Jahre Sebastian Fitzek\" ist mehr als eine Jubil\u00e4umsveranstaltung! Diese Show wird ein Fest f\u00fcr alle, die B\u00fccher lieben!<\/p>\n<p>2 Jahrzehnte, 1000 Geschichten, ein unvergesslicher Abend und das Allerwichtigste im Mittelpunkt: Fitzeks Leserinnen und Leser!<\/p>","protected":false},"excerpt":{"rendered":"<p>Sebastian Fitzek l\u00e4dt zu einem ganz besonderen Live-Ereignis: seinem 20-j\u00e4hrigen Jubil\u00e4um als Buchautor!<\/p>","protected":false},"featured_media":64611,"template":"","meta":{"_acf_changed":false,"inline_featured_image":false},"product_brand":[],"product_cat":[315,31,922,6764,35,21,58,510],"product_tag":[5772,1332,5773,941,951,1691,944,947,976,948,5236,5237],"class_list":{"0":"post-42526","1":"product","2":"type-product","3":"status-publish","4":"has-post-thumbnail","6":"product_cat-berlin","7":"product_cat-events","8":"product_cat-kultur","9":"product_cat-lesung","10":"product_cat-orte","11":"product_cat-ticket","12":"product_cat-veranstaltung","13":"product_cat-waldbuehne","14":"product_tag-20-jahre-sebastian-fitzek","15":"product_tag-berlin","16":"product_tag-die-einmalige-jubilaeumsshow","17":"product_tag-events","18":"product_tag-kultur","19":"product_tag-lesung","20":"product_tag-orte","21":"product_tag-ticket","22":"product_tag-unkategorisiert","23":"product_tag-veranstaltung","24":"product_tag-waldbuehne","25":"product_tag-waldbuehne-berlin","26":"product_shipping_class-nur_paketversand","27":"pa_discount-normalpreis","28":"pa_preiskategorie-pk-i","29":"pa_preiskategorie-pk-ii","30":"pa_preiskategorie-pk-iii","31":"pa_preiskategorie-pk-iv","32":"pa_preiskategorie-pk-v","34":"first","35":"instock","36":"taxable","37":"shipping-taxable","38":"purchasable","39":"product-type-variable"},"group_of_quantity":0,"min_quantity":0,"max_quantity":"","exclude_order_quantity_value_rules":"no","exclude_category_quantity_rules":"no","combine_variations":"no","acf":[],"_links":{"self":[{"href":"https:\/\/arena-ticket.com\/en\/wp-json\/wp\/v2\/product\/42526","targetHints":{"allow":["GET"]}}],"collection":[{"href":"https:\/\/arena-ticket.com\/en\/wp-json\/wp\/v2\/product"}],"about":[{"href":"https:\/\/arena-ticket.com\/en\/wp-json\/wp\/v2\/types\/product"}],"wp:featuredmedia":[{"embeddable":true,"href":"https:\/\/arena-ticket.com\/en\/wp-json\/wp\/v2\/media\/64611"}],"wp:attachment":[{"href":"https:\/\/arena-ticket.com\/en\/wp-json\/wp\/v2\/media?parent=42526"}],"wp:term":[{"taxonomy":"product_brand","embeddable":true,"href":"https:\/\/arena-ticket.com\/en\/wp-json\/wp\/v2\/product_brand?post=42526"},{"taxonomy":"product_cat","embeddable":true,"href":"https:\/\/arena-ticket.com\/en\/wp-json\/wp\/v2\/product_cat?post=42526"},{"taxonomy":"product_tag","embeddable":true,"href":"https:\/\/arena-ticket.com\/en\/wp-json\/wp\/v2\/product_tag?post=42526"}],"curies":[{"name":"wp","href":"https:\/\/api.w.org\/{rel}","templated":true}]}}